{"id":1004,"date":"2025-08-31T20:14:00","date_gmt":"2025-08-31T20:14:00","guid":{"rendered":"https:\/\/voyaphil.com\/?page_id=1004"},"modified":"2025-12-05T18:59:48","modified_gmt":"2025-12-05T18:59:48","slug":"new-delhi","status":"publish","type":"page","link":"https:\/\/voyaphil.com\/en\/new-delhi\/","title":{"rendered":"New Delhi"},"content":{"rendered":"<p>[et_pb_section fb_built=\u00a0\u00bb1&Prime; _builder_version=\u00a0\u00bb4.27.4&Prime; _module_preset=\u00a0\u00bbdefault\u00a0\u00bb background_image=\u00a0\u00bbhttps:\/\/voyaphil.com\/wp-content\/uploads\/2025\/08\/Ville-de-New-Delhi.webp\u00a0\u00bb global_colors_info=\u00a0\u00bb{}\u00a0\u00bb][et_pb_row column_structure=\u00a0\u00bb1_2,1_2&Prime; _builder_version=\u00a0\u00bb4.27.4&Prime; _module_preset=\u00a0\u00bbdefault\u00a0\u00bb global_colors_info=\u00a0\u00bb{}\u00a0\u00bb][et_pb_column type=\u00a0\u00bb1_2&Prime; _builder_version=\u00a0\u00bb4.27.4&Prime; _module_preset=\u00a0\u00bbdefault\u00a0\u00bb global_colors_info=\u00a0\u00bb{}\u00a0\u00bb][et_pb_heading title=\u00a0\u00bbNew Delhi\u00a0\u00bb _builder_version=\u00a0\u00bb4.27.4&Prime; _module_preset=\u00a0\u00bbdefault\u00a0\u00bb title_font=\u00a0\u00bbPlayfair Display||||||||\u00a0\u00bb title_text_align=\u00a0\u00bbright\u00a0\u00bb title_text_color=\u00a0\u00bb#FFFFFF\u00a0\u00bb title_text_shadow_style=\u00a0\u00bbpreset2&Prime; global_colors_info=\u00a0\u00bb{}\u00a0\u00bb][\/et_pb_heading][\/et_pb_column][et_pb_column type=\u00a0\u00bb1_2&Prime; _builder_version=\u00a0\u00bb4.27.4&Prime; _module_preset=\u00a0\u00bbdefault\u00a0\u00bb global_colors_info=\u00a0\u00bb{}\u00a0\u00bb][et_pb_image src=\u00a0\u00bbhttps:\/\/voyaphil.com\/wp-content\/uploads\/2025\/08\/india.gif\u00a0\u00bb title_text=\u00a0\u00bbindia\u00a0\u00bb _builder_version=\u00a0\u00bb4.27.4&Prime; _module_preset=\u00a0\u00bbdefault\u00a0\u00bb global_colors_info=\u00a0\u00bb{}\u00a0\u00bb][\/et_pb_image][\/et_pb_column][\/et_pb_row][et_pb_row _builder_version=\u00a0\u00bb4.27.4&Prime; _module_preset=\u00a0\u00bbdefault\u00a0\u00bb global_colors_info=\u00a0\u00bb{}\u00a0\u00bb][et_pb_column type=\u00a0\u00bb4_4&Prime; _builder_version=\u00a0\u00bb4.27.4&Prime; _module_preset=\u00a0\u00bbdefault\u00a0\u00bb global_colors_info=\u00a0\u00bb{}\u00a0\u00bb][et_pb_heading title=\u00a0\u00bbBienvenue \u00e0 New Delhi\u00a0\u00bb _builder_version=\u00a0\u00bb4.27.4&Prime; _module_preset=\u00a0\u00bbdefault\u00a0\u00bb title_level=\u00a0\u00bbh2&Prime; title_font=\u00a0\u00bbPlayfair Display||||||||\u00a0\u00bb title_text_align=\u00a0\u00bbcenter\u00a0\u00bb title_text_color=\u00a0\u00bb#FFFFFF\u00a0\u00bb title_text_shadow_style=\u00a0\u00bbpreset2&Prime; global_colors_info=\u00a0\u00bb{}\u00a0\u00bb][\/et_pb_heading][\/et_pb_column][\/et_pb_row][\/et_pb_section][et_pb_section fb_built=\u00a0\u00bb1&Prime; _builder_version=\u00a0\u00bb4.27.4&Prime; _module_preset=\u00a0\u00bbdefault\u00a0\u00bb custom_padding=\u00a0\u00bb||10px|||\u00a0\u00bb global_colors_info=\u00a0\u00bb{}\u00a0\u00bb][et_pb_row column_structure=\u00a0\u00bb1_2,1_2&Prime; _builder_version=\u00a0\u00bb4.27.4&Prime; _module_preset=\u00a0\u00bbdefault\u00a0\u00bb global_colors_info=\u00a0\u00bb{}\u00a0\u00bb][et_pb_column type=\u00a0\u00bb1_2&Prime; _builder_version=\u00a0\u00bb4.27.4&Prime; _module_preset=\u00a0\u00bbdefault\u00a0\u00bb global_colors_info=\u00a0\u00bb{}\u00a0\u00bb][et_pb_text _builder_version=\u00a0\u00bb4.27.4&Prime; _module_preset=\u00a0\u00bbdefault\u00a0\u00bb text_orientation=\u00a0\u00bbjustified\u00a0\u00bb global_colors_info=\u00a0\u00bb{}\u00a0\u00bb]<\/p>\n<p><b>New Delhi, \u00e9galement appel\u00e9e Delhi par les locaux, a \u00e9t\u00e9 visit\u00e9e en plein c\u0153ur de la saison des pluies. New Delhi tire son nom de la colonisation britannique et a \u00e9t\u00e9 construite au sud de la vieille ville de Delhi, devenant la capitale de l&rsquo;Empire britannique des Indes en 1911. En 1947, l&rsquo;Inde ind\u00e9pendante confirme New Delhi comme capitale. C&rsquo;est une ville \u00e0 la population tr\u00e8s dense et \u00e0 l&rsquo;agitation constante, o\u00f9 des v\u00e9hicules de toutes sortes circulent, rythm\u00e9s par le vacarme incessant des klaxons (comme d&rsquo;ailleurs dans tout le reste de l&rsquo;Inde).<\/b><\/p>\n<div>\n<p><b>Le quartier le plus calme reste celui des minist\u00e8res et du palais pr\u00e9sidentiel, d&rsquo;o\u00f9 d\u00e9marre une impressionnante avenue que les Hindous comparent \u00e0 notre c\u00e9l\u00e8bre avenue des Champs-\u00c9lys\u00e9es, car au bout de cette avenue tr\u00f4ne majestueusement un arc de triomphe au pied duquel se dresse la tombe du Soldat inconnu.<\/b><\/p>\n<div><b>\u00c0 Delhi, le Temple Akshardham est un joyau \u00e0 ne pas manquer, tellement il est magnifique et majestueux. Sa visite est gratuite, mais malheureusement, toute photographie est interdite. Comme toute entr\u00e9e dans n&rsquo;importe quel temple en Inde, vous d\u00e9poserez vos chaussures dans une consigne, mais ici \u00e9galement tous les effets personnels et malheureusement votre appareil photo.<\/b><\/div>\n<\/div>\n<p>[\/et_pb_text][\/et_pb_column][et_pb_column type=\u00a0\u00bb1_2&Prime; _builder_version=\u00a0\u00bb4.27.4&Prime; _module_preset=\u00a0\u00bbdefault\u00a0\u00bb global_colors_info=\u00a0\u00bb{}\u00a0\u00bb][et_pb_code _builder_version=\u00a0\u00bb4.27.4&Prime; _module_preset=\u00a0\u00bbdefault\u00a0\u00bb global_colors_info=\u00a0\u00bb{}\u00a0\u00bb]<iframe src=\"https:\/\/www.google.com\/maps\/embed?pb=!1m18!1m12!1m3!1d224346.5400300757!2d77.04418077547362!3d28.5272527476401!2m3!1f0!2f0!3f0!3m2!1i1024!2i768!4f13.1!3m3!1m2!1s0x390cfd5b347eb62d%3A0x52c2b7494e204dce!2sNew%20Delhi%2C%20Delhi%2C%20Inde!5e0!3m2!1sfr!2sfr!4v1756669921258!5m2!1sfr!2sfr\" width=\"600\" height=\"450\" style=\"border:0;\" allowfullscreen=\"\" loading=\"lazy\" referrerpolicy=\"no-referrer-when-downgrade\"><\/iframe>[\/et_pb_code][\/et_pb_column][\/et_pb_row][\/et_pb_section][et_pb_section fb_built=\u00a0\u00bb1&Prime; _builder_version=\u00a0\u00bb4.27.4&Prime; _module_preset=\u00a0\u00bbdefault\u00a0\u00bb custom_padding=\u00a0\u00bb10px||12px|||\u00a0\u00bb global_colors_info=\u00a0\u00bb{}\u00a0\u00bb][et_pb_row _builder_version=\u00a0\u00bb4.27.4&Prime; _module_preset=\u00a0\u00bbdefault\u00a0\u00bb custom_padding=\u00a0\u00bb||9px|||\u00a0\u00bb global_colors_info=\u00a0\u00bb{}\u00a0\u00bb][et_pb_column type=\u00a0\u00bb4_4&Prime; _builder_version=\u00a0\u00bb4.27.4&Prime; _module_preset=\u00a0\u00bbdefault\u00a0\u00bb global_colors_info=\u00a0\u00bb{}\u00a0\u00bb][et_pb_divider divider_weight=\u00a0\u00bb4px\u00a0\u00bb _builder_version=\u00a0\u00bb4.27.4&Prime; _module_preset=\u00a0\u00bbdefault\u00a0\u00bb global_colors_info=\u00a0\u00bb{}\u00a0\u00bb][\/et_pb_divider][\/et_pb_column][\/et_pb_row][\/et_pb_section][et_pb_section fb_built=\u00a0\u00bb1&Prime; _builder_version=\u00a0\u00bb4.27.4&Prime; _module_preset=\u00a0\u00bbdefault\u00a0\u00bb custom_padding=\u00a0\u00bb||8px|||\u00a0\u00bb global_colors_info=\u00a0\u00bb{}\u00a0\u00bb][et_pb_row column_structure=\u00a0\u00bb1_4,3_4&Prime; _builder_version=\u00a0\u00bb4.27.4&Prime; _module_preset=\u00a0\u00bbdefault\u00a0\u00bb global_colors_info=\u00a0\u00bb{}\u00a0\u00bb][et_pb_column type=\u00a0\u00bb1_4&Prime; _builder_version=\u00a0\u00bb4.27.4&Prime; _module_preset=\u00a0\u00bbdefault\u00a0\u00bb global_colors_info=\u00a0\u00bb{}\u00a0\u00bb][et_pb_image src=\u00a0\u00bbhttps:\/\/voyaphil.com\/wp-content\/uploads\/2025\/08\/Randonneur.gif\u00a0\u00bb title_text=\u00a0\u00bbRandonneur\u00a0\u00bb align=\u00a0\u00bbcenter\u00a0\u00bb _builder_version=\u00a0\u00bb4.27.4&Prime; _module_preset=\u00a0\u00bbdefault\u00a0\u00bb global_colors_info=\u00a0\u00bb{}\u00a0\u00bb][\/et_pb_image][\/et_pb_column][et_pb_column type=\u00a0\u00bb3_4&Prime; _builder_version=\u00a0\u00bb4.27.4&Prime; _module_preset=\u00a0\u00bbdefault\u00a0\u00bb global_colors_info=\u00a0\u00bb{}\u00a0\u00bb][et_pb_heading title=\u00a0\u00bb\u00c0 voir et \u00e0 faire \u00e0 New Delhi\u00a0\u00bb _builder_version=\u00a0\u00bb4.27.4&Prime; _module_preset=\u00a0\u00bbdefault\u00a0\u00bb title_level=\u00a0\u00bbh3&Prime; title_font=\u00a0\u00bbPlayfair Display||||||||\u00a0\u00bb global_colors_info=\u00a0\u00bb{}\u00a0\u00bb][\/et_pb_heading][et_pb_text _builder_version=\u00a0\u00bb4.27.4&Prime; _module_preset=\u00a0\u00bbdefault\u00a0\u00bb global_colors_info=\u00a0\u00bb{}\u00a0\u00bb]<\/p>\n<p><!--StartFragment --><\/p>\n<p>\ud83d\udd4c <span style=\"color: #3366ff;\"><em><strong>Monuments et patrimoine<\/strong><\/em><\/span><\/p>\n<ul>\n<li><strong>Fort Rouge<\/strong> : Forteresse moghole embl\u00e9matique en gr\u00e8s rouge, t\u00e9moin de l\u2019histoire imp\u00e9riale.<\/li>\n<li><strong>Tombeau de Humayun<\/strong> : Mausol\u00e9e majestueux entour\u00e9 de jardins persans, pr\u00e9curseur du Taj Mahal.<\/li>\n<li><strong>Jama Masjid<\/strong> : Grande mosqu\u00e9e du XVIIe si\u00e8cle, avec vue panoramique depuis ses minarets.<\/li>\n<li><strong>Porte de l\u2019Inde<\/strong> : Arc de triomphe d\u00e9di\u00e9 aux soldats indiens, lieu de promenade populaire.<\/li>\n<li><strong>Qutub Minar<\/strong> : Minaret en pierre de 73 m\u00e8tres, chef-d\u2019\u0153uvre de l\u2019architecture indo-islamique.<\/li>\n<\/ul>\n<p>&nbsp;<\/p>\n<p>\ud83d\uded5 <span style=\"color: #3366ff;\"><em><strong>Spiritualit\u00e9 et temples<\/strong><\/em><\/span><\/p>\n<ul>\n<li><strong>Akshardham<\/strong> : Temple moderne spectaculaire, avec expositions culturelles et jardins.<\/li>\n<li><strong>Temple du Lotus<\/strong> : Sanctuaire baha\u2019i en forme de fleur, ouvert \u00e0 toutes les confessions.<\/li>\n<li><strong>Bangla Sahib<\/strong> : Temple sikh accueillant, connu pour sa cuisine communautaire gratuite.<\/li>\n<\/ul>\n<p>&nbsp;<\/p>\n<p>\ud83d\udecd\ufe0f <span style=\"color: #3366ff;\"><em><strong>March\u00e9s et vie locale<\/strong><\/em><\/span><\/p>\n<ul>\n<li><strong>Chandni Chowk<\/strong> : Quartier ancien, foisonnant de bazars, de street food et de rickshaws.<\/li>\n<li><strong>Dilli Haat<\/strong> : March\u00e9 artisanal en plein air, avec produits r\u00e9gionaux et spectacles.<\/li>\n<li><strong>Connaught Place<\/strong> : Centre commercial et culturel, avec caf\u00e9s, librairies et boutiques.<\/li>\n<\/ul>\n<p>&nbsp;<\/p>\n<p>\ud83d\uddbc\ufe0f <span style=\"color: #3366ff;\"><em><strong>Mus\u00e9es et culture<\/strong><\/em><\/span><\/p>\n<ul>\n<li><strong>Mus\u00e9e national<\/strong> : Collection impressionnante d\u2019art indien, de la pr\u00e9histoire \u00e0 l\u2019\u00e9poque moderne.<\/li>\n<li><strong>Mus\u00e9e Gandhi Smriti<\/strong> : Ancienne r\u00e9sidence de Gandhi, transform\u00e9e en mus\u00e9e \u00e9mouvant.<\/li>\n<li><strong>Mus\u00e9e d\u2019art moderne<\/strong> : \u0152uvres contemporaines indiennes dans un cadre paisible.<\/li>\n<\/ul>\n<p>&nbsp;<\/p>\n<p>\ud83c\udf33 <span style=\"color: #3366ff;\"><em><strong>Espaces verts et d\u00e9tente<\/strong><\/em><\/span><\/p>\n<ul>\n<li><strong>Lodhi Garden<\/strong> : Parc historique avec tombeaux moghols, id\u00e9al pour une balade matinale.<\/li>\n<li><strong>Jardin Moghol du Rashtrapati Bhavan<\/strong> : Jardin pr\u00e9sidentiel ouvert au public \u00e0 certaines p\u00e9riodes.<\/li>\n<li><strong>Parc Nehru<\/strong> : Grand espace vert avec sculptures et concerts en plein air.<\/li>\n<\/ul>\n<p>&nbsp;<\/p>\n<p>\ud83c\udf5b <span style=\"color: #3366ff;\"><em><strong>Gastronomie<\/strong><\/em><\/span><\/p>\n<ul>\n<li>D\u00e9guste des plats typiques comme le butter chicken, les samosas, les chole bhature ou les kebabs.<\/li>\n<li>Explore les dhabas (petits restaurants de rue) ou les rooftops modernes pour une vue imprenable.<\/li>\n<\/ul>\n<p>&nbsp;<\/p>\n<p>\ud83d\ude86 <span style=\"color: #3366ff;\"><em><strong>Excursions possibles<\/strong><\/em><\/span><\/p>\n<ul>\n<li><strong>Agra<\/strong> : \u00c0 2\u20133h en train, pour voir le Taj Mahal et le Fort d\u2019Agra.<\/li>\n<li><strong>Jaipur<\/strong> : \u00c0 5h, la ville rose du Rajasthan, riche en palais et traditions.<\/li>\n<\/ul>\n<p>[\/et_pb_text][\/et_pb_column][\/et_pb_row][\/et_pb_section][et_pb_section fb_built=\u00a0\u00bb1&Prime; _builder_version=\u00a0\u00bb4.27.4&Prime; _module_preset=\u00a0\u00bbdefault\u00a0\u00bb custom_padding=\u00a0\u00bb10px||12px|||\u00a0\u00bb global_colors_info=\u00a0\u00bb{}\u00a0\u00bb][et_pb_row _builder_version=\u00a0\u00bb4.27.4&Prime; _module_preset=\u00a0\u00bbdefault\u00a0\u00bb custom_padding=\u00a0\u00bb||5px|||\u00a0\u00bb global_colors_info=\u00a0\u00bb{}\u00a0\u00bb][et_pb_column type=\u00a0\u00bb4_4&Prime; _builder_version=\u00a0\u00bb4.27.4&Prime; _module_preset=\u00a0\u00bbdefault\u00a0\u00bb global_colors_info=\u00a0\u00bb{}\u00a0\u00bb][et_pb_divider divider_weight=\u00a0\u00bb4px\u00a0\u00bb _builder_version=\u00a0\u00bb4.27.4&Prime; _module_preset=\u00a0\u00bbdefault\u00a0\u00bb global_colors_info=\u00a0\u00bb{}\u00a0\u00bb][\/et_pb_divider][\/et_pb_column][\/et_pb_row][\/et_pb_section][et_pb_section fb_built=\u00a0\u00bb1&Prime; _builder_version=\u00a0\u00bb4.27.4&Prime; _module_preset=\u00a0\u00bbdefault\u00a0\u00bb custom_padding=\u00a0\u00bb15px|||||\u00a0\u00bb global_colors_info=\u00a0\u00bb{}\u00a0\u00bb][et_pb_row _builder_version=\u00a0\u00bb4.27.4&Prime; _module_preset=\u00a0\u00bbdefault\u00a0\u00bb global_colors_info=\u00a0\u00bb{}\u00a0\u00bb][et_pb_column type=\u00a0\u00bb4_4&Prime; _builder_version=\u00a0\u00bb4.27.4&Prime; _module_preset=\u00a0\u00bbdefault\u00a0\u00bb global_colors_info=\u00a0\u00bb{}\u00a0\u00bb][et_pb_gallery gallery_ids=\u00a0\u00bb1008,1009,1010,1011,1012,1013,1014,1015,1016,1017,1018,1019&Prime; _builder_version=\u00a0\u00bb4.27.4&Prime; _module_preset=\u00a0\u00bbdefault\u00a0\u00bb animation_style=\u00a0\u00bbzoom\u00a0\u00bb border_radii=\u00a0\u00bbon|10px|10px|10px|10px\u00a0\u00bb global_colors_info=\u00a0\u00bb{}\u00a0\u00bb][\/et_pb_gallery][\/et_pb_column][\/et_pb_row][\/et_pb_section]<\/p>\n","protected":false},"excerpt":{"rendered":"<p>New Delhi, \u00e9galement appel\u00e9e Delhi par les locaux, a \u00e9t\u00e9 visit\u00e9e en plein c\u0153ur de la saison des pluies. New Delhi tire son nom de la colonisation britannique et a \u00e9t\u00e9 construite au sud de la vieille ville de Delhi, devenant la capitale de l&rsquo;Empire britannique des Indes en 1911. En 1947, l&rsquo;Inde ind\u00e9pendante confirme [&hellip;]<\/p>\n","protected":false},"author":1,"featured_media":0,"parent":0,"menu_order":0,"comment_status":"closed","ping_status":"closed","template":"","meta":{"_seopress_robots_primary_cat":"","_seopress_titles_title":"New Delhi : capitale vibrante de l\u2019Inde en images","_seopress_titles_desc":"New Delhi : r\u00e9cit et images d\u2019une capitale indienne o\u00f9 traditions et modernit\u00e9 se rencontrent.","_seopress_robots_index":"","_et_pb_use_builder":"on","_et_pb_old_content":"","_et_gb_content_width":"","footnotes":""},"class_list":["post-1004","page","type-page","status-publish","hentry"],"_links":{"self":[{"href":"https:\/\/voyaphil.com\/en\/wp-json\/wp\/v2\/pages\/1004","targetHints":{"allow":["GET"]}}],"collection":[{"href":"https:\/\/voyaphil.com\/en\/wp-json\/wp\/v2\/pages"}],"about":[{"href":"https:\/\/voyaphil.com\/en\/wp-json\/wp\/v2\/types\/page"}],"author":[{"embeddable":true,"href":"https:\/\/voyaphil.com\/en\/wp-json\/wp\/v2\/users\/1"}],"replies":[{"embeddable":true,"href":"https:\/\/voyaphil.com\/en\/wp-json\/wp\/v2\/comments?post=1004"}],"version-history":[{"count":5,"href":"https:\/\/voyaphil.com\/en\/wp-json\/wp\/v2\/pages\/1004\/revisions"}],"predecessor-version":[{"id":3149,"href":"https:\/\/voyaphil.com\/en\/wp-json\/wp\/v2\/pages\/1004\/revisions\/3149"}],"wp:attachment":[{"href":"https:\/\/voyaphil.com\/en\/wp-json\/wp\/v2\/media?parent=1004"}],"curies":[{"name":"wp","href":"https:\/\/api.w.org\/{rel}","templated":true}]}}