{"id":1473,"date":"2025-09-02T16:29:25","date_gmt":"2025-09-02T16:29:25","guid":{"rendered":"https:\/\/voyaphil.com\/?page_id=1473"},"modified":"2025-12-05T22:32:16","modified_gmt":"2025-12-05T22:32:16","slug":"tirta-gangga","status":"publish","type":"page","link":"https:\/\/voyaphil.com\/en\/tirta-gangga\/","title":{"rendered":"Tirta Gangga"},"content":{"rendered":"<p>[et_pb_section fb_built=\u00a0\u00bb1&Prime; _builder_version=\u00a0\u00bb4.27.4&Prime; _module_preset=\u00a0\u00bbdefault\u00a0\u00bb background_image=\u00a0\u00bbhttps:\/\/voyaphil.com\/wp-content\/uploads\/2025\/09\/Temple-de-Tirtaganga-a-Bali.webp\u00a0\u00bb global_colors_info=\u00a0\u00bb{}\u00a0\u00bb][et_pb_row column_structure=\u00a0\u00bb1_2,1_2&Prime; _builder_version=\u00a0\u00bb4.27.4&Prime; _module_preset=\u00a0\u00bbdefault\u00a0\u00bb custom_margin=\u00a0\u00bb|auto|109px|auto||\u00a0\u00bb global_colors_info=\u00a0\u00bb{}\u00a0\u00bb][et_pb_column type=\u00a0\u00bb1_2&Prime; _builder_version=\u00a0\u00bb4.27.4&Prime; _module_preset=\u00a0\u00bbdefault\u00a0\u00bb global_colors_info=\u00a0\u00bb{}\u00a0\u00bb][et_pb_heading title=\u00a0\u00bbTirta Gangga\u00a0\u00bb _builder_version=\u00a0\u00bb4.27.4&Prime; _module_preset=\u00a0\u00bbdefault\u00a0\u00bb title_font=\u00a0\u00bbPlayfair Display||||||||\u00a0\u00bb title_text_align=\u00a0\u00bbright\u00a0\u00bb title_text_color=\u00a0\u00bb#FFFFFF\u00a0\u00bb title_text_shadow_style=\u00a0\u00bbpreset2&Prime; global_colors_info=\u00a0\u00bb{}\u00a0\u00bb][\/et_pb_heading][\/et_pb_column][et_pb_column type=\u00a0\u00bb1_2&Prime; _builder_version=\u00a0\u00bb4.27.4&Prime; _module_preset=\u00a0\u00bbdefault\u00a0\u00bb global_colors_info=\u00a0\u00bb{}\u00a0\u00bb][et_pb_image src=\u00a0\u00bbhttps:\/\/voyaphil.com\/wp-content\/uploads\/2025\/09\/indonesie.gif\u00a0\u00bb title_text=\u00a0\u00bbindon\u00e9sie\u00a0\u00bb _builder_version=\u00a0\u00bb4.27.4&Prime; _module_preset=\u00a0\u00bbdefault\u00a0\u00bb global_colors_info=\u00a0\u00bb{}\u00a0\u00bb][\/et_pb_image][\/et_pb_column][\/et_pb_row][et_pb_row _builder_version=\u00a0\u00bb4.27.4&Prime; _module_preset=\u00a0\u00bbdefault\u00a0\u00bb global_colors_info=\u00a0\u00bb{}\u00a0\u00bb][et_pb_column type=\u00a0\u00bb4_4&Prime; _builder_version=\u00a0\u00bb4.27.4&Prime; _module_preset=\u00a0\u00bbdefault\u00a0\u00bb global_colors_info=\u00a0\u00bb{}\u00a0\u00bb][et_pb_heading title=\u00a0\u00bbBienvenue \u00e0 Tirta Gangga\u00a0\u00bb _builder_version=\u00a0\u00bb4.27.4&Prime; _module_preset=\u00a0\u00bbdefault\u00a0\u00bb title_level=\u00a0\u00bbh2&Prime; title_font=\u00a0\u00bbPlayfair Display||||||||\u00a0\u00bb title_text_align=\u00a0\u00bbcenter\u00a0\u00bb title_text_color=\u00a0\u00bb#FFFFFF\u00a0\u00bb title_text_shadow_style=\u00a0\u00bbpreset2&Prime; global_colors_info=\u00a0\u00bb{}\u00a0\u00bb][\/et_pb_heading][\/et_pb_column][\/et_pb_row][\/et_pb_section][et_pb_section fb_built=\u00a0\u00bb1&Prime; _builder_version=\u00a0\u00bb4.27.4&Prime; _module_preset=\u00a0\u00bbdefault\u00a0\u00bb custom_padding=\u00a0\u00bb||18px|||\u00a0\u00bb global_colors_info=\u00a0\u00bb{}\u00a0\u00bb][et_pb_row column_structure=\u00a0\u00bb1_2,1_2&Prime; _builder_version=\u00a0\u00bb4.27.4&Prime; _module_preset=\u00a0\u00bbdefault\u00a0\u00bb global_colors_info=\u00a0\u00bb{}\u00a0\u00bb][et_pb_column type=\u00a0\u00bb1_2&Prime; _builder_version=\u00a0\u00bb4.27.4&Prime; _module_preset=\u00a0\u00bbdefault\u00a0\u00bb global_colors_info=\u00a0\u00bb{}\u00a0\u00bb][et_pb_text _builder_version=\u00a0\u00bb4.27.4&Prime; _module_preset=\u00a0\u00bbdefault\u00a0\u00bb global_colors_info=\u00a0\u00bb{}\u00a0\u00bb]<\/p>\n<p><!--StartFragment --><\/p>\n<p>\ud83c\udfdb\ufe0f <strong>Tirta Gangga : le palais des eaux sacr\u00e9es<\/strong><\/p>\n<p>\ud83d\udccd <strong>Localisation<\/strong><\/p>\n<ul>\n<li>Situ\u00e9 dans le village d\u2019<strong>Ababi<\/strong>, dans la r\u00e9gence de <strong>Karangasem<\/strong>, \u00e0 l\u2019est de Bali.<\/li>\n<li>\u00c0 proximit\u00e9 du <strong>mont Agung<\/strong>, dans une r\u00e9gion r\u00e9put\u00e9e pour ses <strong>rizi\u00e8res en terrasses<\/strong> et ses paysages luxuriants.<\/li>\n<\/ul>\n<p>\ud83d\udca7 <strong>Origine et signification<\/strong><\/p>\n<ul>\n<li>Construit en <strong>1946<\/strong> par le dernier roi de Karangasem, <strong>Anak Agung Anglurah Ketut Karangasem Agung<\/strong>.<\/li>\n<li>Le nom <em>Tirta Gangga<\/em> signifie <strong>\u201ceau du Gange\u201d<\/strong>, en r\u00e9f\u00e9rence au fleuve sacr\u00e9 de l\u2019hindouisme.<\/li>\n<li>Les <strong>sources naturelles<\/strong> qui alimentent le site sont consid\u00e9r\u00e9es comme <strong>sacr\u00e9es<\/strong> et utilis\u00e9es pour des <strong>rituels de purification<\/strong>.<\/li>\n<\/ul>\n<p>\ud83c\udf3f <strong>Architecture et ambiance<\/strong><\/p>\n<ul>\n<li>Le palais est un <strong>jardin aquatique<\/strong> de pr\u00e8s d\u2019un hectare, m\u00ealant <strong>architecture balinaise et influences chinoises<\/strong>.<\/li>\n<li>Il est organis\u00e9 sur <strong>trois niveaux symboliques<\/strong> :<\/li>\n<ul>\n<li>Le monde des dieux,<\/li>\n<li>Le monde des humains,<\/li>\n<li>Le monde des d\u00e9mons.<\/li>\n<\/ul>\n<li>On y trouve :<\/li>\n<\/ul>\n<ul>\n<li>Une <strong>fontaine centrale \u00e0 11 \u00e9tages<\/strong>, embl\u00e8me du site.<\/li>\n<li>Des <strong>bassins orn\u00e9s de n\u00e9nuphars, de lotus et de carpes koi<\/strong>.<\/li>\n<li>Des <strong>statues de divinit\u00e9s hindoues<\/strong>, des <strong>ponts de pierre<\/strong>, et des <strong>chemins de pas japonais<\/strong> sur l\u2019eau.<\/li>\n<\/ul>\n<p>\ud83e\uddd8\u200d\u2642\ufe0f <strong>Exp\u00e9rience de visite<\/strong><\/p>\n<ul>\n<li>Les visiteurs peuvent <strong>marcher sur les dalles flottantes<\/strong>, se baigner dans les <strong>bassins sacr\u00e9s<\/strong>, ou simplement fl\u00e2ner dans les jardins.<\/li>\n<li>L\u2019ambiance est <strong>paisible, presque m\u00e9ditative<\/strong>, avec le murmure de l\u2019eau et le chant des oiseaux.<\/li>\n<li>C\u2019est un lieu id\u00e9al pour la <strong>photographie<\/strong>, la <strong>contemplation<\/strong>, ou une <strong>pause spirituelle<\/strong>.<\/li>\n<\/ul>\n<p>\ud83d\udd52 <strong>Infos pratiques<\/strong><\/p>\n<ul>\n<li><strong>Ouvert tous les jours<\/strong> de 6h \u00e0 19h.<\/li>\n<li><strong>Dur\u00e9e de visite<\/strong> : entre 1h et 2h.<\/li>\n<li><strong>Prix d\u2019entr\u00e9e<\/strong> : environ 70 000 IDR (env. 4 \u20ac en 2025).<\/li>\n<li>Facilement accessible depuis <strong>Amed, Sidemen ou Candidasa<\/strong>, souvent int\u00e9gr\u00e9 dans les circuits vers l\u2019est de Bali.<\/li>\n<\/ul>\n<p>\u2728 <strong>Pourquoi Tirta Gangga est inoubliable<\/strong><\/p>\n<p>C\u2019est un lieu o\u00f9 <strong>l\u2019eau devient art<\/strong>, o\u00f9 chaque bassin raconte une histoire, et o\u00f9 la spiritualit\u00e9 balinaise s\u2019exprime dans la beaut\u00e9 la plus pure. Tirta Gangga n\u2019est pas seulement un site touristique : c\u2019est un <strong>refuge de paix<\/strong>, un <strong>jardin c\u00e9leste<\/strong>, un <strong>pont entre les mondes.<\/strong><!--EndFragment --><\/p>\n<p>[\/et_pb_text][\/et_pb_column][et_pb_column type=\u00a0\u00bb1_2&Prime; _builder_version=\u00a0\u00bb4.27.4&Prime; _module_preset=\u00a0\u00bbdefault\u00a0\u00bb global_colors_info=\u00a0\u00bb{}\u00a0\u00bb][et_pb_code _builder_version=\u00a0\u00bb4.27.4&Prime; _module_preset=\u00a0\u00bbdefault\u00a0\u00bb global_colors_info=\u00a0\u00bb{}\u00a0\u00bb]<iframe src=\"https:\/\/www.google.com\/maps\/embed?pb=!1m18!1m12!1m3!1d3946.894679917147!2d115.58492667678034!3d-8.412003991626754!2m3!1f0!2f0!3f0!3m2!1i1024!2i768!4f13.1!3m3!1m2!1s0x2dd20692737a32e1%3A0x2d57f46602a1ecba!2sHHQP%2B5XH%20Tirta%20Gangga%2C%20Jl%20raya%20abadi%20No.99%2C%20Ababi%2C%20Abang%2C%20Karangasem%20Regency%2C%20Bali%2080852%2C%20Indon%C3%A9sie!5e0!3m2!1sfr!2sfr!4v1756830513235!5m2!1sfr!2sfr\" width=\"600\" height=\"450\" style=\"border:0;\" allowfullscreen=\"\" loading=\"lazy\" referrerpolicy=\"no-referrer-when-downgrade\"><\/iframe>[\/et_pb_code][\/et_pb_column][\/et_pb_row][\/et_pb_section][et_pb_section fb_built=\u00a0\u00bb1&Prime; _builder_version=\u00a0\u00bb4.27.4&Prime; _module_preset=\u00a0\u00bbdefault\u00a0\u00bb custom_padding=\u00a0\u00bb13px||10px|||\u00a0\u00bb global_colors_info=\u00a0\u00bb{}\u00a0\u00bb][et_pb_row _builder_version=\u00a0\u00bb4.27.4&Prime; _module_preset=\u00a0\u00bbdefault\u00a0\u00bb custom_padding=\u00a0\u00bb||11px|||\u00a0\u00bb global_colors_info=\u00a0\u00bb{}\u00a0\u00bb][et_pb_column type=\u00a0\u00bb4_4&Prime; _builder_version=\u00a0\u00bb4.27.4&Prime; _module_preset=\u00a0\u00bbdefault\u00a0\u00bb global_colors_info=\u00a0\u00bb{}\u00a0\u00bb][et_pb_divider divider_weight=\u00a0\u00bb4px\u00a0\u00bb _builder_version=\u00a0\u00bb4.27.4&Prime; _module_preset=\u00a0\u00bbdefault\u00a0\u00bb width=\u00a0\u00bb50%\u00a0\u00bb module_alignment=\u00a0\u00bbcenter\u00a0\u00bb global_colors_info=\u00a0\u00bb{}\u00a0\u00bb][\/et_pb_divider][\/et_pb_column][\/et_pb_row][et_pb_row _builder_version=\u00a0\u00bb4.27.5&Prime; _module_preset=\u00a0\u00bbdefault\u00a0\u00bb][et_pb_column _builder_version=\u00a0\u00bb4.27.5&Prime; _module_preset=\u00a0\u00bbdefault\u00a0\u00bb type=\u00a0\u00bb4_4&Prime;][et_pb_heading title=\u00a0\u00bbTirta Gangga en vid\u00e9o\u00a0\u00bb _builder_version=\u00a0\u00bb4.27.5&Prime; _module_preset=\u00a0\u00bbdefault\u00a0\u00bb title_level=\u00a0\u00bbh3&Prime; title_font=\u00a0\u00bbPlayfair Display||||||||\u00a0\u00bb title_text_align=\u00a0\u00bbcenter\u00a0\u00bb hover_enabled=\u00a0\u00bb0&Prime; sticky_enabled=\u00a0\u00bb0&Prime;][\/et_pb_heading][\/et_pb_column][\/et_pb_row][\/et_pb_section][et_pb_section fb_built=\u00a0\u00bb1&Prime; _builder_version=\u00a0\u00bb4.27.4&Prime; _module_preset=\u00a0\u00bbdefault\u00a0\u00bb custom_padding=\u00a0\u00bb12px||11px|||\u00a0\u00bb global_colors_info=\u00a0\u00bb{}\u00a0\u00bb][et_pb_row _builder_version=\u00a0\u00bb4.27.4&Prime; _module_preset=\u00a0\u00bbdefault\u00a0\u00bb global_colors_info=\u00a0\u00bb{}\u00a0\u00bb][et_pb_column type=\u00a0\u00bb4_4&Prime; _builder_version=\u00a0\u00bb4.27.4&Prime; _module_preset=\u00a0\u00bbdefault\u00a0\u00bb global_colors_info=\u00a0\u00bb{}\u00a0\u00bb][et_pb_video src=\u00a0\u00bbhttps:\/\/www.youtube.com\/watch?v=JFnYTC9SDog\u00a0\u00bb _builder_version=\u00a0\u00bb4.27.4&Prime; _module_preset=\u00a0\u00bbdefault\u00a0\u00bb border_radii=\u00a0\u00bbon|10px|10px|10px|10px\u00a0\u00bb global_colors_info=\u00a0\u00bb{}\u00a0\u00bb][\/et_pb_video][\/et_pb_column][\/et_pb_row][\/et_pb_section][et_pb_section fb_built=\u00a0\u00bb1&Prime; _builder_version=\u00a0\u00bb4.27.4&Prime; _module_preset=\u00a0\u00bbdefault\u00a0\u00bb custom_padding=\u00a0\u00bb13px||10px|||\u00a0\u00bb global_colors_info=\u00a0\u00bb{}\u00a0\u00bb][et_pb_row _builder_version=\u00a0\u00bb4.27.4&Prime; _module_preset=\u00a0\u00bbdefault\u00a0\u00bb custom_padding=\u00a0\u00bb||11px|||\u00a0\u00bb global_colors_info=\u00a0\u00bb{}\u00a0\u00bb][et_pb_column type=\u00a0\u00bb4_4&Prime; _builder_version=\u00a0\u00bb4.27.4&Prime; _module_preset=\u00a0\u00bbdefault\u00a0\u00bb global_colors_info=\u00a0\u00bb{}\u00a0\u00bb][et_pb_divider divider_weight=\u00a0\u00bb4px\u00a0\u00bb _builder_version=\u00a0\u00bb4.27.4&Prime; _module_preset=\u00a0\u00bbdefault\u00a0\u00bb width=\u00a0\u00bb50%\u00a0\u00bb module_alignment=\u00a0\u00bbcenter\u00a0\u00bb global_colors_info=\u00a0\u00bb{}\u00a0\u00bb][\/et_pb_divider][\/et_pb_column][\/et_pb_row][\/et_pb_section][et_pb_section fb_built=\u00a0\u00bb1&Prime; _builder_version=\u00a0\u00bb4.27.4&Prime; _module_preset=\u00a0\u00bbdefault\u00a0\u00bb global_colors_info=\u00a0\u00bb{}\u00a0\u00bb][et_pb_row column_structure=\u00a0\u00bb1_2,1_2&Prime; _builder_version=\u00a0\u00bb4.27.4&Prime; _module_preset=\u00a0\u00bbdefault\u00a0\u00bb global_colors_info=\u00a0\u00bb{}\u00a0\u00bb][et_pb_column type=\u00a0\u00bb1_2&Prime; _builder_version=\u00a0\u00bb4.27.4&Prime; _module_preset=\u00a0\u00bbdefault\u00a0\u00bb global_colors_info=\u00a0\u00bb{}\u00a0\u00bb][et_pb_heading title=\u00a0\u00bbContinuez vers Bali Aga de Tenganan\u00a0\u00bb _builder_version=\u00a0\u00bb4.27.4&Prime; _module_preset=\u00a0\u00bbdefault\u00a0\u00bb title_level=\u00a0\u00bbh3&Prime; title_font=\u00a0\u00bbPlayfair Display|700|||||||\u00a0\u00bb global_colors_info=\u00a0\u00bb{}\u00a0\u00bb][\/et_pb_heading][et_pb_text _builder_version=\u00a0\u00bb4.27.4&Prime; _module_preset=\u00a0\u00bbdefault\u00a0\u00bb text_orientation=\u00a0\u00bbjustified\u00a0\u00bb global_colors_info=\u00a0\u00bb{}\u00a0\u00bb]<\/p>\n<p><b>Le village traditionnel de Bali Aga de Tenganan est situ\u00e9 dans la r\u00e9gion de Karangasem, \u00e0 l&rsquo;est de Bali. Il est consid\u00e9r\u00e9 comme l&rsquo;un des derniers villages pr\u00e9serv\u00e9s de l&rsquo;\u00eele, o\u00f9 les habitants vivent encore selon les coutumes ancestrales.<\/b><\/p>\n<p>[\/et_pb_text][et_pb_button button_url=\u00a0\u00bb@ET-DC@eyJkeW5hbWljIjp0cnVlLCJjb250ZW50IjoicG9zdF9saW5rX3VybF9wYWdlIiwic2V0dGluZ3MiOnsicG9zdF9pZCI6IjE0ODcifX0=@\u00a0\u00bb button_text=\u00a0\u00bbBali Aga de Tenganan\u00a0\u00bb button_alignment=\u00a0\u00bbcenter\u00a0\u00bb _builder_version=\u00a0\u00bb4.27.4&Prime; _dynamic_attributes=\u00a0\u00bbbutton_url\u00a0\u00bb _module_preset=\u00a0\u00bbdefault\u00a0\u00bb custom_button=\u00a0\u00bbon\u00a0\u00bb button_text_color=\u00a0\u00bb#FFFFFF\u00a0\u00bb button_bg_color=\u00a0\u00bb#4c4c4c\u00a0\u00bb button_border_color=\u00a0\u00bb#FFFFFF\u00a0\u00bb button_border_radius=\u00a0\u00bb10px\u00a0\u00bb button_font=\u00a0\u00bbPlayfair Display||||||||\u00a0\u00bb button_icon=\u00a0\u00bb&#xf57d;||fa||900&Prime; animation_style=\u00a0\u00bbzoom\u00a0\u00bb box_shadow_style=\u00a0\u00bbpreset2&Prime; global_colors_info=\u00a0\u00bb{}\u00a0\u00bb][\/et_pb_button][\/et_pb_column][et_pb_column type=\u00a0\u00bb1_2&Prime; _builder_version=\u00a0\u00bb4.27.4&Prime; _module_preset=\u00a0\u00bbdefault\u00a0\u00bb global_colors_info=\u00a0\u00bb{}\u00a0\u00bb][et_pb_image src=\u00a0\u00bbhttps:\/\/voyaphil.com\/wp-content\/uploads\/2025\/09\/Village-de-Bali-Aga-de-Tenganan.webp\u00a0\u00bb alt=\u00a0\u00bbVillage de Bali Aga de Tenganan\u00a0\u00bb title_text=\u00a0\u00bbVillage de Bali Aga de Tenganan\u00a0\u00bb align=\u00a0\u00bbcenter\u00a0\u00bb _builder_version=\u00a0\u00bb4.27.4&Prime; _module_preset=\u00a0\u00bbdefault\u00a0\u00bb animation_style=\u00a0\u00bbfold\u00a0\u00bb border_radii=\u00a0\u00bbon|10px|10px|10px|10px\u00a0\u00bb box_shadow_style=\u00a0\u00bbpreset2&Prime; global_colors_info=\u00a0\u00bb{}\u00a0\u00bb][\/et_pb_image][\/et_pb_column][\/et_pb_row][\/et_pb_section]<\/p>\n","protected":false},"excerpt":{"rendered":"<p>\ud83c\udfdb\ufe0f Tirta Gangga : le palais des eaux sacr\u00e9es \ud83d\udccd Localisation Situ\u00e9 dans le village d\u2019Ababi, dans la r\u00e9gence de Karangasem, \u00e0 l\u2019est de Bali. \u00c0 proximit\u00e9 du mont Agung, dans une r\u00e9gion r\u00e9put\u00e9e pour ses rizi\u00e8res en terrasses et ses paysages luxuriants. \ud83d\udca7 Origine et signification Construit en 1946 par le dernier roi de [&hellip;]<\/p>\n","protected":false},"author":1,"featured_media":0,"parent":0,"menu_order":0,"comment_status":"closed","ping_status":"closed","template":"","meta":{"_seopress_robots_primary_cat":"","_seopress_titles_title":"Tirta Gangga : palais aquatique balinais r\u00e9v\u00e9l\u00e9 en vid\u00e9o","_seopress_titles_desc":"Voyage \u00e0 Tirta Gangga : explorez un lieu balinais unique, sanctuaire des eaux et de la beaut\u00e9, r\u00e9v\u00e9l\u00e9s en vid\u00e9o.","_seopress_robots_index":"","_et_pb_use_builder":"on","_et_pb_old_content":"","_et_gb_content_width":"","footnotes":""},"class_list":["post-1473","page","type-page","status-publish","hentry"],"_links":{"self":[{"href":"https:\/\/voyaphil.com\/en\/wp-json\/wp\/v2\/pages\/1473","targetHints":{"allow":["GET"]}}],"collection":[{"href":"https:\/\/voyaphil.com\/en\/wp-json\/wp\/v2\/pages"}],"about":[{"href":"https:\/\/voyaphil.com\/en\/wp-json\/wp\/v2\/types\/page"}],"author":[{"embeddable":true,"href":"https:\/\/voyaphil.com\/en\/wp-json\/wp\/v2\/users\/1"}],"replies":[{"embeddable":true,"href":"https:\/\/voyaphil.com\/en\/wp-json\/wp\/v2\/comments?post=1473"}],"version-history":[{"count":8,"href":"https:\/\/voyaphil.com\/en\/wp-json\/wp\/v2\/pages\/1473\/revisions"}],"predecessor-version":[{"id":3190,"href":"https:\/\/voyaphil.com\/en\/wp-json\/wp\/v2\/pages\/1473\/revisions\/3190"}],"wp:attachment":[{"href":"https:\/\/voyaphil.com\/en\/wp-json\/wp\/v2\/media?parent=1473"}],"curies":[{"name":"wp","href":"https:\/\/api.w.org\/{rel}","templated":true}]}}