{"id":1896,"date":"2025-09-03T21:16:14","date_gmt":"2025-09-03T21:16:14","guid":{"rendered":"https:\/\/voyaphil.com\/?page_id=1896"},"modified":"2025-12-04T17:09:12","modified_gmt":"2025-12-04T17:09:12","slug":"becal","status":"publish","type":"page","link":"https:\/\/voyaphil.com\/en\/becal\/","title":{"rendered":"Becal"},"content":{"rendered":"<p>[et_pb_section fb_built=\u00a0\u00bb1&Prime; _builder_version=\u00a0\u00bb4.27.4&Prime; _module_preset=\u00a0\u00bbdefault\u00a0\u00bb background_image=\u00a0\u00bbhttps:\/\/voyaphil.com\/wp-content\/uploads\/2025\/09\/Village-de-Becal.webp\u00a0\u00bb global_colors_info=\u00a0\u00bb{}\u00a0\u00bb][et_pb_row column_structure=\u00a0\u00bb1_2,1_2&Prime; _builder_version=\u00a0\u00bb4.27.4&Prime; _module_preset=\u00a0\u00bbdefault\u00a0\u00bb global_colors_info=\u00a0\u00bb{}\u00a0\u00bb][et_pb_column type=\u00a0\u00bb1_2&Prime; _builder_version=\u00a0\u00bb4.27.4&Prime; _module_preset=\u00a0\u00bbdefault\u00a0\u00bb global_colors_info=\u00a0\u00bb{}\u00a0\u00bb][et_pb_heading title=\u00a0\u00bbBecal\u00a0\u00bb _builder_version=\u00a0\u00bb4.27.4&Prime; _module_preset=\u00a0\u00bbdefault\u00a0\u00bb title_font=\u00a0\u00bbPlayfair Display||||||||\u00a0\u00bb title_text_align=\u00a0\u00bbright\u00a0\u00bb title_text_color=\u00a0\u00bb#FFFFFF\u00a0\u00bb title_text_shadow_style=\u00a0\u00bbpreset2&Prime; global_colors_info=\u00a0\u00bb{}\u00a0\u00bb][\/et_pb_heading][\/et_pb_column][et_pb_column type=\u00a0\u00bb1_2&Prime; _builder_version=\u00a0\u00bb4.27.4&Prime; _module_preset=\u00a0\u00bbdefault\u00a0\u00bb global_colors_info=\u00a0\u00bb{}\u00a0\u00bb][et_pb_image src=\u00a0\u00bbhttps:\/\/voyaphil.com\/wp-content\/uploads\/2025\/09\/Mexico.gif\u00a0\u00bb title_text=\u00a0\u00bbMexico\u00a0\u00bb _builder_version=\u00a0\u00bb4.27.4&Prime; _module_preset=\u00a0\u00bbdefault\u00a0\u00bb transform_scale=\u00a0\u00bb70%|70%\u00a0\u00bb transform_origin=\u00a0\u00bb-12%|-42%\u00a0\u00bb global_colors_info=\u00a0\u00bb{}\u00a0\u00bb][\/et_pb_image][\/et_pb_column][\/et_pb_row][et_pb_row _builder_version=\u00a0\u00bb4.27.4&Prime; _module_preset=\u00a0\u00bbdefault\u00a0\u00bb global_colors_info=\u00a0\u00bb{}\u00a0\u00bb][et_pb_column type=\u00a0\u00bb4_4&Prime; _builder_version=\u00a0\u00bb4.27.4&Prime; _module_preset=\u00a0\u00bbdefault\u00a0\u00bb global_colors_info=\u00a0\u00bb{}\u00a0\u00bb][et_pb_heading title=\u00a0\u00bbBienvenue \u00e0 Becal\u00a0\u00bb _builder_version=\u00a0\u00bb4.27.4&Prime; _module_preset=\u00a0\u00bbdefault\u00a0\u00bb title_level=\u00a0\u00bbh2&Prime; title_font=\u00a0\u00bbPlayfair Display||||||||\u00a0\u00bb title_text_align=\u00a0\u00bbcenter\u00a0\u00bb title_text_color=\u00a0\u00bb#FFFFFF\u00a0\u00bb title_text_shadow_style=\u00a0\u00bbpreset2&Prime; global_colors_info=\u00a0\u00bb{}\u00a0\u00bb][\/et_pb_heading][\/et_pb_column][\/et_pb_row][\/et_pb_section][et_pb_section fb_built=\u00a0\u00bb1&Prime; _builder_version=\u00a0\u00bb4.27.4&Prime; _module_preset=\u00a0\u00bbdefault\u00a0\u00bb custom_padding=\u00a0\u00bb||9px|||\u00a0\u00bb global_colors_info=\u00a0\u00bb{}\u00a0\u00bb][et_pb_row column_structure=\u00a0\u00bb1_2,1_2&Prime; _builder_version=\u00a0\u00bb4.27.4&Prime; _module_preset=\u00a0\u00bbdefault\u00a0\u00bb global_colors_info=\u00a0\u00bb{}\u00a0\u00bb][et_pb_column type=\u00a0\u00bb1_2&Prime; _builder_version=\u00a0\u00bb4.27.4&Prime; _module_preset=\u00a0\u00bbdefault\u00a0\u00bb global_colors_info=\u00a0\u00bb{}\u00a0\u00bb][et_pb_text _builder_version=\u00a0\u00bb4.27.4&Prime; _module_preset=\u00a0\u00bbdefault\u00a0\u00bb global_colors_info=\u00a0\u00bb{}\u00a0\u00bb]<\/p>\n<p><!--StartFragment --><\/p>\n<p>\ud83c\udfa9 <strong>B\u00e9cal : le village des chapeaux tiss\u00e9s dans la pierre<\/strong><\/p>\n<p>\ud83d\udccd <strong>Localisation<\/strong><\/p>\n<ul>\n<li>Situ\u00e9 \u00e0 la fronti\u00e8re entre les \u00c9tats de <strong>Campeche<\/strong> et du <strong>Yucat\u00e1n<\/strong>, \u00e0 environ <strong>10 km au nord de Calkin\u00ed<\/strong>.<\/li>\n<li>Ce paisible village est entour\u00e9 de <strong>terres agricoles<\/strong>, de <strong>petits hameaux<\/strong>, et baign\u00e9 par une atmosph\u00e8re <strong>rurale et chaleureuse<\/strong>.<\/li>\n<\/ul>\n<p>\ud83e\uddf5 <strong>Artisanat embl\u00e9matique : les chapeaux de jipi japa<\/strong><\/p>\n<ul>\n<li>B\u00e9cal est <strong>internationalement reconnu<\/strong> pour la fabrication artisanale de <strong>chapeaux en fibre de jipi japa<\/strong>, souvent appel\u00e9s \u00e0 tort <em>panamas<\/em>.<\/li>\n<li>Cette fibre v\u00e9g\u00e9tale, originaire d\u2019\u00c9quateur, a \u00e9t\u00e9 introduite dans la r\u00e9gion au XIXe si\u00e8cle et adopt\u00e9e par les artisans locaux.<\/li>\n<li>Ce qui rend B\u00e9cal unique : les chapeaux sont <strong>tiss\u00e9s \u00e0 la main dans des grottes creus\u00e9es dans la pierre calcaire<\/strong>, o\u00f9 l\u2019humidit\u00e9 naturelle permet de <strong>travailler la fibre sans la casser<\/strong>.<\/li>\n<li>Chaque chapeau peut prendre <strong>plusieurs jours \u00e0 \u00eatre confectionn\u00e9<\/strong>, selon sa finesse et son style.<\/li>\n<\/ul>\n<p>\ud83c\udfd8\ufe0f <strong>Ambiance du village<\/strong><\/p>\n<ul>\n<li>Les rues sont bord\u00e9es de <strong>maisons color\u00e9es<\/strong>, de <strong>patios fleuris<\/strong>, et de <strong>ateliers familiaux<\/strong> o\u00f9 l\u2019on peut observer les artisans \u00e0 l\u2019\u0153uvre.<\/li>\n<li>L\u2019ambiance est <strong>tranquille et conviviale<\/strong>, avec des habitants fiers de leur h\u00e9ritage et toujours pr\u00eats \u00e0 partager leur savoir-faire.<\/li>\n<li>Le village conserve une <strong>identit\u00e9 maya forte<\/strong>, visible dans la langue, les traditions et les f\u00eates locales.<\/li>\n<\/ul>\n<p>\ud83d\udd4d <strong>Patrimoine et curiosit\u00e9s<\/strong><\/p>\n<ul>\n<li><strong>\u00c9glise coloniale<\/strong>, march\u00e9s artisanaux, et <strong>mus\u00e9e du chapeau<\/strong> pour d\u00e9couvrir l\u2019histoire de cette tradition.<\/li>\n<li>Des <strong>grottes naturelles<\/strong> et des <strong>parcs ombrag\u00e9s<\/strong> invitent \u00e0 la promenade et \u00e0 la d\u00e9couverte.<\/li>\n<li>Le <strong>Parque Central<\/strong> est le c\u0153ur du village, lieu de rencontre et de d\u00e9tente.<\/li>\n<\/ul>\n<p>\ud83c\udf7d\ufe0f <strong>Saveurs locales<\/strong><\/p>\n<ul>\n<li>Cuisine simple et savoureuse : <strong>tamales<\/strong>, <strong>panuchos<\/strong>, <strong>sopa de lima<\/strong>, souvent pr\u00e9par\u00e9s dans les <strong>petits comedores familiaux<\/strong>.<\/li>\n<li>Les march\u00e9s proposent des <strong>produits frais<\/strong>, des <strong>\u00e9pices locales<\/strong>, et parfois des douceurs comme les <strong>dulces de papaya confite<\/strong>.<\/li>\n<\/ul>\n<p>\u2728 <strong>Pourquoi B\u00e9cal est unique<\/strong><\/p>\n<p>C\u2019est un village o\u00f9 <strong>l\u2019artisanat devient patrimoine<\/strong>, o\u00f9 <strong>chaque chapeau raconte une histoire<\/strong>, et o\u00f9 <strong>la pierre abrite le geste ancestral<\/strong>. B\u00e9cal est <strong>authentique, discret et profond\u00e9ment enracin\u00e9<\/strong> dans la m\u00e9moire du Yucat\u00e1n.<!--EndFragment --><\/p>\n<p>[\/et_pb_text][\/et_pb_column][et_pb_column type=\u00a0\u00bb1_2&Prime; _builder_version=\u00a0\u00bb4.27.4&Prime; _module_preset=\u00a0\u00bbdefault\u00a0\u00bb global_colors_info=\u00a0\u00bb{}\u00a0\u00bb][et_pb_code _builder_version=\u00a0\u00bb4.27.4&Prime; _module_preset=\u00a0\u00bbdefault\u00a0\u00bb global_colors_info=\u00a0\u00bb{}\u00a0\u00bb]<iframe src=\"https:\/\/www.google.com\/maps\/embed?pb=!1m18!1m12!1m3!1d14954.497668330507!2d-90.03878907152193!3d20.439531447061494!2m3!1f0!2f0!3f0!3m2!1i1024!2i768!4f13.1!3m3!1m2!1s0x85f88244272d829f%3A0x85663b7f24f70036!2sB%C3%A9cal%2C%20%C3%89tat%20de%20Campeche%2C%20Mexique!5e0!3m2!1sfr!2sfr!4v1756934159328!5m2!1sfr!2sfr\" width=\"600\" height=\"450\" style=\"border:0;\" allowfullscreen=\"\" loading=\"lazy\" referrerpolicy=\"no-referrer-when-downgrade\"><\/iframe>[\/et_pb_code][\/et_pb_column][\/et_pb_row][\/et_pb_section][et_pb_section fb_built=\u00a0\u00bb1&Prime; _builder_version=\u00a0\u00bb4.27.4&Prime; _module_preset=\u00a0\u00bbdefault\u00a0\u00bb custom_padding=\u00a0\u00bb10px||13px|||\u00a0\u00bb global_colors_info=\u00a0\u00bb{}\u00a0\u00bb][et_pb_row _builder_version=\u00a0\u00bb4.27.4&Prime; _module_preset=\u00a0\u00bbdefault\u00a0\u00bb custom_padding=\u00a0\u00bb||12px|||\u00a0\u00bb global_colors_info=\u00a0\u00bb{}\u00a0\u00bb][et_pb_column type=\u00a0\u00bb4_4&Prime; _builder_version=\u00a0\u00bb4.27.4&Prime; _module_preset=\u00a0\u00bbdefault\u00a0\u00bb global_colors_info=\u00a0\u00bb{}\u00a0\u00bb][et_pb_divider divider_weight=\u00a0\u00bb4px\u00a0\u00bb _builder_version=\u00a0\u00bb4.27.4&Prime; _module_preset=\u00a0\u00bbdefault\u00a0\u00bb width=\u00a0\u00bb50%\u00a0\u00bb module_alignment=\u00a0\u00bbcenter\u00a0\u00bb global_colors_info=\u00a0\u00bb{}\u00a0\u00bb][\/et_pb_divider][\/et_pb_column][\/et_pb_row][\/et_pb_section][et_pb_section fb_built=\u00a0\u00bb1&Prime; _builder_version=\u00a0\u00bb4.27.4&Prime; _module_preset=\u00a0\u00bbdefault\u00a0\u00bb custom_padding=\u00a0\u00bb15px||17px|||\u00a0\u00bb global_colors_info=\u00a0\u00bb{}\u00a0\u00bb][et_pb_row _builder_version=\u00a0\u00bb4.27.4&Prime; _module_preset=\u00a0\u00bbdefault\u00a0\u00bb custom_padding=\u00a0\u00bb||13px|||\u00a0\u00bb global_colors_info=\u00a0\u00bb{}\u00a0\u00bb][et_pb_column type=\u00a0\u00bb4_4&Prime; _builder_version=\u00a0\u00bb4.27.4&Prime; _module_preset=\u00a0\u00bbdefault\u00a0\u00bb global_colors_info=\u00a0\u00bb{}\u00a0\u00bb][et_pb_gallery gallery_ids=\u00a0\u00bb1903,1904,1905,1906,1907,1908,1909,1910,1911,1912,1913&Prime; _builder_version=\u00a0\u00bb4.27.4&Prime; _module_preset=\u00a0\u00bbdefault\u00a0\u00bb animation_style=\u00a0\u00bbzoom\u00a0\u00bb border_radii=\u00a0\u00bbon|10px|10px|10px|10px\u00a0\u00bb global_colors_info=\u00a0\u00bb{}\u00a0\u00bb][\/et_pb_gallery][\/et_pb_column][\/et_pb_row][\/et_pb_section][et_pb_section fb_built=\u00a0\u00bb1&Prime; _builder_version=\u00a0\u00bb4.27.4&Prime; _module_preset=\u00a0\u00bbdefault\u00a0\u00bb custom_padding=\u00a0\u00bb10px||13px|||\u00a0\u00bb global_colors_info=\u00a0\u00bb{}\u00a0\u00bb][et_pb_row _builder_version=\u00a0\u00bb4.27.4&Prime; _module_preset=\u00a0\u00bbdefault\u00a0\u00bb custom_padding=\u00a0\u00bb||12px|||\u00a0\u00bb global_colors_info=\u00a0\u00bb{}\u00a0\u00bb][et_pb_column type=\u00a0\u00bb4_4&Prime; _builder_version=\u00a0\u00bb4.27.4&Prime; _module_preset=\u00a0\u00bbdefault\u00a0\u00bb global_colors_info=\u00a0\u00bb{}\u00a0\u00bb][et_pb_divider divider_weight=\u00a0\u00bb4px\u00a0\u00bb _builder_version=\u00a0\u00bb4.27.4&Prime; _module_preset=\u00a0\u00bbdefault\u00a0\u00bb width=\u00a0\u00bb50%\u00a0\u00bb module_alignment=\u00a0\u00bbcenter\u00a0\u00bb global_colors_info=\u00a0\u00bb{}\u00a0\u00bb][\/et_pb_divider][\/et_pb_column][\/et_pb_row][\/et_pb_section][et_pb_section fb_built=\u00a0\u00bb1&Prime; _builder_version=\u00a0\u00bb4.27.4&Prime; _module_preset=\u00a0\u00bbdefault\u00a0\u00bb global_colors_info=\u00a0\u00bb{}\u00a0\u00bb][et_pb_row column_structure=\u00a0\u00bb1_2,1_2&Prime; _builder_version=\u00a0\u00bb4.27.4&Prime; _module_preset=\u00a0\u00bbdefault\u00a0\u00bb global_colors_info=\u00a0\u00bb{}\u00a0\u00bb][et_pb_column type=\u00a0\u00bb1_2&Prime; _builder_version=\u00a0\u00bb4.27.4&Prime; _module_preset=\u00a0\u00bbdefault\u00a0\u00bb global_colors_info=\u00a0\u00bb{}\u00a0\u00bb][et_pb_heading title=\u00a0\u00bbContinuez vers l&rsquo;Hacienda San Pedro Ochil\u00a0\u00bb _builder_version=\u00a0\u00bb4.27.4&Prime; _module_preset=\u00a0\u00bbdefault\u00a0\u00bb title_level=\u00a0\u00bbh3&Prime; title_font=\u00a0\u00bbPlayfair Display|700|||||||\u00a0\u00bb global_colors_info=\u00a0\u00bb{}\u00a0\u00bb][\/et_pb_heading][et_pb_text _builder_version=\u00a0\u00bb4.27.4&Prime; _module_preset=\u00a0\u00bbdefault\u00a0\u00bb text_orientation=\u00a0\u00bbjustified\u00a0\u00bb global_colors_info=\u00a0\u00bb{}\u00a0\u00bb]<\/p>\n<p><b>L&rsquo;Hacienda San Pedro Ochil est un v\u00e9ritable havre de paix situ\u00e9 dans la r\u00e9gion du Yucatan au Mexique. Cette magnifique propri\u00e9t\u00e9 historique offre une exp\u00e9rience unique aux visiteurs, avec ses jardins luxuriants, ses b\u00e2timents coloniaux bien conserv\u00e9s et son atmosph\u00e8re paisible.<\/b><\/p>\n<p>[\/et_pb_text][et_pb_button button_url=\u00a0\u00bb@ET-DC@eyJkeW5hbWljIjp0cnVlLCJjb250ZW50IjoicG9zdF9saW5rX3VybF9wYWdlIiwic2V0dGluZ3MiOnsicG9zdF9pZCI6IjE5MjMifX0=@\u00a0\u00bb button_text=\u00a0\u00bbHacienda San Pedro Ochil\u00a0\u00bb button_alignment=\u00a0\u00bbcenter\u00a0\u00bb _builder_version=\u00a0\u00bb4.27.4&Prime; _dynamic_attributes=\u00a0\u00bbbutton_url\u00a0\u00bb _module_preset=\u00a0\u00bbdefault\u00a0\u00bb custom_button=\u00a0\u00bbon\u00a0\u00bb button_text_color=\u00a0\u00bb#FFFFFF\u00a0\u00bb button_bg_color=\u00a0\u00bb#515151&Prime; button_border_color=\u00a0\u00bb#FFFFFF\u00a0\u00bb button_border_radius=\u00a0\u00bb10px\u00a0\u00bb button_font=\u00a0\u00bbPlayfair Display||||||||\u00a0\u00bb button_icon=\u00a0\u00bb&#xf57d;||fa||900&Prime; animation_style=\u00a0\u00bbzoom\u00a0\u00bb box_shadow_style=\u00a0\u00bbpreset2&Prime; global_colors_info=\u00a0\u00bb{}\u00a0\u00bb][\/et_pb_button][\/et_pb_column][et_pb_column type=\u00a0\u00bb1_2&Prime; _builder_version=\u00a0\u00bb4.27.4&Prime; _module_preset=\u00a0\u00bbdefault\u00a0\u00bb global_colors_info=\u00a0\u00bb{}\u00a0\u00bb][et_pb_image src=\u00a0\u00bbhttps:\/\/voyaphil.com\/wp-content\/uploads\/2025\/09\/LHacienda-San-Pedro-Ochil.webp\u00a0\u00bb alt=\u00a0\u00bbL&rsquo;Hacienda San Pedro Ochil\u00a0\u00bb title_text=\u00a0\u00bbL&rsquo;Hacienda San Pedro Ochil\u00a0\u00bb align=\u00a0\u00bbcenter\u00a0\u00bb _builder_version=\u00a0\u00bb4.27.4&Prime; _module_preset=\u00a0\u00bbdefault\u00a0\u00bb animation_style=\u00a0\u00bbfold\u00a0\u00bb border_radii=\u00a0\u00bbon|10px|10px|10px|10px\u00a0\u00bb box_shadow_style=\u00a0\u00bbpreset2&Prime; global_colors_info=\u00a0\u00bb{}\u00a0\u00bb][\/et_pb_image][\/et_pb_column][\/et_pb_row][\/et_pb_section]<\/p>\n","protected":false},"excerpt":{"rendered":"<p>\ud83c\udfa9 B\u00e9cal : le village des chapeaux tiss\u00e9s dans la pierre \ud83d\udccd Localisation Situ\u00e9 \u00e0 la fronti\u00e8re entre les \u00c9tats de Campeche et du Yucat\u00e1n, \u00e0 environ 10 km au nord de Calkin\u00ed. Ce paisible village est entour\u00e9 de terres agricoles, de petits hameaux, et baign\u00e9 par une atmosph\u00e8re rurale et chaleureuse. \ud83e\uddf5 Artisanat embl\u00e9matique [&hellip;]<\/p>\n","protected":false},"author":1,"featured_media":0,"parent":0,"menu_order":0,"comment_status":"closed","ping_status":"closed","template":"","meta":{"_seopress_robots_primary_cat":"","_seopress_titles_title":"Becal, Yucat\u00e1n : village mexicain et photos authentiques","_seopress_titles_desc":"Becal, Yucat\u00e1n : r\u00e9cits et photos du village mexicain, entre artisanat traditionnel et charme authentique.","_seopress_robots_index":"","_et_pb_use_builder":"on","_et_pb_old_content":"","_et_gb_content_width":"","footnotes":""},"class_list":["post-1896","page","type-page","status-publish","hentry"],"_links":{"self":[{"href":"https:\/\/voyaphil.com\/en\/wp-json\/wp\/v2\/pages\/1896","targetHints":{"allow":["GET"]}}],"collection":[{"href":"https:\/\/voyaphil.com\/en\/wp-json\/wp\/v2\/pages"}],"about":[{"href":"https:\/\/voyaphil.com\/en\/wp-json\/wp\/v2\/types\/page"}],"author":[{"embeddable":true,"href":"https:\/\/voyaphil.com\/en\/wp-json\/wp\/v2\/users\/1"}],"replies":[{"embeddable":true,"href":"https:\/\/voyaphil.com\/en\/wp-json\/wp\/v2\/comments?post=1896"}],"version-history":[{"count":9,"href":"https:\/\/voyaphil.com\/en\/wp-json\/wp\/v2\/pages\/1896\/revisions"}],"predecessor-version":[{"id":3017,"href":"https:\/\/voyaphil.com\/en\/wp-json\/wp\/v2\/pages\/1896\/revisions\/3017"}],"wp:attachment":[{"href":"https:\/\/voyaphil.com\/en\/wp-json\/wp\/v2\/media?parent=1896"}],"curies":[{"name":"wp","href":"https:\/\/api.w.org\/{rel}","templated":true}]}}