{"id":1942,"date":"2025-09-03T22:29:44","date_gmt":"2025-09-03T22:29:44","guid":{"rendered":"https:\/\/voyaphil.com\/?page_id=1942"},"modified":"2025-12-05T23:02:29","modified_gmt":"2025-12-05T23:02:29","slug":"uxmal","status":"publish","type":"page","link":"https:\/\/voyaphil.com\/en\/uxmal\/","title":{"rendered":"Uxmal"},"content":{"rendered":"<p>[et_pb_section fb_built=\u00a0\u00bb1&Prime; _builder_version=\u00a0\u00bb4.27.4&Prime; _module_preset=\u00a0\u00bbdefault\u00a0\u00bb background_image=\u00a0\u00bbhttps:\/\/voyaphil.com\/wp-content\/uploads\/2025\/09\/Le-site-dUxmal.webp\u00a0\u00bb global_colors_info=\u00a0\u00bb{}\u00a0\u00bb][et_pb_row column_structure=\u00a0\u00bb1_2,1_2&Prime; _builder_version=\u00a0\u00bb4.27.4&Prime; _module_preset=\u00a0\u00bbdefault\u00a0\u00bb custom_padding=\u00a0\u00bb||44px|||\u00a0\u00bb global_colors_info=\u00a0\u00bb{}\u00a0\u00bb][et_pb_column type=\u00a0\u00bb1_2&Prime; _builder_version=\u00a0\u00bb4.27.4&Prime; _module_preset=\u00a0\u00bbdefault\u00a0\u00bb global_colors_info=\u00a0\u00bb{}\u00a0\u00bb][et_pb_heading title=\u00a0\u00bbUxmal\u00a0\u00bb _builder_version=\u00a0\u00bb4.27.4&Prime; _module_preset=\u00a0\u00bbdefault\u00a0\u00bb title_font=\u00a0\u00bbPlayfair Display||||||||\u00a0\u00bb title_text_align=\u00a0\u00bbright\u00a0\u00bb title_text_color=\u00a0\u00bb#FFFFFF\u00a0\u00bb title_text_shadow_style=\u00a0\u00bbpreset2&Prime; global_colors_info=\u00a0\u00bb{}\u00a0\u00bb][\/et_pb_heading][\/et_pb_column][et_pb_column type=\u00a0\u00bb1_2&Prime; _builder_version=\u00a0\u00bb4.27.4&Prime; _module_preset=\u00a0\u00bbdefault\u00a0\u00bb global_colors_info=\u00a0\u00bb{}\u00a0\u00bb][et_pb_image src=\u00a0\u00bbhttps:\/\/voyaphil.com\/wp-content\/uploads\/2025\/09\/Mexico.gif\u00a0\u00bb title_text=\u00a0\u00bbMexico\u00a0\u00bb align=\u00a0\u00bbcenter\u00a0\u00bb _builder_version=\u00a0\u00bb4.27.4&Prime; _module_preset=\u00a0\u00bbdefault\u00a0\u00bb transform_scale=\u00a0\u00bb70%|70%\u00a0\u00bb transform_origin=\u00a0\u00bb-100%|-54%\u00a0\u00bb global_colors_info=\u00a0\u00bb{}\u00a0\u00bb][\/et_pb_image][\/et_pb_column][\/et_pb_row][et_pb_row _builder_version=\u00a0\u00bb4.27.4&Prime; _module_preset=\u00a0\u00bbdefault\u00a0\u00bb global_colors_info=\u00a0\u00bb{}\u00a0\u00bb][et_pb_column type=\u00a0\u00bb4_4&Prime; _builder_version=\u00a0\u00bb4.27.4&Prime; _module_preset=\u00a0\u00bbdefault\u00a0\u00bb global_colors_info=\u00a0\u00bb{}\u00a0\u00bb][et_pb_heading title=\u00a0\u00bbBienvenue \u00e0 Uxmal\u00a0\u00bb _builder_version=\u00a0\u00bb4.27.4&Prime; _module_preset=\u00a0\u00bbdefault\u00a0\u00bb title_level=\u00a0\u00bbh2&Prime; title_font=\u00a0\u00bbPlayfair Display||||||||\u00a0\u00bb title_text_align=\u00a0\u00bbcenter\u00a0\u00bb title_text_color=\u00a0\u00bb#FFFFFF\u00a0\u00bb title_text_shadow_style=\u00a0\u00bbpreset2&Prime; global_colors_info=\u00a0\u00bb{}\u00a0\u00bb][\/et_pb_heading][\/et_pb_column][\/et_pb_row][\/et_pb_section][et_pb_section fb_built=\u00a0\u00bb1&Prime; _builder_version=\u00a0\u00bb4.27.4&Prime; _module_preset=\u00a0\u00bbdefault\u00a0\u00bb custom_padding=\u00a0\u00bb||19px|||\u00a0\u00bb global_colors_info=\u00a0\u00bb{}\u00a0\u00bb][et_pb_row column_structure=\u00a0\u00bb1_2,1_2&Prime; _builder_version=\u00a0\u00bb4.27.4&Prime; _module_preset=\u00a0\u00bbdefault\u00a0\u00bb global_colors_info=\u00a0\u00bb{}\u00a0\u00bb][et_pb_column type=\u00a0\u00bb1_2&Prime; _builder_version=\u00a0\u00bb4.27.4&Prime; _module_preset=\u00a0\u00bbdefault\u00a0\u00bb global_colors_info=\u00a0\u00bb{}\u00a0\u00bb][et_pb_text _builder_version=\u00a0\u00bb4.27.4&Prime; _module_preset=\u00a0\u00bbdefault\u00a0\u00bb global_colors_info=\u00a0\u00bb{}\u00a0\u00bb]<\/p>\n<p><!--StartFragment --><\/p>\n<p>\ud83c\udfdb\ufe0f <strong>Uxmal : la cit\u00e9 aux trois constructions<\/strong><\/p>\n<p>\ud83d\udccd <strong>Localisation<\/strong><\/p>\n<ul>\n<li>Situ\u00e9e \u00e0 environ <strong>78 km au sud de M\u00e9rida<\/strong>, dans l\u2019\u00c9tat du <strong>Yucat\u00e1n<\/strong>, au c\u0153ur de la r\u00e9gion dite <strong>Puuc<\/strong>, caract\u00e9ris\u00e9e par ses collines douces et fertiles.<\/li>\n<li>Le nom <em>Uxmal<\/em> signifie en langue maya <strong>\u201ctrois fois construite\u201d<\/strong>, en r\u00e9f\u00e9rence aux reconstructions successives de la cit\u00e9.<\/li>\n<\/ul>\n<p>\ud83e\udded <strong>Histoire et rayonnement<\/strong><\/p>\n<ul>\n<li>Uxmal connut son apog\u00e9e entre <strong>800 et 950 apr. J.-C.<\/strong>, pendant la p\u00e9riode classique tardive.<\/li>\n<li>Elle fut la capitale du <strong>royaume des Xiu<\/strong>, l\u2019un des groupes mayas les plus influents de la r\u00e9gion.<\/li>\n<li>La cit\u00e9 forma bri\u00e8vement une alliance avec <strong>Chich\u00e9n Itz\u00e1<\/strong>, mais conserva une <strong>identit\u00e9 architecturale distincte<\/strong>, centr\u00e9e sur le style <strong>Puuc<\/strong>.<\/li>\n<\/ul>\n<p>\ud83c\udfef <strong>Architecture et monuments majeurs<\/strong><\/p>\n<p>Uxmal est c\u00e9l\u00e8bre pour la <strong>finesse de ses d\u00e9corations en pierre<\/strong>, ses <strong>fa\u00e7ades sculpt\u00e9es<\/strong>, et ses <strong>proportions harmonieuses<\/strong> :<\/p>\n<ul>\n<li><strong>La Pyramide du Devin (Templo del Adivino)<\/strong> : structure embl\u00e9matique \u00e0 base ovale, haute de 35 m\u00e8tres, aux contours arrondis inhabituels dans le monde maya.<\/li>\n<li><strong>Le Quadrilat\u00e8re des Nonnes<\/strong> : ensemble de quatre b\u00e2timents richement d\u00e9cor\u00e9s, avec des motifs g\u00e9om\u00e9triques, des masques du dieu de la pluie <strong>Chac<\/strong>, et des serpents entrelac\u00e9s.<\/li>\n<li><strong>Le Palais du Gouverneur<\/strong> : chef-d\u2019\u0153uvre du style Puuc, avec plus de 20 000 pierres sculpt\u00e9es, repr\u00e9sentant des jaguars, des divinit\u00e9s et des glyphes.<\/li>\n<li><strong>La Maison des Tortues<\/strong> : petit temple d\u00e9di\u00e9 \u00e0 Chac, o\u00f9 les tortues symbolisent la pluie et la fertilit\u00e9.<\/li>\n<li><strong>Le Jeu de Pelote<\/strong> : terrain c\u00e9r\u00e9moniel o\u00f9 se d\u00e9roulaient des comp\u00e9titions rituelles.<\/li>\n<\/ul>\n<p>\ud83c\udf3f <strong>Ambiance et exp\u00e9rience de visite<\/strong><\/p>\n<ul>\n<li>Le site est <strong>paisible et majestueux<\/strong>, souvent moins fr\u00e9quent\u00e9 que Chich\u00e9n Itz\u00e1, ce qui permet une <strong>visite contemplative<\/strong>.<\/li>\n<li>L\u2019environnement naturel est <strong>verdoyant<\/strong>, avec des oiseaux tropicaux, des iguanes, et une lumi\u00e8re dor\u00e9e qui sublime les pierres au lever et au coucher du soleil.<\/li>\n<li>Des <strong>panneaux explicatifs<\/strong> et des <strong>guides locaux<\/strong> permettent de mieux comprendre les symboles et les fonctions des b\u00e2timents.<\/li>\n<\/ul>\n<p>\ud83e\uddec <strong>Style Puuc : signature d\u2019Uxmal<\/strong><\/p>\n<ul>\n<li>Le style Puuc se distingue par :<\/li>\n<\/ul>\n<ul>\n<li>Des <strong>bases sobres<\/strong> et des <strong>parties sup\u00e9rieures richement orn\u00e9es<\/strong>.<\/li>\n<li>L\u2019usage de <strong>colonnes<\/strong>, de <strong>frises en mosa\u00efque<\/strong>, et de <strong>masques de divinit\u00e9s<\/strong>.<\/li>\n<li>Une <strong>ma\u00eetrise technique<\/strong> dans l\u2019assemblage des pierres sans mortier.<\/li>\n<\/ul>\n<p>\u2728 <strong>Pourquoi Uxmal est inoubliable<\/strong><\/p>\n<p>C\u2019est une cit\u00e9 o\u00f9 <strong>l\u2019\u00e9l\u00e9gance architecturale<\/strong> rencontre <strong>la spiritualit\u00e9 maya<\/strong>, o\u00f9 <strong>chaque fa\u00e7ade raconte une cosmogonie<\/strong>, et o\u00f9 <strong>le silence des pierres dialogue avec le ciel du Yucat\u00e1n<\/strong>. Uxmal est <strong>raffin\u00e9e, myst\u00e9rieuse et profond\u00e9ment po\u00e9tique.<\/strong><!--EndFragment --><\/p>\n<p>[\/et_pb_text][\/et_pb_column][et_pb_column type=\u00a0\u00bb1_2&Prime; _builder_version=\u00a0\u00bb4.27.4&Prime; _module_preset=\u00a0\u00bbdefault\u00a0\u00bb global_colors_info=\u00a0\u00bb{}\u00a0\u00bb][et_pb_code _builder_version=\u00a0\u00bb4.27.4&Prime; _module_preset=\u00a0\u00bbdefault\u00a0\u00bb global_colors_info=\u00a0\u00bb{}\u00a0\u00bb]<iframe src=\"https:\/\/www.google.com\/maps\/embed?pb=!1m18!1m12!1m3!1d29924.673692364853!2d-89.79126002107792!3d20.358788492187198!2m3!1f0!2f0!3f0!3m2!1i1024!2i768!4f13.1!3m3!1m2!1s0x8f563486bea73c4f%3A0x596dab6aee51089a!2sUxmal%2C%20Yucat%C3%A1n%2C%20Mexique!5e0!3m2!1sfr!2sfr!4v1756938562316!5m2!1sfr!2sfr\" width=\"600\" height=\"450\" style=\"border:0;\" allowfullscreen=\"\" loading=\"lazy\" referrerpolicy=\"no-referrer-when-downgrade\"><\/iframe>[\/et_pb_code][\/et_pb_column][\/et_pb_row][\/et_pb_section][et_pb_section fb_built=\u00a0\u00bb1&Prime; _builder_version=\u00a0\u00bb4.27.4&Prime; _module_preset=\u00a0\u00bbdefault\u00a0\u00bb custom_padding=\u00a0\u00bb17px||11px|||\u00a0\u00bb global_colors_info=\u00a0\u00bb{}\u00a0\u00bb][et_pb_row _builder_version=\u00a0\u00bb4.27.4&Prime; _module_preset=\u00a0\u00bbdefault\u00a0\u00bb custom_padding=\u00a0\u00bb||9px|||\u00a0\u00bb global_colors_info=\u00a0\u00bb{}\u00a0\u00bb][et_pb_column type=\u00a0\u00bb4_4&Prime; _builder_version=\u00a0\u00bb4.27.4&Prime; _module_preset=\u00a0\u00bbdefault\u00a0\u00bb global_colors_info=\u00a0\u00bb{}\u00a0\u00bb][et_pb_divider divider_weight=\u00a0\u00bb4px\u00a0\u00bb _builder_version=\u00a0\u00bb4.27.4&Prime; _module_preset=\u00a0\u00bbdefault\u00a0\u00bb width=\u00a0\u00bb50%\u00a0\u00bb module_alignment=\u00a0\u00bbcenter\u00a0\u00bb global_colors_info=\u00a0\u00bb{}\u00a0\u00bb][\/et_pb_divider][\/et_pb_column][\/et_pb_row][et_pb_row _builder_version=\u00a0\u00bb4.27.5&Prime; _module_preset=\u00a0\u00bbdefault\u00a0\u00bb][et_pb_column _builder_version=\u00a0\u00bb4.27.5&Prime; _module_preset=\u00a0\u00bbdefault\u00a0\u00bb type=\u00a0\u00bb4_4&Prime;][et_pb_heading title=\u00a0\u00bbUxmal en vid\u00e9o\u00a0\u00bb _builder_version=\u00a0\u00bb4.27.5&Prime; _module_preset=\u00a0\u00bbdefault\u00a0\u00bb hover_enabled=\u00a0\u00bb0&Prime; sticky_enabled=\u00a0\u00bb0&Prime; title_level=\u00a0\u00bbh3&Prime; title_font=\u00a0\u00bbPlayfair Display||||||||\u00a0\u00bb title_text_align=\u00a0\u00bbcenter\u00a0\u00bb][\/et_pb_heading][\/et_pb_column][\/et_pb_row][\/et_pb_section][et_pb_section fb_built=\u00a0\u00bb1&Prime; _builder_version=\u00a0\u00bb4.27.4&Prime; _module_preset=\u00a0\u00bbdefault\u00a0\u00bb custom_padding=\u00a0\u00bb14px||13px|||\u00a0\u00bb global_colors_info=\u00a0\u00bb{}\u00a0\u00bb][et_pb_row _builder_version=\u00a0\u00bb4.27.4&Prime; _module_preset=\u00a0\u00bbdefault\u00a0\u00bb global_colors_info=\u00a0\u00bb{}\u00a0\u00bb][et_pb_column type=\u00a0\u00bb4_4&Prime; _builder_version=\u00a0\u00bb4.27.4&Prime; _module_preset=\u00a0\u00bbdefault\u00a0\u00bb global_colors_info=\u00a0\u00bb{}\u00a0\u00bb][et_pb_video src=\u00a0\u00bbhttps:\/\/www.youtube.com\/watch?v=_lf6ugVbOtM\u00a0\u00bb _builder_version=\u00a0\u00bb4.27.4&Prime; _module_preset=\u00a0\u00bbdefault\u00a0\u00bb border_radii=\u00a0\u00bbon|10px|10px|10px|10px\u00a0\u00bb global_colors_info=\u00a0\u00bb{}\u00a0\u00bb][\/et_pb_video][\/et_pb_column][\/et_pb_row][\/et_pb_section][et_pb_section fb_built=\u00a0\u00bb1&Prime; _builder_version=\u00a0\u00bb4.27.4&Prime; _module_preset=\u00a0\u00bbdefault\u00a0\u00bb custom_padding=\u00a0\u00bb17px||11px|||\u00a0\u00bb global_colors_info=\u00a0\u00bb{}\u00a0\u00bb][et_pb_row _builder_version=\u00a0\u00bb4.27.4&Prime; _module_preset=\u00a0\u00bbdefault\u00a0\u00bb custom_padding=\u00a0\u00bb||9px|||\u00a0\u00bb global_colors_info=\u00a0\u00bb{}\u00a0\u00bb][et_pb_column type=\u00a0\u00bb4_4&Prime; _builder_version=\u00a0\u00bb4.27.4&Prime; _module_preset=\u00a0\u00bbdefault\u00a0\u00bb global_colors_info=\u00a0\u00bb{}\u00a0\u00bb][et_pb_divider divider_weight=\u00a0\u00bb4px\u00a0\u00bb _builder_version=\u00a0\u00bb4.27.4&Prime; _module_preset=\u00a0\u00bbdefault\u00a0\u00bb width=\u00a0\u00bb50%\u00a0\u00bb module_alignment=\u00a0\u00bbcenter\u00a0\u00bb global_colors_info=\u00a0\u00bb{}\u00a0\u00bb][\/et_pb_divider][\/et_pb_column][\/et_pb_row][\/et_pb_section][et_pb_section fb_built=\u00a0\u00bb1&Prime; _builder_version=\u00a0\u00bb4.27.4&Prime; _module_preset=\u00a0\u00bbdefault\u00a0\u00bb global_colors_info=\u00a0\u00bb{}\u00a0\u00bb][et_pb_row column_structure=\u00a0\u00bb1_2,1_2&Prime; _builder_version=\u00a0\u00bb4.27.4&Prime; _module_preset=\u00a0\u00bbdefault\u00a0\u00bb global_colors_info=\u00a0\u00bb{}\u00a0\u00bb][et_pb_column type=\u00a0\u00bb1_2&Prime; _builder_version=\u00a0\u00bb4.27.4&Prime; _module_preset=\u00a0\u00bbdefault\u00a0\u00bb global_colors_info=\u00a0\u00bb{}\u00a0\u00bb][et_pb_heading title=\u00a0\u00bbContinuez vers les Cenotes X-Batun et Dzombakal\u00a0\u00bb _builder_version=\u00a0\u00bb4.27.4&Prime; _module_preset=\u00a0\u00bbdefault\u00a0\u00bb title_level=\u00a0\u00bbh3&Prime; title_font=\u00a0\u00bbPlayfair Display|700|||||||\u00a0\u00bb global_colors_info=\u00a0\u00bb{}\u00a0\u00bb][\/et_pb_heading][et_pb_text _builder_version=\u00a0\u00bb4.27.4&Prime; _module_preset=\u00a0\u00bbdefault\u00a0\u00bb text_orientation=\u00a0\u00bbjustified\u00a0\u00bb global_colors_info=\u00a0\u00bb{}\u00a0\u00bb]<\/p>\n<p><b>Les Cenotes X-Batun et Dzombakal sont deux merveilles naturelles situ\u00e9es dans la p\u00e9ninsule du Yucatan, au Mexique. Ces puits sacr\u00e9s mayas offrent une exp\u00e9rience unique aux visiteurs, avec leurs eaux cristallines et leur v\u00e9g\u00e9tation luxuriante.<\/b><\/p>\n<p>[\/et_pb_text][et_pb_button button_url=\u00a0\u00bb@ET-DC@eyJkeW5hbWljIjp0cnVlLCJjb250ZW50IjoicG9zdF9saW5rX3VybF9wYWdlIiwic2V0dGluZ3MiOnsicG9zdF9pZCI6IjE5NTcifX0=@\u00a0\u00bb button_text=\u00a0\u00bbCenotes X-Batun et Dzombakal\u00a0\u00bb button_alignment=\u00a0\u00bbcenter\u00a0\u00bb _builder_version=\u00a0\u00bb4.27.4&Prime; _dynamic_attributes=\u00a0\u00bbbutton_url\u00a0\u00bb _module_preset=\u00a0\u00bbdefault\u00a0\u00bb custom_button=\u00a0\u00bbon\u00a0\u00bb button_text_color=\u00a0\u00bb#FFFFFF\u00a0\u00bb button_bg_color=\u00a0\u00bb#3f3f3f\u00a0\u00bb button_border_color=\u00a0\u00bb#FFFFFF\u00a0\u00bb button_border_radius=\u00a0\u00bb10px\u00a0\u00bb button_font=\u00a0\u00bbPlayfair Display||||||||\u00a0\u00bb button_icon=\u00a0\u00bb&#xf57d;||fa||900&Prime; animation_style=\u00a0\u00bbzoom\u00a0\u00bb box_shadow_style=\u00a0\u00bbpreset2&Prime; global_colors_info=\u00a0\u00bb{}\u00a0\u00bb][\/et_pb_button][\/et_pb_column][et_pb_column type=\u00a0\u00bb1_2&Prime; _builder_version=\u00a0\u00bb4.27.4&Prime; _module_preset=\u00a0\u00bbdefault\u00a0\u00bb global_colors_info=\u00a0\u00bb{}\u00a0\u00bb][et_pb_image src=\u00a0\u00bbhttps:\/\/voyaphil.com\/wp-content\/uploads\/2025\/09\/Les-cenotes-x-batum-et-dzombakal.webp\u00a0\u00bb alt=\u00a0\u00bbLes cenotes x-batum et dzombakal\u00a0\u00bb title_text=\u00a0\u00bbLes cenotes x-batum et dzombakal\u00a0\u00bb align=\u00a0\u00bbcenter\u00a0\u00bb _builder_version=\u00a0\u00bb4.27.4&Prime; _module_preset=\u00a0\u00bbdefault\u00a0\u00bb animation_style=\u00a0\u00bbfold\u00a0\u00bb border_radii=\u00a0\u00bbon|10px|10px|10px|10px\u00a0\u00bb box_shadow_style=\u00a0\u00bbpreset2&Prime; global_colors_info=\u00a0\u00bb{}\u00a0\u00bb][\/et_pb_image][\/et_pb_column][\/et_pb_row][\/et_pb_section]<\/p>\n","protected":false},"excerpt":{"rendered":"<p>\ud83c\udfdb\ufe0f Uxmal : la cit\u00e9 aux trois constructions \ud83d\udccd Localisation Situ\u00e9e \u00e0 environ 78 km au sud de M\u00e9rida, dans l\u2019\u00c9tat du Yucat\u00e1n, au c\u0153ur de la r\u00e9gion dite Puuc, caract\u00e9ris\u00e9e par ses collines douces et fertiles. Le nom Uxmal signifie en langue maya \u201ctrois fois construite\u201d, en r\u00e9f\u00e9rence aux reconstructions successives de la cit\u00e9. [&hellip;]<\/p>\n","protected":false},"author":1,"featured_media":0,"parent":0,"menu_order":0,"comment_status":"closed","ping_status":"closed","template":"","meta":{"_seopress_robots_primary_cat":"","_seopress_titles_title":"Uxmal : cit\u00e9 pr\u00e9colombienne du Mexique r\u00e9v\u00e9l\u00e9e en vid\u00e9o","_seopress_titles_desc":"Uxmal, Mexique : cit\u00e9 pr\u00e9colombienne fond\u00e9e vers l\u2019an 700, abritant jusqu\u2019\u00e0 25 000 habitants, r\u00e9v\u00e9l\u00e9s en vid\u00e9o immersive.","_seopress_robots_index":"","_et_pb_use_builder":"on","_et_pb_old_content":"","_et_gb_content_width":"","footnotes":""},"class_list":["post-1942","page","type-page","status-publish","hentry"],"_links":{"self":[{"href":"https:\/\/voyaphil.com\/en\/wp-json\/wp\/v2\/pages\/1942","targetHints":{"allow":["GET"]}}],"collection":[{"href":"https:\/\/voyaphil.com\/en\/wp-json\/wp\/v2\/pages"}],"about":[{"href":"https:\/\/voyaphil.com\/en\/wp-json\/wp\/v2\/types\/page"}],"author":[{"embeddable":true,"href":"https:\/\/voyaphil.com\/en\/wp-json\/wp\/v2\/users\/1"}],"replies":[{"embeddable":true,"href":"https:\/\/voyaphil.com\/en\/wp-json\/wp\/v2\/comments?post=1942"}],"version-history":[{"count":8,"href":"https:\/\/voyaphil.com\/en\/wp-json\/wp\/v2\/pages\/1942\/revisions"}],"predecessor-version":[{"id":3198,"href":"https:\/\/voyaphil.com\/en\/wp-json\/wp\/v2\/pages\/1942\/revisions\/3198"}],"wp:attachment":[{"href":"https:\/\/voyaphil.com\/en\/wp-json\/wp\/v2\/media?parent=1942"}],"curies":[{"name":"wp","href":"https:\/\/api.w.org\/{rel}","templated":true}]}}