{"id":1957,"date":"2025-09-03T22:51:10","date_gmt":"2025-09-03T22:51:10","guid":{"rendered":"https:\/\/voyaphil.com\/?page_id=1957"},"modified":"2025-12-04T18:12:35","modified_gmt":"2025-12-04T18:12:35","slug":"cenotes-x-batun-et-dzombakal","status":"publish","type":"page","link":"https:\/\/voyaphil.com\/en\/cenotes-x-batun-et-dzombakal\/","title":{"rendered":"Cenotes X Batun and Dzombakal"},"content":{"rendered":"<p>[et_pb_section fb_built=\u00a0\u00bb1&Prime; _builder_version=\u00a0\u00bb4.27.4&Prime; _module_preset=\u00a0\u00bbdefault\u00a0\u00bb background_image=\u00a0\u00bbhttps:\/\/voyaphil.com\/wp-content\/uploads\/2025\/09\/La-cenote-x-batum.webp\u00a0\u00bb global_colors_info=\u00a0\u00bb{}\u00a0\u00bb][et_pb_row column_structure=\u00a0\u00bb1_2,1_2&Prime; _builder_version=\u00a0\u00bb4.27.4&Prime; _module_preset=\u00a0\u00bbdefault\u00a0\u00bb min_height=\u00a0\u00bb234.1px\u00a0\u00bb global_colors_info=\u00a0\u00bb{}\u00a0\u00bb][et_pb_column type=\u00a0\u00bb1_2&Prime; _builder_version=\u00a0\u00bb4.27.4&Prime; _module_preset=\u00a0\u00bbdefault\u00a0\u00bb global_colors_info=\u00a0\u00bb{}\u00a0\u00bb][et_pb_heading title=\u00a0\u00bbCenotes X Batun et Dzombakal\u00a0\u00bb _builder_version=\u00a0\u00bb4.27.4&Prime; _module_preset=\u00a0\u00bbdefault\u00a0\u00bb title_font=\u00a0\u00bbPlayfair Display||||||||\u00a0\u00bb title_text_align=\u00a0\u00bbright\u00a0\u00bb title_text_color=\u00a0\u00bb#FFFFFF\u00a0\u00bb title_text_shadow_style=\u00a0\u00bbpreset2&Prime; global_colors_info=\u00a0\u00bb{}\u00a0\u00bb][\/et_pb_heading][\/et_pb_column][et_pb_column type=\u00a0\u00bb1_2&Prime; _builder_version=\u00a0\u00bb4.27.4&Prime; _module_preset=\u00a0\u00bbdefault\u00a0\u00bb global_colors_info=\u00a0\u00bb{}\u00a0\u00bb][et_pb_image src=\u00a0\u00bbhttps:\/\/voyaphil.com\/wp-content\/uploads\/2025\/09\/Mexico.gif\u00a0\u00bb title_text=\u00a0\u00bbMexico\u00a0\u00bb _builder_version=\u00a0\u00bb4.27.4&Prime; _module_preset=\u00a0\u00bbdefault\u00a0\u00bb transform_scale=\u00a0\u00bb70%|70%\u00a0\u00bb transform_origin=\u00a0\u00bb-8%|-50%\u00a0\u00bb global_colors_info=\u00a0\u00bb{}\u00a0\u00bb][\/et_pb_image][\/et_pb_column][\/et_pb_row][et_pb_row _builder_version=\u00a0\u00bb4.27.4&Prime; _module_preset=\u00a0\u00bbdefault\u00a0\u00bb global_colors_info=\u00a0\u00bb{}\u00a0\u00bb][et_pb_column type=\u00a0\u00bb4_4&Prime; _builder_version=\u00a0\u00bb4.27.4&Prime; _module_preset=\u00a0\u00bbdefault\u00a0\u00bb global_colors_info=\u00a0\u00bb{}\u00a0\u00bb][et_pb_heading title=\u00a0\u00bbBienvenue aux Cenotes X Batun et Dzombakal\u00a0\u00bb _builder_version=\u00a0\u00bb4.27.4&Prime; _module_preset=\u00a0\u00bbdefault\u00a0\u00bb title_level=\u00a0\u00bbh2&Prime; title_font=\u00a0\u00bbPlayfair Display||||||||\u00a0\u00bb title_text_align=\u00a0\u00bbcenter\u00a0\u00bb title_text_color=\u00a0\u00bb#FFFFFF\u00a0\u00bb title_text_shadow_style=\u00a0\u00bbpreset2&Prime; global_colors_info=\u00a0\u00bb{}\u00a0\u00bb][\/et_pb_heading][\/et_pb_column][\/et_pb_row][\/et_pb_section][et_pb_section fb_built=\u00a0\u00bb1&Prime; _builder_version=\u00a0\u00bb4.27.4&Prime; _module_preset=\u00a0\u00bbdefault\u00a0\u00bb custom_padding=\u00a0\u00bb||14px|||\u00a0\u00bb global_colors_info=\u00a0\u00bb{}\u00a0\u00bb][et_pb_row column_structure=\u00a0\u00bb1_2,1_2&Prime; _builder_version=\u00a0\u00bb4.27.4&Prime; _module_preset=\u00a0\u00bbdefault\u00a0\u00bb global_colors_info=\u00a0\u00bb{}\u00a0\u00bb][et_pb_column type=\u00a0\u00bb1_2&Prime; _builder_version=\u00a0\u00bb4.27.4&Prime; _module_preset=\u00a0\u00bbdefault\u00a0\u00bb global_colors_info=\u00a0\u00bb{}\u00a0\u00bb][et_pb_text _builder_version=\u00a0\u00bb4.27.4&Prime; _module_preset=\u00a0\u00bbdefault\u00a0\u00bb global_colors_info=\u00a0\u00bb{}\u00a0\u00bb]<\/p>\n<p><!--StartFragment --><\/p>\n<p>\ud83d\udca7 <strong>Cenote X-Bat\u00fan : l\u2019\u00e9clat sauvage \u00e0 ciel ouvert<\/strong><\/p>\n<p>\ud83d\udccd <strong>Localisation<\/strong><\/p>\n<ul>\n<li>Situ\u00e9 pr\u00e8s du village de <strong>San Antonio Mulix<\/strong>, \u00e0 environ <strong>50 km au sud de M\u00e9rida<\/strong>, dans une zone paisible et peu touristique.<\/li>\n<\/ul>\n<p>\ud83c\udf3f <strong>Caract\u00e9ristiques<\/strong><\/p>\n<ul>\n<li>Cenote <strong>\u00e0 ciel ouvert<\/strong>, entour\u00e9 de <strong>v\u00e9g\u00e9tation tropicale luxuriante<\/strong>.<\/li>\n<li>L\u2019eau est <strong>d\u2019un bleu cristallin<\/strong>, peu profonde par endroits, id\u00e9ale pour la baignade et le snorkeling.<\/li>\n<li>Des <strong>n\u00e9nuphars g\u00e9ants<\/strong> flottent \u00e0 la surface, tandis que des <strong>lianes et racines<\/strong> descendent le long des parois rocheuses.<\/li>\n<li>On y croise des <strong>petits poissons<\/strong> curieux qui viennent parfois \u00ab\u00a0nettoyer\u00a0\u00bb la peau, comme un spa naturel.<\/li>\n<\/ul>\n<p>\ud83e\uddd8\u200d\u2642\ufe0f <strong>Ambiance<\/strong><\/p>\n<ul>\n<li>Atmosph\u00e8re <strong>calme et sauvage<\/strong>, parfaite pour se d\u00e9tendre loin du tumulte touristique.<\/li>\n<li>Le cenote est g\u00e9r\u00e9 par une <strong>coop\u00e9rative locale<\/strong>, ce qui lui conf\u00e8re un <strong>caract\u00e8re authentique et communautaire<\/strong>.<\/li>\n<\/ul>\n<p>&nbsp;<\/p>\n<p>\ud83c\udf0c <strong>Cenote Dzombakal : la grotte semi-ouverte aux reflets mystiques<\/strong><\/p>\n<p>\ud83d\udccd <strong>Localisation<\/strong><\/p>\n<ul>\n<li>\u00c0 quelques centaines de m\u00e8tres du cenote X-Bat\u00fan, accessible \u00e0 pied ou en v\u00e9lo depuis le m\u00eame point d\u2019entr\u00e9e.<\/li>\n<\/ul>\n<p>\ud83e\udea8 <strong>Caract\u00e9ristiques<\/strong><\/p>\n<ul>\n<li>Cenote <strong>semi-ouvert<\/strong>, entour\u00e9 de <strong>formations rocheuses mill\u00e9naires<\/strong>.<\/li>\n<li>L\u2019eau est <strong>plus profonde<\/strong> et d\u2019un bleu intense, avec des <strong>jeux de lumi\u00e8re<\/strong> qui filtrent \u00e0 travers l\u2019ouverture sup\u00e9rieure.<\/li>\n<li>L\u2019ambiance est <strong>plus intime<\/strong>, presque souterraine, avec une <strong>fra\u00eecheur naturelle<\/strong> qui contraste avec la chaleur ext\u00e9rieure.<\/li>\n<\/ul>\n<p>\ud83d\udc20 <strong>Activit\u00e9s<\/strong><\/p>\n<ul>\n<li>Id\u00e9al pour le <strong>snorkeling<\/strong>, la <strong>photographie<\/strong>, ou simplement pour <strong>flotter en silence<\/strong> dans un d\u00e9cor min\u00e9ral et v\u00e9g\u00e9tal.<\/li>\n<li>Moins fr\u00e9quent\u00e9, il offre une <strong>exp\u00e9rience m\u00e9ditative<\/strong>, propice \u00e0 la contemplation.<\/li>\n<\/ul>\n<p>\ud83d\udd52 <strong>Infos pratiques<\/strong><\/p>\n<ul>\n<li><strong>Horaires<\/strong> : ouverts tous les jours de <strong>8h \u00e0 17h<\/strong>.<\/li>\n<li><strong>Tarif<\/strong> : environ <strong>100 pesos (en 2025) mexicains<\/strong> (env. 5 \u20ac), donnant acc\u00e8s aux deux cenotes.<\/li>\n<li><strong>Acc\u00e8s<\/strong> : route secondaire depuis M\u00e9rida, puis chemin forestier ; possibilit\u00e9 de louer un v\u00e9lo ou de marcher depuis le parking.<\/li>\n<\/ul>\n<p>\u2728 <strong>Pourquoi ces cenotes sont inoubliables<\/strong><\/p>\n<p>Ce sont des lieux o\u00f9 <strong>la nature respire encore librement<\/strong>, o\u00f9 <strong>l\u2019eau devient miroir<\/strong>, et o\u00f9 <strong>le silence est sacr\u00e9<\/strong>. X-Bat\u00fan et Dzombakal sont <strong>des refuges sensoriels<\/strong>, parfaits pour se reconnecter \u00e0 soi-m\u00eame et \u00e0 la terre du Yucat\u00e1n.<!--EndFragment --><\/p>\n<p>[\/et_pb_text][\/et_pb_column][et_pb_column type=\u00a0\u00bb1_2&Prime; _builder_version=\u00a0\u00bb4.27.4&Prime; _module_preset=\u00a0\u00bbdefault\u00a0\u00bb global_colors_info=\u00a0\u00bb{}\u00a0\u00bb][et_pb_code _builder_version=\u00a0\u00bb4.27.4&Prime; _module_preset=\u00a0\u00bbdefault\u00a0\u00bb global_colors_info=\u00a0\u00bb{}\u00a0\u00bb]<iframe src=\"https:\/\/www.google.com\/maps\/embed?pb=!1m18!1m12!1m3!1d3732.8985892818246!2d-89.77572582308045!3d20.673704380888292!2m3!1f0!2f0!3f0!3m2!1i1024!2i768!4f13.1!3m3!1m2!1s0x8f563dd4178d3403%3A0x28d4f1315dbe4a25!2sCenote%20X&#39;batun!5e0!3m2!1sfr!2sfr!4v1756939805382!5m2!1sfr!2sfr\" width=\"600\" height=\"450\" style=\"border:0;\" allowfullscreen=\"\" loading=\"lazy\" referrerpolicy=\"no-referrer-when-downgrade\"><\/iframe>[\/et_pb_code][\/et_pb_column][\/et_pb_row][\/et_pb_section][et_pb_section fb_built=\u00a0\u00bb1&Prime; _builder_version=\u00a0\u00bb4.27.4&Prime; _module_preset=\u00a0\u00bbdefault\u00a0\u00bb custom_padding=\u00a0\u00bb13px||15px|||\u00a0\u00bb global_colors_info=\u00a0\u00bb{}\u00a0\u00bb][et_pb_row _builder_version=\u00a0\u00bb4.27.4&Prime; _module_preset=\u00a0\u00bbdefault\u00a0\u00bb custom_padding=\u00a0\u00bb||7px|||\u00a0\u00bb global_colors_info=\u00a0\u00bb{}\u00a0\u00bb][et_pb_column type=\u00a0\u00bb4_4&Prime; _builder_version=\u00a0\u00bb4.27.4&Prime; _module_preset=\u00a0\u00bbdefault\u00a0\u00bb global_colors_info=\u00a0\u00bb{}\u00a0\u00bb][et_pb_divider divider_weight=\u00a0\u00bb4px\u00a0\u00bb _builder_version=\u00a0\u00bb4.27.4&Prime; _module_preset=\u00a0\u00bbdefault\u00a0\u00bb width=\u00a0\u00bb50%\u00a0\u00bb module_alignment=\u00a0\u00bbcenter\u00a0\u00bb global_colors_info=\u00a0\u00bb{}\u00a0\u00bb][\/et_pb_divider][\/et_pb_column][\/et_pb_row][et_pb_row _builder_version=\u00a0\u00bb4.27.4&Prime; _module_preset=\u00a0\u00bbdefault\u00a0\u00bb][et_pb_column _builder_version=\u00a0\u00bb4.27.4&Prime; _module_preset=\u00a0\u00bbdefault\u00a0\u00bb type=\u00a0\u00bb4_4&Prime;][et_pb_heading title=\u00a0\u00bbCenotes X Batun et Dzombakal en images\u00a0\u00bb _builder_version=\u00a0\u00bb4.27.4&Prime; _module_preset=\u00a0\u00bbdefault\u00a0\u00bb title_level=\u00a0\u00bbh3&Prime; title_font=\u00a0\u00bbPlayfair Display||||||||\u00a0\u00bb title_text_align=\u00a0\u00bbcenter\u00a0\u00bb hover_enabled=\u00a0\u00bb0&Prime; sticky_enabled=\u00a0\u00bb0&Prime;][\/et_pb_heading][\/et_pb_column][\/et_pb_row][\/et_pb_section][et_pb_section fb_built=\u00a0\u00bb1&Prime; _builder_version=\u00a0\u00bb4.27.4&Prime; _module_preset=\u00a0\u00bbdefault\u00a0\u00bb custom_padding=\u00a0\u00bb17px||20px|||\u00a0\u00bb global_colors_info=\u00a0\u00bb{}\u00a0\u00bb][et_pb_row _builder_version=\u00a0\u00bb4.27.4&Prime; _module_preset=\u00a0\u00bbdefault\u00a0\u00bb global_colors_info=\u00a0\u00bb{}\u00a0\u00bb][et_pb_column type=\u00a0\u00bb4_4&Prime; _builder_version=\u00a0\u00bb4.27.4&Prime; _module_preset=\u00a0\u00bbdefault\u00a0\u00bb global_colors_info=\u00a0\u00bb{}\u00a0\u00bb][et_pb_gallery gallery_ids=\u00a0\u00bb1962,1963,1964,1965,1966,1967&Prime; _builder_version=\u00a0\u00bb4.27.4&Prime; _module_preset=\u00a0\u00bbdefault\u00a0\u00bb animation_style=\u00a0\u00bbzoom\u00a0\u00bb border_radii=\u00a0\u00bbon|10px|10px|10px|10px\u00a0\u00bb global_colors_info=\u00a0\u00bb{}\u00a0\u00bb][\/et_pb_gallery][\/et_pb_column][\/et_pb_row][\/et_pb_section][et_pb_section fb_built=\u00a0\u00bb1&Prime; _builder_version=\u00a0\u00bb4.27.4&Prime; _module_preset=\u00a0\u00bbdefault\u00a0\u00bb custom_padding=\u00a0\u00bb13px||15px|||\u00a0\u00bb global_colors_info=\u00a0\u00bb{}\u00a0\u00bb][et_pb_row _builder_version=\u00a0\u00bb4.27.4&Prime; _module_preset=\u00a0\u00bbdefault\u00a0\u00bb custom_padding=\u00a0\u00bb||7px|||\u00a0\u00bb global_colors_info=\u00a0\u00bb{}\u00a0\u00bb][et_pb_column type=\u00a0\u00bb4_4&Prime; _builder_version=\u00a0\u00bb4.27.4&Prime; _module_preset=\u00a0\u00bbdefault\u00a0\u00bb global_colors_info=\u00a0\u00bb{}\u00a0\u00bb][et_pb_divider divider_weight=\u00a0\u00bb4px\u00a0\u00bb _builder_version=\u00a0\u00bb4.27.4&Prime; _module_preset=\u00a0\u00bbdefault\u00a0\u00bb width=\u00a0\u00bb50%\u00a0\u00bb module_alignment=\u00a0\u00bbcenter\u00a0\u00bb global_colors_info=\u00a0\u00bb{}\u00a0\u00bb][\/et_pb_divider][\/et_pb_column][\/et_pb_row][\/et_pb_section][et_pb_section fb_built=\u00a0\u00bb1&Prime; _builder_version=\u00a0\u00bb4.27.4&Prime; _module_preset=\u00a0\u00bbdefault\u00a0\u00bb global_colors_info=\u00a0\u00bb{}\u00a0\u00bb][et_pb_row column_structure=\u00a0\u00bb1_2,1_2&Prime; _builder_version=\u00a0\u00bb4.27.4&Prime; _module_preset=\u00a0\u00bbdefault\u00a0\u00bb global_colors_info=\u00a0\u00bb{}\u00a0\u00bb][et_pb_column type=\u00a0\u00bb1_2&Prime; _builder_version=\u00a0\u00bb4.27.4&Prime; _module_preset=\u00a0\u00bbdefault\u00a0\u00bb global_colors_info=\u00a0\u00bb{}\u00a0\u00bb][et_pb_heading title=\u00a0\u00bbContinuez vers M\u00e9rida\u00a0\u00bb _builder_version=\u00a0\u00bb4.27.4&Prime; _module_preset=\u00a0\u00bbdefault\u00a0\u00bb title_level=\u00a0\u00bbh3&Prime; title_font=\u00a0\u00bbPlayfair Display|700|||||||\u00a0\u00bb global_colors_info=\u00a0\u00bb{}\u00a0\u00bb][\/et_pb_heading][et_pb_text _builder_version=\u00a0\u00bb4.27.4&Prime; _module_preset=\u00a0\u00bbdefault\u00a0\u00bb text_orientation=\u00a0\u00bbjustified\u00a0\u00bb global_colors_info=\u00a0\u00bb{}\u00a0\u00bb]<\/p>\n<p><b>M\u00e9rida, situ\u00e9e dans la p\u00e9ninsule du Yucatan au Mexique, est une ville riche en histoire et en culture. Fond\u00e9e en 1542 par les conquistadors espagnols, elle est connue pour ses b\u00e2timents coloniaux bien conserv\u00e9s, tels que la cath\u00e9drale de San Ildefonso et le palais du gouvernement. La ville est \u00e9galement c\u00e9l\u00e8bre pour sa cuisine traditionnelle yucat\u00e8que, qui comprend des plats tels que le cochinita pibil et les panuchos.<\/b><\/p>\n<p>[\/et_pb_text][et_pb_button button_url=\u00a0\u00bb@ET-DC@eyJkeW5hbWljIjp0cnVlLCJjb250ZW50IjoicG9zdF9saW5rX3VybF9wYWdlIiwic2V0dGluZ3MiOnsicG9zdF9pZCI6IjE5NzgifX0=@\u00a0\u00bb button_text=\u00a0\u00bbM\u00e9rida\u00a0\u00bb button_alignment=\u00a0\u00bbcenter\u00a0\u00bb _builder_version=\u00a0\u00bb4.27.4&Prime; _dynamic_attributes=\u00a0\u00bbbutton_url\u00a0\u00bb _module_preset=\u00a0\u00bbdefault\u00a0\u00bb custom_button=\u00a0\u00bbon\u00a0\u00bb button_text_color=\u00a0\u00bb#FFFFFF\u00a0\u00bb button_bg_color=\u00a0\u00bb#424242&Prime; button_border_color=\u00a0\u00bb#FFFFFF\u00a0\u00bb button_border_radius=\u00a0\u00bb10px\u00a0\u00bb button_font=\u00a0\u00bbPlayfair Display||||||||\u00a0\u00bb button_icon=\u00a0\u00bb&#xf57d;||fa||900&Prime; animation_style=\u00a0\u00bbzoom\u00a0\u00bb box_shadow_style=\u00a0\u00bbpreset2&Prime; global_colors_info=\u00a0\u00bb{}\u00a0\u00bb][\/et_pb_button][\/et_pb_column][et_pb_column type=\u00a0\u00bb1_2&Prime; _builder_version=\u00a0\u00bb4.27.4&Prime; _module_preset=\u00a0\u00bbdefault\u00a0\u00bb global_colors_info=\u00a0\u00bb{}\u00a0\u00bb][et_pb_image src=\u00a0\u00bbhttps:\/\/voyaphil.com\/wp-content\/uploads\/2025\/09\/Ville-de-Merida.webp\u00a0\u00bb alt=\u00a0\u00bbVille de M\u00e9rida\u00a0\u00bb title_text=\u00a0\u00bbVille de M\u00e9rida\u00a0\u00bb align=\u00a0\u00bbcenter\u00a0\u00bb _builder_version=\u00a0\u00bb4.27.4&Prime; _module_preset=\u00a0\u00bbdefault\u00a0\u00bb animation_style=\u00a0\u00bbfold\u00a0\u00bb border_radii=\u00a0\u00bbon|10px|10px|10px|10px\u00a0\u00bb box_shadow_style=\u00a0\u00bbpreset2&Prime; global_colors_info=\u00a0\u00bb{}\u00a0\u00bb][\/et_pb_image][\/et_pb_column][\/et_pb_row][\/et_pb_section]<\/p>\n","protected":false},"excerpt":{"rendered":"<p>\ud83d\udca7 Cenote X-Bat\u00fan : l\u2019\u00e9clat sauvage \u00e0 ciel ouvert \ud83d\udccd Localisation Situ\u00e9 pr\u00e8s du village de San Antonio Mulix, \u00e0 environ 50 km au sud de M\u00e9rida, dans une zone paisible et peu touristique. \ud83c\udf3f Caract\u00e9ristiques Cenote \u00e0 ciel ouvert, entour\u00e9 de v\u00e9g\u00e9tation tropicale luxuriante. L\u2019eau est d\u2019un bleu cristallin, peu profonde par endroits, id\u00e9ale [&hellip;]<\/p>\n","protected":false},"author":1,"featured_media":0,"parent":0,"menu_order":0,"comment_status":"closed","ping_status":"closed","template":"","meta":{"_seopress_robots_primary_cat":"","_seopress_titles_title":"Voyage au Yucat\u00e1n \u2013 cenotes X Batun et Dzombakal en images","_seopress_titles_desc":"D\u00e9couvrez les cenotes X Batun et Dzombakal au Yucat\u00e1n, Mexique : paysages aquatiques uniques r\u00e9v\u00e9l\u00e9s en photos.","_seopress_robots_index":"","_et_pb_use_builder":"on","_et_pb_old_content":"","_et_gb_content_width":"","footnotes":""},"class_list":["post-1957","page","type-page","status-publish","hentry"],"_links":{"self":[{"href":"https:\/\/voyaphil.com\/en\/wp-json\/wp\/v2\/pages\/1957","targetHints":{"allow":["GET"]}}],"collection":[{"href":"https:\/\/voyaphil.com\/en\/wp-json\/wp\/v2\/pages"}],"about":[{"href":"https:\/\/voyaphil.com\/en\/wp-json\/wp\/v2\/types\/page"}],"author":[{"embeddable":true,"href":"https:\/\/voyaphil.com\/en\/wp-json\/wp\/v2\/users\/1"}],"replies":[{"embeddable":true,"href":"https:\/\/voyaphil.com\/en\/wp-json\/wp\/v2\/comments?post=1957"}],"version-history":[{"count":9,"href":"https:\/\/voyaphil.com\/en\/wp-json\/wp\/v2\/pages\/1957\/revisions"}],"predecessor-version":[{"id":3035,"href":"https:\/\/voyaphil.com\/en\/wp-json\/wp\/v2\/pages\/1957\/revisions\/3035"}],"wp:attachment":[{"href":"https:\/\/voyaphil.com\/en\/wp-json\/wp\/v2\/media?parent=1957"}],"curies":[{"name":"wp","href":"https:\/\/api.w.org\/{rel}","templated":true}]}}