{"id":2095,"date":"2025-09-04T16:24:32","date_gmt":"2025-09-04T16:24:32","guid":{"rendered":"https:\/\/voyaphil.com\/?page_id=2095"},"modified":"2025-12-04T18:41:56","modified_gmt":"2025-12-04T18:41:56","slug":"chichen-itza","status":"publish","type":"page","link":"https:\/\/voyaphil.com\/en\/chichen-itza\/","title":{"rendered":"Chichen Itza"},"content":{"rendered":"<p>[et_pb_section fb_built=\u00a0\u00bb1&Prime; _builder_version=\u00a0\u00bb4.27.4&Prime; _module_preset=\u00a0\u00bbdefault\u00a0\u00bb background_image=\u00a0\u00bbhttps:\/\/voyaphil.com\/wp-content\/uploads\/2025\/09\/Le-site-de-Chichen-Itza.webp\u00a0\u00bb global_colors_info=\u00a0\u00bb{}\u00a0\u00bb][et_pb_row column_structure=\u00a0\u00bb1_2,1_2&Prime; _builder_version=\u00a0\u00bb4.27.4&Prime; _module_preset=\u00a0\u00bbdefault\u00a0\u00bb global_colors_info=\u00a0\u00bb{}\u00a0\u00bb][et_pb_column type=\u00a0\u00bb1_2&Prime; _builder_version=\u00a0\u00bb4.27.4&Prime; _module_preset=\u00a0\u00bbdefault\u00a0\u00bb global_colors_info=\u00a0\u00bb{}\u00a0\u00bb][et_pb_heading title=\u00a0\u00bbChichen Itza\u00a0\u00bb _builder_version=\u00a0\u00bb4.27.4&Prime; _module_preset=\u00a0\u00bbdefault\u00a0\u00bb title_font=\u00a0\u00bbPlayfair Display||||||||\u00a0\u00bb title_text_align=\u00a0\u00bbright\u00a0\u00bb title_text_color=\u00a0\u00bb#FFFFFF\u00a0\u00bb title_text_shadow_style=\u00a0\u00bbpreset2&Prime; global_colors_info=\u00a0\u00bb{}\u00a0\u00bb][\/et_pb_heading][\/et_pb_column][et_pb_column type=\u00a0\u00bb1_2&Prime; _builder_version=\u00a0\u00bb4.27.4&Prime; _module_preset=\u00a0\u00bbdefault\u00a0\u00bb global_colors_info=\u00a0\u00bb{}\u00a0\u00bb][et_pb_image src=\u00a0\u00bbhttps:\/\/voyaphil.com\/wp-content\/uploads\/2025\/09\/Mexico.gif\u00a0\u00bb title_text=\u00a0\u00bbMexico\u00a0\u00bb _builder_version=\u00a0\u00bb4.27.4&Prime; _module_preset=\u00a0\u00bbdefault\u00a0\u00bb transform_scale=\u00a0\u00bb70%|70%\u00a0\u00bb transform_origin=\u00a0\u00bb-10%|-34%\u00a0\u00bb global_colors_info=\u00a0\u00bb{}\u00a0\u00bb][\/et_pb_image][\/et_pb_column][\/et_pb_row][et_pb_row _builder_version=\u00a0\u00bb4.27.4&Prime; _module_preset=\u00a0\u00bbdefault\u00a0\u00bb global_colors_info=\u00a0\u00bb{}\u00a0\u00bb][et_pb_column type=\u00a0\u00bb4_4&Prime; _builder_version=\u00a0\u00bb4.27.4&Prime; _module_preset=\u00a0\u00bbdefault\u00a0\u00bb global_colors_info=\u00a0\u00bb{}\u00a0\u00bb][et_pb_heading title=\u00a0\u00bbBienvenue \u00e0 Chichen Itza\u00a0\u00bb _builder_version=\u00a0\u00bb4.27.4&Prime; _module_preset=\u00a0\u00bbdefault\u00a0\u00bb title_level=\u00a0\u00bbh2&Prime; title_font=\u00a0\u00bbPlayfair Display||||||||\u00a0\u00bb title_text_align=\u00a0\u00bbcenter\u00a0\u00bb title_text_color=\u00a0\u00bb#FFFFFF\u00a0\u00bb title_text_shadow_style=\u00a0\u00bbpreset2&Prime; global_colors_info=\u00a0\u00bb{}\u00a0\u00bb][\/et_pb_heading][\/et_pb_column][\/et_pb_row][\/et_pb_section][et_pb_section fb_built=\u00a0\u00bb1&Prime; _builder_version=\u00a0\u00bb4.27.4&Prime; _module_preset=\u00a0\u00bbdefault\u00a0\u00bb custom_padding=\u00a0\u00bb||15px|||\u00a0\u00bb global_colors_info=\u00a0\u00bb{}\u00a0\u00bb][et_pb_row column_structure=\u00a0\u00bb1_2,1_2&Prime; _builder_version=\u00a0\u00bb4.27.4&Prime; _module_preset=\u00a0\u00bbdefault\u00a0\u00bb global_colors_info=\u00a0\u00bb{}\u00a0\u00bb][et_pb_column type=\u00a0\u00bb1_2&Prime; _builder_version=\u00a0\u00bb4.27.4&Prime; _module_preset=\u00a0\u00bbdefault\u00a0\u00bb global_colors_info=\u00a0\u00bb{}\u00a0\u00bb][et_pb_text _builder_version=\u00a0\u00bb4.27.4&Prime; _module_preset=\u00a0\u00bbdefault\u00a0\u00bb global_colors_info=\u00a0\u00bb{}\u00a0\u00bb]<\/p>\n<p><!--StartFragment --><\/p>\n<p>\ud83c\udfdb\ufe0f <strong>Chich\u00e9n Itz\u00e1 : la cit\u00e9 sacr\u00e9e des Itz\u00e1es<\/strong><\/p>\n<p>\ud83d\udccd <strong>Localisation<\/strong><\/p>\n<ul>\n<li>Situ\u00e9e dans l\u2019\u00c9tat du <strong>Yucat\u00e1n<\/strong>, entre <strong>M\u00e9rida<\/strong> et <strong>Valladolid<\/strong>, au c\u0153ur de la p\u00e9ninsule.<\/li>\n<li>Le site s\u2019\u00e9tend sur plus de <strong>300 hectares<\/strong>, entour\u00e9 de jungle et de c\u00e9notes naturels.<\/li>\n<\/ul>\n<p>\ud83e\uddec <strong>Origines et signification<\/strong><\/p>\n<ul>\n<li>Fond\u00e9e vers le <strong>Ve si\u00e8cle apr. J.-C.<\/strong> par les <strong>Itz\u00e1<\/strong>, Chich\u00e9n Itz\u00e1 signifie en langue maya <strong>\u201c\u00e0 la bouche du puits des Itz\u00e1\u201d<\/strong>, en r\u00e9f\u00e9rence aux <strong>c\u00e9notes<\/strong> qui alimentaient la cit\u00e9 en eau.<\/li>\n<li>Elle connut son apog\u00e9e entre le <strong>VIIIe et le XIIIe si\u00e8cle<\/strong>, devenant un <strong>centre religieux, politique et \u00e9conomique majeur<\/strong> du monde maya.<\/li>\n<li>\u00c0 partir du Xe si\u00e8cle, la cit\u00e9 fut influenc\u00e9e par les <strong>Tolt\u00e8ques<\/strong>, venus du centre du Mexique, donnant naissance \u00e0 un <strong>style architectural hybride<\/strong>.<\/li>\n<\/ul>\n<p>\ud83c\udfef <strong>Monuments embl\u00e9matiques<\/strong><\/p>\n<p>\ud83d\udc0d <strong>El Castillo (Temple de Kukulc\u00e1n)<\/strong><\/p>\n<ul>\n<li>Pyramide \u00e0 degr\u00e9s de <strong>30 m\u00e8tres de haut<\/strong>, d\u00e9di\u00e9e au <strong>serpent \u00e0 plumes Kukulc\u00e1n<\/strong>, divinit\u00e9 majeure du panth\u00e9on m\u00e9soam\u00e9ricain.<\/li>\n<li>Lors des <strong>\u00e9quinoxes<\/strong>, un jeu d\u2019ombre et de lumi\u00e8re cr\u00e9e l\u2019illusion d\u2019un <strong>serpent ondulant<\/strong> le long des marches \u2014 un chef-d\u2019\u0153uvre d\u2019astronomie et d\u2019ing\u00e9nierie.<\/li>\n<\/ul>\n<p>\ud83c\udff9 <strong>Le Temple des Guerriers<\/strong><\/p>\n<ul>\n<li>Structure imposante bord\u00e9e de <strong>colonnes sculpt\u00e9es<\/strong>, repr\u00e9sentant des guerriers et des divinit\u00e9s.<\/li>\n<li>Il \u00e9voque les influences tolt\u00e8ques et les rituels militaires de la cit\u00e9.<\/li>\n<\/ul>\n<p>\u26bd <strong>Le Grand Terrain de Jeu de Balle<\/strong><\/p>\n<ul>\n<li>Le plus grand de M\u00e9soam\u00e9rique : <strong>168 m\u00e8tres de long<\/strong>.<\/li>\n<li>Ce jeu rituel m\u00ealait sport, cosmologie et sacrifice, avec des <strong>croyances li\u00e9es au cycle du soleil et \u00e0 la fertilit\u00e9<\/strong>.<\/li>\n<\/ul>\n<p>\ud83d\udca7 <strong>Le C\u00e9note Sacr\u00e9<\/strong><\/p>\n<ul>\n<li>Puits naturel de <strong>60 m\u00e8tres de diam\u00e8tre<\/strong>, utilis\u00e9 pour les <strong>offrandes rituelles<\/strong> et les <strong>sacrifices humains<\/strong>.<\/li>\n<li>Des objets pr\u00e9cieux et des restes humains y ont \u00e9t\u00e9 retrouv\u00e9s lors de fouilles.<\/li>\n<\/ul>\n<p>\ud83d\udd2d <strong>L\u2019Observatoire (El Caracol)<\/strong><\/p>\n<ul>\n<li>B\u00e2timent circulaire utilis\u00e9 pour <strong>l\u2019observation des astres<\/strong>, notamment <strong>V\u00e9nus<\/strong>, tr\u00e8s importante dans le calendrier maya.<\/li>\n<\/ul>\n<p>\ud83c\udfad <strong>Culture et spiritualit\u00e9<\/strong><\/p>\n<ul>\n<li>Chich\u00e9n Itz\u00e1 \u00e9tait gouvern\u00e9e par une <strong>\u00e9lite de pr\u00eatres-astronomes<\/strong>, capables de pr\u00e9dire les cycles c\u00e9lestes et de l\u00e9gitimer leur pouvoir.<\/li>\n<li>Le site refl\u00e8te une <strong>cosmologie complexe<\/strong>, o\u00f9 chaque b\u00e2timent est orient\u00e9 selon des <strong>principes astronomiques et symboliques<\/strong>.<\/li>\n<\/ul>\n<p>\ud83c\udfc6 <strong>Reconnaissance mondiale<\/strong><\/p>\n<ul>\n<li>Class\u00e9 au <strong>patrimoine mondial de l\u2019UNESCO<\/strong> en <strong>1988<\/strong>.<\/li>\n<li>\u00c9lu en <strong>2007<\/strong> comme l\u2019une des <strong>sept nouvelles merveilles du monde<\/strong>, pour sa <strong>valeur universelle exceptionnelle<\/strong>.<\/li>\n<\/ul>\n<p>\u2728 <strong>Pourquoi Chich\u00e9n Itz\u00e1 est inoubliable<\/strong><\/p>\n<p>C\u2019est une cit\u00e9 o\u00f9 <strong>la pierre parle aux \u00e9toiles<\/strong>, o\u00f9 <strong>chaque structure incarne une pens\u00e9e cosmique<\/strong>, et o\u00f9 <strong>le pass\u00e9 semble encore respirer sous le soleil du Yucat\u00e1n<\/strong>. Chich\u00e9n Itz\u00e1 est <strong>grandiose, myst\u00e9rieuse et profond\u00e9ment spirituelle<\/strong> \u2014 un voyage dans le temps et dans l\u2019\u00e2me d\u2019une civilisation disparue.<!--EndFragment --><\/p>\n<p>[\/et_pb_text][\/et_pb_column][et_pb_column type=\u00a0\u00bb1_2&Prime; _builder_version=\u00a0\u00bb4.27.4&Prime; _module_preset=\u00a0\u00bbdefault\u00a0\u00bb global_colors_info=\u00a0\u00bb{}\u00a0\u00bb][et_pb_code _builder_version=\u00a0\u00bb4.27.4&Prime; _module_preset=\u00a0\u00bbdefault\u00a0\u00bb global_colors_info=\u00a0\u00bb{}\u00a0\u00bb]<iframe src=\"https:\/\/www.google.com\/maps\/embed?pb=!1m18!1m12!1m3!1d3732.773753037828!2d-88.57105182308038!3d20.678781630884384!2m3!1f0!2f0!3f0!3m2!1i1024!2i768!4f13.1!3m3!1m2!1s0x8f5138b9a098f833%3A0xf70a67530750d45!2zOTc3NTEgQ2hpY2jDqW4tSXR6w6EsIFl1Y2F0w6FuLCBNZXhpcXVl!5e0!3m2!1sfr!2sfr!4v1757003033029!5m2!1sfr!2sfr\" width=\"600\" height=\"450\" style=\"border:0;\" allowfullscreen=\"\" loading=\"lazy\" referrerpolicy=\"no-referrer-when-downgrade\"><\/iframe>[\/et_pb_code][\/et_pb_column][\/et_pb_row][\/et_pb_section][et_pb_section fb_built=\u00a0\u00bb1&Prime; _builder_version=\u00a0\u00bb4.27.4&Prime; _module_preset=\u00a0\u00bbdefault\u00a0\u00bb custom_padding=\u00a0\u00bb16px||14px|||\u00a0\u00bb global_colors_info=\u00a0\u00bb{}\u00a0\u00bb][et_pb_row _builder_version=\u00a0\u00bb4.27.4&Prime; _module_preset=\u00a0\u00bbdefault\u00a0\u00bb custom_padding=\u00a0\u00bb||9px|||\u00a0\u00bb global_colors_info=\u00a0\u00bb{}\u00a0\u00bb][et_pb_column type=\u00a0\u00bb4_4&Prime; _builder_version=\u00a0\u00bb4.27.4&Prime; _module_preset=\u00a0\u00bbdefault\u00a0\u00bb global_colors_info=\u00a0\u00bb{}\u00a0\u00bb][et_pb_divider divider_weight=\u00a0\u00bb4px\u00a0\u00bb _builder_version=\u00a0\u00bb4.27.4&Prime; _module_preset=\u00a0\u00bbdefault\u00a0\u00bb width=\u00a0\u00bb50%\u00a0\u00bb module_alignment=\u00a0\u00bbcenter\u00a0\u00bb global_colors_info=\u00a0\u00bb{}\u00a0\u00bb][\/et_pb_divider][\/et_pb_column][\/et_pb_row][et_pb_row _builder_version=\u00a0\u00bb4.27.4&Prime; _module_preset=\u00a0\u00bbdefault\u00a0\u00bb][et_pb_column _builder_version=\u00a0\u00bb4.27.4&Prime; _module_preset=\u00a0\u00bbdefault\u00a0\u00bb type=\u00a0\u00bb4_4&Prime;][et_pb_heading title=\u00a0\u00bbChich\u00e9n Itz\u00e1 en vid\u00e9o\u00a0\u00bb _builder_version=\u00a0\u00bb4.27.4&Prime; _module_preset=\u00a0\u00bbdefault\u00a0\u00bb title_level=\u00a0\u00bbh3&Prime; title_font=\u00a0\u00bbPlayfair Display||||||||\u00a0\u00bb title_text_align=\u00a0\u00bbcenter\u00a0\u00bb hover_enabled=\u00a0\u00bb0&Prime; sticky_enabled=\u00a0\u00bb0&Prime;][\/et_pb_heading][\/et_pb_column][\/et_pb_row][\/et_pb_section][et_pb_section fb_built=\u00a0\u00bb1&Prime; _builder_version=\u00a0\u00bb4.27.4&Prime; _module_preset=\u00a0\u00bbdefault\u00a0\u00bb custom_padding=\u00a0\u00bb16px||15px|||\u00a0\u00bb global_colors_info=\u00a0\u00bb{}\u00a0\u00bb][et_pb_row _builder_version=\u00a0\u00bb4.27.4&Prime; _module_preset=\u00a0\u00bbdefault\u00a0\u00bb global_colors_info=\u00a0\u00bb{}\u00a0\u00bb][et_pb_column type=\u00a0\u00bb4_4&Prime; _builder_version=\u00a0\u00bb4.27.4&Prime; _module_preset=\u00a0\u00bbdefault\u00a0\u00bb global_colors_info=\u00a0\u00bb{}\u00a0\u00bb][et_pb_video src=\u00a0\u00bbhttps:\/\/www.youtube.com\/watch?v=ooqqrHn8uxQ\u00a0\u00bb _builder_version=\u00a0\u00bb4.27.4&Prime; _module_preset=\u00a0\u00bbdefault\u00a0\u00bb border_radii=\u00a0\u00bbon|10px|10px|10px|10px\u00a0\u00bb global_colors_info=\u00a0\u00bb{}\u00a0\u00bb][\/et_pb_video][\/et_pb_column][\/et_pb_row][\/et_pb_section][et_pb_section fb_built=\u00a0\u00bb1&Prime; _builder_version=\u00a0\u00bb4.27.4&Prime; _module_preset=\u00a0\u00bbdefault\u00a0\u00bb custom_padding=\u00a0\u00bb16px||14px|||\u00a0\u00bb global_colors_info=\u00a0\u00bb{}\u00a0\u00bb][et_pb_row _builder_version=\u00a0\u00bb4.27.4&Prime; _module_preset=\u00a0\u00bbdefault\u00a0\u00bb custom_padding=\u00a0\u00bb||9px|||\u00a0\u00bb global_colors_info=\u00a0\u00bb{}\u00a0\u00bb][et_pb_column type=\u00a0\u00bb4_4&Prime; _builder_version=\u00a0\u00bb4.27.4&Prime; _module_preset=\u00a0\u00bbdefault\u00a0\u00bb global_colors_info=\u00a0\u00bb{}\u00a0\u00bb][et_pb_divider divider_weight=\u00a0\u00bb4px\u00a0\u00bb _builder_version=\u00a0\u00bb4.27.4&Prime; _module_preset=\u00a0\u00bbdefault\u00a0\u00bb width=\u00a0\u00bb50%\u00a0\u00bb module_alignment=\u00a0\u00bbcenter\u00a0\u00bb global_colors_info=\u00a0\u00bb{}\u00a0\u00bb][\/et_pb_divider][\/et_pb_column][\/et_pb_row][\/et_pb_section][et_pb_section fb_built=\u00a0\u00bb1&Prime; _builder_version=\u00a0\u00bb4.27.4&Prime; _module_preset=\u00a0\u00bbdefault\u00a0\u00bb global_colors_info=\u00a0\u00bb{}\u00a0\u00bb][et_pb_row column_structure=\u00a0\u00bb1_2,1_2&Prime; _builder_version=\u00a0\u00bb4.27.4&Prime; _module_preset=\u00a0\u00bbdefault\u00a0\u00bb global_colors_info=\u00a0\u00bb{}\u00a0\u00bb][et_pb_column type=\u00a0\u00bb1_2&Prime; _builder_version=\u00a0\u00bb4.27.4&Prime; _module_preset=\u00a0\u00bbdefault\u00a0\u00bb global_colors_info=\u00a0\u00bb{}\u00a0\u00bb][et_pb_heading title=\u00a0\u00bbContinuez vers l&rsquo;\u00cele d&rsquo;Holbox\u00a0\u00bb _builder_version=\u00a0\u00bb4.27.4&Prime; _module_preset=\u00a0\u00bbdefault\u00a0\u00bb title_level=\u00a0\u00bbh3&Prime; title_font=\u00a0\u00bbPlayfair Display|700|||||||\u00a0\u00bb global_colors_info=\u00a0\u00bb{}\u00a0\u00bb][\/et_pb_heading][et_pb_text _builder_version=\u00a0\u00bb4.27.4&Prime; _module_preset=\u00a0\u00bbdefault\u00a0\u00bb text_orientation=\u00a0\u00bbjustified\u00a0\u00bb global_colors_info=\u00a0\u00bb{}\u00a0\u00bb]<\/p>\n<p><b>Situ\u00e9e dans la mer des Cara\u00efbes, l&rsquo;\u00cele d&rsquo;Holbox est un v\u00e9ritable havre de paix. Avec ses plages de sable blanc et ses eaux turquoises, cette \u00eele est un v\u00e9ritable paradis pour les amoureux de la nature. Les visiteurs peuvent observer une vari\u00e9t\u00e9 d&rsquo;esp\u00e8ces animales, notamment des flamants roses, des tortues marines et des requins-baleines.<\/b><\/p>\n<p>[\/et_pb_text][et_pb_button button_url=\u00a0\u00bb@ET-DC@eyJkeW5hbWljIjp0cnVlLCJjb250ZW50IjoicG9zdF9saW5rX3VybF9wYWdlIiwic2V0dGluZ3MiOnsicG9zdF9pZCI6IjIxMTEifX0=@\u00a0\u00bb button_text=\u00a0\u00bb\u00cele d&rsquo;Holbox\u00a0\u00bb button_alignment=\u00a0\u00bbcenter\u00a0\u00bb _builder_version=\u00a0\u00bb4.27.4&Prime; _dynamic_attributes=\u00a0\u00bbbutton_url\u00a0\u00bb _module_preset=\u00a0\u00bbdefault\u00a0\u00bb custom_button=\u00a0\u00bbon\u00a0\u00bb button_text_color=\u00a0\u00bb#FFFFFF\u00a0\u00bb button_bg_color=\u00a0\u00bb#474747&Prime; button_border_color=\u00a0\u00bb#FFFFFF\u00a0\u00bb button_border_radius=\u00a0\u00bb10px\u00a0\u00bb button_font=\u00a0\u00bbPlayfair Display||||||||\u00a0\u00bb button_icon=\u00a0\u00bb&#xf57d;||fa||900&Prime; animation_style=\u00a0\u00bbzoom\u00a0\u00bb box_shadow_style=\u00a0\u00bbpreset2&Prime; global_colors_info=\u00a0\u00bb{}\u00a0\u00bb][\/et_pb_button][\/et_pb_column][et_pb_column type=\u00a0\u00bb1_2&Prime; _builder_version=\u00a0\u00bb4.27.4&Prime; _module_preset=\u00a0\u00bbdefault\u00a0\u00bb global_colors_info=\u00a0\u00bb{}\u00a0\u00bb][et_pb_image src=\u00a0\u00bbhttps:\/\/voyaphil.com\/wp-content\/uploads\/2025\/09\/lIle-dHolbox.webp\u00a0\u00bb alt=\u00a0\u00bbl&rsquo;\u00cele d&rsquo;Holbox\u00a0\u00bb title_text=\u00a0\u00bbl&rsquo;\u00cele d&rsquo;Holbox\u00a0\u00bb align=\u00a0\u00bbcenter\u00a0\u00bb _builder_version=\u00a0\u00bb4.27.4&Prime; _module_preset=\u00a0\u00bbdefault\u00a0\u00bb animation_style=\u00a0\u00bbfold\u00a0\u00bb border_radii=\u00a0\u00bbon|10px|10px|10px|10px\u00a0\u00bb box_shadow_style=\u00a0\u00bbpreset2&Prime; global_colors_info=\u00a0\u00bb{}\u00a0\u00bb][\/et_pb_image][\/et_pb_column][\/et_pb_row][\/et_pb_section]<\/p>\n","protected":false},"excerpt":{"rendered":"<p>\ud83c\udfdb\ufe0f Chich\u00e9n Itz\u00e1 : la cit\u00e9 sacr\u00e9e des Itz\u00e1es \ud83d\udccd Localisation Situ\u00e9e dans l\u2019\u00c9tat du Yucat\u00e1n, entre M\u00e9rida et Valladolid, au c\u0153ur de la p\u00e9ninsule. Le site s\u2019\u00e9tend sur plus de 300 hectares, entour\u00e9 de jungle et de c\u00e9notes naturels. \ud83e\uddec Origines et signification Fond\u00e9e vers le Ve si\u00e8cle apr. J.-C. par les Itz\u00e1, Chich\u00e9n [&hellip;]<\/p>\n","protected":false},"author":1,"featured_media":0,"parent":0,"menu_order":0,"comment_status":"closed","ping_status":"closed","template":"","meta":{"_seopress_robots_primary_cat":"","_seopress_titles_title":"Chich\u00e9n Itz\u00e1, Yucat\u00e1n : cit\u00e9 maya r\u00e9v\u00e9l\u00e9e en vid\u00e9o","_seopress_titles_desc":"Voyage \u00e0 Chich\u00e9n Itz\u00e1 : explorez la cit\u00e9 cosmique du Mexique, entre pyramides et astronomie, gr\u00e2ce \u00e0 notre vid\u00e9o.","_seopress_robots_index":"","_et_pb_use_builder":"on","_et_pb_old_content":"","_et_gb_content_width":"","footnotes":""},"class_list":["post-2095","page","type-page","status-publish","hentry"],"_links":{"self":[{"href":"https:\/\/voyaphil.com\/en\/wp-json\/wp\/v2\/pages\/2095","targetHints":{"allow":["GET"]}}],"collection":[{"href":"https:\/\/voyaphil.com\/en\/wp-json\/wp\/v2\/pages"}],"about":[{"href":"https:\/\/voyaphil.com\/en\/wp-json\/wp\/v2\/types\/page"}],"author":[{"embeddable":true,"href":"https:\/\/voyaphil.com\/en\/wp-json\/wp\/v2\/users\/1"}],"replies":[{"embeddable":true,"href":"https:\/\/voyaphil.com\/en\/wp-json\/wp\/v2\/comments?post=2095"}],"version-history":[{"count":9,"href":"https:\/\/voyaphil.com\/en\/wp-json\/wp\/v2\/pages\/2095\/revisions"}],"predecessor-version":[{"id":3045,"href":"https:\/\/voyaphil.com\/en\/wp-json\/wp\/v2\/pages\/2095\/revisions\/3045"}],"wp:attachment":[{"href":"https:\/\/voyaphil.com\/en\/wp-json\/wp\/v2\/media?parent=2095"}],"curies":[{"name":"wp","href":"https:\/\/api.w.org\/{rel}","templated":true}]}}