{"id":2459,"date":"2025-09-05T21:42:57","date_gmt":"2025-09-05T21:42:57","guid":{"rendered":"https:\/\/voyaphil.com\/?page_id=2459"},"modified":"2025-12-04T18:04:50","modified_gmt":"2025-12-04T18:04:50","slug":"cao-bang-region-de-dong-khe","status":"publish","type":"page","link":"https:\/\/voyaphil.com\/en\/cao-bang-region-de-dong-khe\/","title":{"rendered":"Cao Bang Dong Khe Region"},"content":{"rendered":"<p>[et_pb_section fb_built=\u00a0\u00bb1&Prime; _builder_version=\u00a0\u00bb4.27.4&Prime; _module_preset=\u00a0\u00bbdefault\u00a0\u00bb background_image=\u00a0\u00bbhttps:\/\/voyaphil.com\/wp-content\/uploads\/2025\/09\/Marche-de-Cao-Bang.webp\u00a0\u00bb global_colors_info=\u00a0\u00bb{}\u00a0\u00bb][et_pb_row column_structure=\u00a0\u00bb1_2,1_2&Prime; _builder_version=\u00a0\u00bb4.27.4&Prime; _module_preset=\u00a0\u00bbdefault\u00a0\u00bb global_colors_info=\u00a0\u00bb{}\u00a0\u00bb][et_pb_column type=\u00a0\u00bb1_2&Prime; _builder_version=\u00a0\u00bb4.27.4&Prime; _module_preset=\u00a0\u00bbdefault\u00a0\u00bb global_colors_info=\u00a0\u00bb{}\u00a0\u00bb][et_pb_heading title=\u00a0\u00bbCao Bang R\u00e9gion de Dong Kh\u00e9\u00a0\u00bb _builder_version=\u00a0\u00bb4.27.4&Prime; _module_preset=\u00a0\u00bbdefault\u00a0\u00bb title_font=\u00a0\u00bbPlayfair Display||||||||\u00a0\u00bb title_text_align=\u00a0\u00bbright\u00a0\u00bb title_text_color=\u00a0\u00bb#FFFFFF\u00a0\u00bb title_text_shadow_style=\u00a0\u00bbpreset2&Prime; global_colors_info=\u00a0\u00bb{}\u00a0\u00bb][\/et_pb_heading][\/et_pb_column][et_pb_column type=\u00a0\u00bb1_2&Prime; _builder_version=\u00a0\u00bb4.27.4&Prime; _module_preset=\u00a0\u00bbdefault\u00a0\u00bb global_colors_info=\u00a0\u00bb{}\u00a0\u00bb][et_pb_image src=\u00a0\u00bbhttps:\/\/voyaphil.com\/wp-content\/uploads\/2025\/09\/drapeau-vietnam.png\u00a0\u00bb title_text=\u00a0\u00bbdrapeau vietnam\u00a0\u00bb _builder_version=\u00a0\u00bb4.27.4&Prime; _module_preset=\u00a0\u00bbdefault\u00a0\u00bb global_colors_info=\u00a0\u00bb{}\u00a0\u00bb][\/et_pb_image][\/et_pb_column][\/et_pb_row][et_pb_row _builder_version=\u00a0\u00bb4.27.4&Prime; _module_preset=\u00a0\u00bbdefault\u00a0\u00bb global_colors_info=\u00a0\u00bb{}\u00a0\u00bb][et_pb_column type=\u00a0\u00bb4_4&Prime; _builder_version=\u00a0\u00bb4.27.4&Prime; _module_preset=\u00a0\u00bbdefault\u00a0\u00bb global_colors_info=\u00a0\u00bb{}\u00a0\u00bb][et_pb_heading title=\u00a0\u00bbBienvenue sur l&rsquo;itin\u00e9raire de Cao Bang \u00e0 la r\u00e9gion de Dong Kh\u00e9\u00a0\u00bb _builder_version=\u00a0\u00bb4.27.4&Prime; _module_preset=\u00a0\u00bbdefault\u00a0\u00bb title_level=\u00a0\u00bbh2&Prime; title_font=\u00a0\u00bbPlayfair Display||||||||\u00a0\u00bb title_text_align=\u00a0\u00bbcenter\u00a0\u00bb title_text_color=\u00a0\u00bb#FFFFFF\u00a0\u00bb title_text_shadow_style=\u00a0\u00bbpreset2&Prime; global_colors_info=\u00a0\u00bb{}\u00a0\u00bb][\/et_pb_heading][\/et_pb_column][\/et_pb_row][\/et_pb_section][et_pb_section fb_built=\u00a0\u00bb1&Prime; _builder_version=\u00a0\u00bb4.27.4&Prime; _module_preset=\u00a0\u00bbdefault\u00a0\u00bb custom_padding=\u00a0\u00bb||15px|||\u00a0\u00bb global_colors_info=\u00a0\u00bb{}\u00a0\u00bb][et_pb_row _builder_version=\u00a0\u00bb4.27.4&Prime; _module_preset=\u00a0\u00bbdefault\u00a0\u00bb global_colors_info=\u00a0\u00bb{}\u00a0\u00bb][et_pb_column type=\u00a0\u00bb4_4&Prime; _builder_version=\u00a0\u00bb4.27.4&Prime; _module_preset=\u00a0\u00bbdefault\u00a0\u00bb global_colors_info=\u00a0\u00bb{}\u00a0\u00bb][et_pb_text _builder_version=\u00a0\u00bb4.27.4&Prime; _module_preset=\u00a0\u00bbdefault\u00a0\u00bb text_orientation=\u00a0\u00bbjustified\u00a0\u00bb global_colors_info=\u00a0\u00bb{}\u00a0\u00bb]<\/p>\n<p><strong>De Hano\u00ef nous prenons la direction de Cao Bang en v\u00e9hicule pour un parcours de 300 km et 7 heures de route toujours sous la pluie. Nous atteindrons alors la r\u00e9gion frontali\u00e8re de la Chine. Sur notre parcours, nous passerons Thai Nguyen, qui marque la fin de la plaine \u00e0 population vietnamienne pour entrer en pays Th\u00f4. Nous continuerons par une route de montagne via le col de Cao Lac pour entrer dans les territoires frontaliers, avec au passage une halte dans un petit caf\u00e9 au milieu de nulle part pour d\u00e9guster le th\u00e9 vert local. Les habitants ont le plaisir de vous offrir leur alcool de riz maison. Accrochez-vous !<\/strong><\/p>\n<div>\n<p><strong>Dans cette r\u00e9gion, le relief constitue une v\u00e9ritable forteresse naturelle sur les trois points d\u2019appui : Cao Bang \u2013 That Kh\u00e9 \u2013 Lang Son. Arriv\u00e9s \u00e0 Cao Bang en fin de journ\u00e9e toujours avec la pluie, nous passerons la nuit \u00e0 l\u2019h\u00f4tel.<\/strong><\/p>\n<div><strong>Le lendemain, d\u00e9part le matin pour le march\u00e9 de Cao Bang, o\u00f9 nous pourrons acheter des fruits pour la rando.<\/strong><\/div>\n<div><strong>Apr\u00e8s le march\u00e9, nous repartons en v\u00e9hicule, pour 70 km et 2 heures de route en direction de Ta Lung, un poste-fronti\u00e8re entre le Vietnam et la Chine. En cours de route, nous visitons un village de forgerons \u00e0 Ban Pac Rang.<\/strong><\/div>\n<div><strong>Arriv\u00e9s le long de la fronti\u00e8re pour notre Trek avec sac \u00e0 dos, nous franchissons la rivi\u00e8re Bang Giang sur un pont rouge\u00e2tre. Nous empruntons un chemin qui va s\u2019enfoncer dans des paysages de plus en plus sauvages avec quatre bosses \u00e0 franchir dans des conditions m\u00e9t\u00e9o pluvieuses qui rendent le terrain assez difficile.<\/strong><\/div>\n<div><strong>Le pique-nique du midi n\u2019est pas tr\u00e8s confortable dans ces conditions, voire sans saveur.<\/strong><\/div>\n<div><strong>Au bout de notre parcours, soit 5h de marche qui repr\u00e9sente 14 km en terrain accident\u00e9, glissant et 515 m de d\u00e9nivel\u00e9, nous arrivons \u00e0 la nuit tombante chez l\u2019habitant. C\u2019est une famille de la communaut\u00e9 Thai. Leur maison est sur pilotis au bord d\u2019une immense rizi\u00e8re. Apr\u00e8s avoir nettoy\u00e9 nos v\u00eatements et chaussures au bord d\u2019une petite source, nous serons convi\u00e9s \u00e0 nous installer \u00e0 l\u2019int\u00e9rieur de leur maison.<\/strong><\/div>\n<div><strong>Nous d\u00e9gusterons un d\u00eener typiquement vietnamien pr\u00e9par\u00e9 \u00e0 partir de leurs propres produits qu\u2019ils cultivent et des animaux qu\u2019ils \u00e9l\u00e8vent.<\/strong><\/div>\n<div><strong>Nous allons nous coucher sur un petit matelas de 3 cm install\u00e9 sur des planches suspendues en guise de sommier, avec une moustiquaire pour nous prot\u00e9ger des moustiques. Personnellement, je n\u2019ai pas \u00e9t\u00e9 importun\u00e9 par les moustiques malgr\u00e9 cet environnement de chaleur tr\u00e8s humide.<\/strong><strong><\/strong><\/div>\n<\/div>\n<div><strong>Au petit matin, apr\u00e8s un petit d\u00e9jeuner, nous renfilons nos chaussures encore humides pour emprunter une piste traversant villages et rizi\u00e8res, parfois des bras de rivi\u00e8re assez denses, \u00e9tant donn\u00e9 la p\u00e9riode de mousson.<\/strong><\/div>\n<div><strong>Nous empruntons une rude mont\u00e9e pour passer dans une vall\u00e9e adjacente. Nous rencontrerons nos premi\u00e8res sangsues.<\/strong><\/div>\n<div><strong>Nous d\u00e9jeunons chez un villageois isol\u00e9 dans ce paysage sauvage. Apr\u00e8s ce repas, nous repartons en direction des cr\u00eates \u00e0 travers une for\u00eat tr\u00e8s dense en forte mont\u00e9e, le sol plein de gros cailloux camoufl\u00e9s par une v\u00e9g\u00e9tation tr\u00e8s humide qui rend ce parcours tr\u00e8s glissant. Notre progression est lente, notre guide abat \u00e0 la machette les 2 m\u00e8tres de v\u00e9g\u00e9tation devant nous, il sait parfaitement o\u00f9 passer, c\u2019est un ancien militaire connaissant parfaitement la jungle. Je fais une chute sans gravit\u00e9, juste mon \u00e9paule un peu douloureuse, mais, en me relevant mes mollets me piques, je m\u2019aper\u00e7ois qu\u2019une dizaine de sangsues me d\u00e9vore chaque mollet. Je peine \u00e0 m\u2019en d\u00e9barrasser et cela va durer malheureusement tant que nous sommes dans cette v\u00e9g\u00e9tation dense et humide.<\/strong><\/div>\n<div><strong>Une fois le sommet atteint, la descente est aussi dure que la mont\u00e9e, le terrain hyper glissant \u00e0 cause de cette pluie incessante n\u00e9cessite des b\u00e2tons pour contr\u00f4ler notre \u00e9quilibre. J\u2019en casse un, mais je r\u00e9ussis ma descente sans incident. La descente termin\u00e9e, un bras de rivi\u00e8re \u00e0 travers\u00e9 et ensuite nous traversons les magnifiques rizi\u00e8res de Ban Sao.<\/strong><\/div>\n<div><strong>Nous arrivons chez l\u2019habitant juste avant la tomb\u00e9e de la nuit, nous avons mis plus de 2 heures de plus que pr\u00e9vu \u00e0 cause des conditions m\u00e9t\u00e9orologiques, soit 8 h pour 16 km et 555 m\u00e8tres de d\u00e9nivel\u00e9. La maison de nos h\u00f4tes est de plain-pied, de la terre battue au sol, tout autour des poules et des cochons se baladent et se disputent parfois entre eux pour de la nourriture. Le repas est excellent. La nuit toujours sur des planches suspendues avec un matelas de 3 cm.<\/strong><\/div>\n<p>[\/et_pb_text][\/et_pb_column][\/et_pb_row][\/et_pb_section][et_pb_section fb_built=\u00a0\u00bb1&Prime; _builder_version=\u00a0\u00bb4.27.4&Prime; _module_preset=\u00a0\u00bbdefault\u00a0\u00bb custom_padding=\u00a0\u00bb11px||12px|||\u00a0\u00bb global_colors_info=\u00a0\u00bb{}\u00a0\u00bb][et_pb_row _builder_version=\u00a0\u00bb4.27.4&Prime; _module_preset=\u00a0\u00bbdefault\u00a0\u00bb custom_padding=\u00a0\u00bb||10px|||\u00a0\u00bb global_colors_info=\u00a0\u00bb{}\u00a0\u00bb][et_pb_column type=\u00a0\u00bb4_4&Prime; _builder_version=\u00a0\u00bb4.27.4&Prime; _module_preset=\u00a0\u00bbdefault\u00a0\u00bb global_colors_info=\u00a0\u00bb{}\u00a0\u00bb][et_pb_divider divider_weight=\u00a0\u00bb4px\u00a0\u00bb _builder_version=\u00a0\u00bb4.27.4&Prime; _module_preset=\u00a0\u00bbdefault\u00a0\u00bb width=\u00a0\u00bb50%\u00a0\u00bb module_alignment=\u00a0\u00bbcenter\u00a0\u00bb global_colors_info=\u00a0\u00bb{}\u00a0\u00bb][\/et_pb_divider][\/et_pb_column][\/et_pb_row][\/et_pb_section][et_pb_section fb_built=\u00a0\u00bb1&Prime; _builder_version=\u00a0\u00bb4.27.4&Prime; _module_preset=\u00a0\u00bbdefault\u00a0\u00bb custom_padding=\u00a0\u00bb12px||13px|||\u00a0\u00bb global_colors_info=\u00a0\u00bb{}\u00a0\u00bb][et_pb_row _builder_version=\u00a0\u00bb4.27.4&Prime; _module_preset=\u00a0\u00bbdefault\u00a0\u00bb global_colors_info=\u00a0\u00bb{}\u00a0\u00bb][et_pb_column type=\u00a0\u00bb4_4&Prime; _builder_version=\u00a0\u00bb4.27.4&Prime; _module_preset=\u00a0\u00bbdefault\u00a0\u00bb global_colors_info=\u00a0\u00bb{}\u00a0\u00bb][et_pb_video src=\u00a0\u00bbhttps:\/\/www.youtube.com\/watch?v=hGb1Pjgv3zo\u00a0\u00bb _builder_version=\u00a0\u00bb4.27.4&Prime; _module_preset=\u00a0\u00bbdefault\u00a0\u00bb border_radii=\u00a0\u00bbon|10px|10px|10px|10px\u00a0\u00bb global_colors_info=\u00a0\u00bb{}\u00a0\u00bb][\/et_pb_video][\/et_pb_column][\/et_pb_row][\/et_pb_section][et_pb_section fb_built=\u00a0\u00bb1&Prime; _builder_version=\u00a0\u00bb4.27.4&Prime; _module_preset=\u00a0\u00bbdefault\u00a0\u00bb custom_padding=\u00a0\u00bb11px||12px|||\u00a0\u00bb global_colors_info=\u00a0\u00bb{}\u00a0\u00bb][et_pb_row _builder_version=\u00a0\u00bb4.27.4&Prime; _module_preset=\u00a0\u00bbdefault\u00a0\u00bb custom_padding=\u00a0\u00bb||10px|||\u00a0\u00bb global_colors_info=\u00a0\u00bb{}\u00a0\u00bb][et_pb_column type=\u00a0\u00bb4_4&Prime; _builder_version=\u00a0\u00bb4.27.4&Prime; _module_preset=\u00a0\u00bbdefault\u00a0\u00bb global_colors_info=\u00a0\u00bb{}\u00a0\u00bb][et_pb_divider divider_weight=\u00a0\u00bb4px\u00a0\u00bb _builder_version=\u00a0\u00bb4.27.4&Prime; _module_preset=\u00a0\u00bbdefault\u00a0\u00bb width=\u00a0\u00bb50%\u00a0\u00bb module_alignment=\u00a0\u00bbcenter\u00a0\u00bb global_colors_info=\u00a0\u00bb{}\u00a0\u00bb][\/et_pb_divider][\/et_pb_column][\/et_pb_row][\/et_pb_section][et_pb_section fb_built=\u00a0\u00bb1&Prime; _builder_version=\u00a0\u00bb4.27.4&Prime; _module_preset=\u00a0\u00bbdefault\u00a0\u00bb custom_padding=\u00a0\u00bb17px||11px|||\u00a0\u00bb global_colors_info=\u00a0\u00bb{}\u00a0\u00bb][et_pb_row _builder_version=\u00a0\u00bb4.27.4&Prime; _module_preset=\u00a0\u00bbdefault\u00a0\u00bb global_colors_info=\u00a0\u00bb{}\u00a0\u00bb][et_pb_column type=\u00a0\u00bb4_4&Prime; _builder_version=\u00a0\u00bb4.27.4&Prime; _module_preset=\u00a0\u00bbdefault\u00a0\u00bb global_colors_info=\u00a0\u00bb{}\u00a0\u00bb][et_pb_gallery gallery_ids=\u00a0\u00bb2465,2467,2468,2469,2470,2471,2472,2473,2474,2475,2476,2477&Prime; _builder_version=\u00a0\u00bb4.27.4&Prime; _module_preset=\u00a0\u00bbdefault\u00a0\u00bb animation_style=\u00a0\u00bbzoom\u00a0\u00bb border_radii=\u00a0\u00bbon|10px|10px|10px|10px\u00a0\u00bb global_colors_info=\u00a0\u00bb{}\u00a0\u00bb][\/et_pb_gallery][\/et_pb_column][\/et_pb_row][\/et_pb_section][et_pb_section fb_built=\u00a0\u00bb1&Prime; _builder_version=\u00a0\u00bb4.27.4&Prime; _module_preset=\u00a0\u00bbdefault\u00a0\u00bb custom_padding=\u00a0\u00bb11px||12px|||\u00a0\u00bb global_colors_info=\u00a0\u00bb{}\u00a0\u00bb][et_pb_row _builder_version=\u00a0\u00bb4.27.4&Prime; _module_preset=\u00a0\u00bbdefault\u00a0\u00bb custom_padding=\u00a0\u00bb||10px|||\u00a0\u00bb global_colors_info=\u00a0\u00bb{}\u00a0\u00bb][et_pb_column type=\u00a0\u00bb4_4&Prime; _builder_version=\u00a0\u00bb4.27.4&Prime; _module_preset=\u00a0\u00bbdefault\u00a0\u00bb global_colors_info=\u00a0\u00bb{}\u00a0\u00bb][et_pb_divider divider_weight=\u00a0\u00bb4px\u00a0\u00bb _builder_version=\u00a0\u00bb4.27.4&Prime; _module_preset=\u00a0\u00bbdefault\u00a0\u00bb width=\u00a0\u00bb50%\u00a0\u00bb module_alignment=\u00a0\u00bbcenter\u00a0\u00bb global_colors_info=\u00a0\u00bb{}\u00a0\u00bb][\/et_pb_divider][\/et_pb_column][\/et_pb_row][\/et_pb_section][et_pb_section fb_built=\u00a0\u00bb1&Prime; _builder_version=\u00a0\u00bb4.27.4&Prime; _module_preset=\u00a0\u00bbdefault\u00a0\u00bb custom_padding=\u00a0\u00bb15px||10px|||\u00a0\u00bb global_colors_info=\u00a0\u00bb{}\u00a0\u00bb][et_pb_row _builder_version=\u00a0\u00bb4.27.4&Prime; _module_preset=\u00a0\u00bbdefault\u00a0\u00bb global_colors_info=\u00a0\u00bb{}\u00a0\u00bb][et_pb_column type=\u00a0\u00bb4_4&Prime; _builder_version=\u00a0\u00bb4.27.4&Prime; _module_preset=\u00a0\u00bbdefault\u00a0\u00bb global_colors_info=\u00a0\u00bb{}\u00a0\u00bb][et_pb_video src=\u00a0\u00bbhttps:\/\/www.youtube.com\/watch?v=av7szfxieW4&Prime; _builder_version=\u00a0\u00bb4.27.4&Prime; _module_preset=\u00a0\u00bbdefault\u00a0\u00bb border_radii=\u00a0\u00bbon|10px|10px|10px|10px\u00a0\u00bb global_colors_info=\u00a0\u00bb{}\u00a0\u00bb][\/et_pb_video][\/et_pb_column][\/et_pb_row][\/et_pb_section][et_pb_section fb_built=\u00a0\u00bb1&Prime; _builder_version=\u00a0\u00bb4.27.4&Prime; _module_preset=\u00a0\u00bbdefault\u00a0\u00bb custom_padding=\u00a0\u00bb11px||12px|||\u00a0\u00bb global_colors_info=\u00a0\u00bb{}\u00a0\u00bb][et_pb_row _builder_version=\u00a0\u00bb4.27.4&Prime; _module_preset=\u00a0\u00bbdefault\u00a0\u00bb custom_padding=\u00a0\u00bb||10px|||\u00a0\u00bb global_colors_info=\u00a0\u00bb{}\u00a0\u00bb][et_pb_column type=\u00a0\u00bb4_4&Prime; _builder_version=\u00a0\u00bb4.27.4&Prime; _module_preset=\u00a0\u00bbdefault\u00a0\u00bb global_colors_info=\u00a0\u00bb{}\u00a0\u00bb][et_pb_divider divider_weight=\u00a0\u00bb4px\u00a0\u00bb _builder_version=\u00a0\u00bb4.27.4&Prime; _module_preset=\u00a0\u00bbdefault\u00a0\u00bb width=\u00a0\u00bb50%\u00a0\u00bb module_alignment=\u00a0\u00bbcenter\u00a0\u00bb global_colors_info=\u00a0\u00bb{}\u00a0\u00bb][\/et_pb_divider][\/et_pb_column][\/et_pb_row][\/et_pb_section][et_pb_section fb_built=\u00a0\u00bb1&Prime; _builder_version=\u00a0\u00bb4.27.4&Prime; _module_preset=\u00a0\u00bbdefault\u00a0\u00bb global_colors_info=\u00a0\u00bb{}\u00a0\u00bb][et_pb_row column_structure=\u00a0\u00bb1_2,1_2&Prime; _builder_version=\u00a0\u00bb4.27.4&Prime; _module_preset=\u00a0\u00bbdefault\u00a0\u00bb global_colors_info=\u00a0\u00bb{}\u00a0\u00bb][et_pb_column type=\u00a0\u00bb1_2&Prime; _builder_version=\u00a0\u00bb4.27.4&Prime; _module_preset=\u00a0\u00bbdefault\u00a0\u00bb global_colors_info=\u00a0\u00bb{}\u00a0\u00bb][et_pb_heading title=\u00a0\u00bbContinuez vers la Vall\u00e9e de Coc Xa \u00e0 That Kh\u00e9\u00a0\u00bb _builder_version=\u00a0\u00bb4.27.4&Prime; _module_preset=\u00a0\u00bbdefault\u00a0\u00bb title_level=\u00a0\u00bbh3&Prime; title_font=\u00a0\u00bbPlayfair Display|700|||||||\u00a0\u00bb global_colors_info=\u00a0\u00bb{}\u00a0\u00bb][\/et_pb_heading][et_pb_text _builder_version=\u00a0\u00bb4.27.4&Prime; _module_preset=\u00a0\u00bbdefault\u00a0\u00bb text_orientation=\u00a0\u00bbjustified\u00a0\u00bb global_colors_info=\u00a0\u00bb{}\u00a0\u00bb]<\/p>\n<p><b>La Vall\u00e9e de Coc Xa \u00e0 That Kh\u00e9 est un v\u00e9ritable joyau naturel situ\u00e9 au Vietnam. Entour\u00e9e de montagnes verdoyantes et travers\u00e9e par une rivi\u00e8re cristalline, cette vall\u00e9e offre un paysage \u00e0 couper le souffle. Les visiteurs peuvent y d\u00e9couvrir une faune et une flore riches et vari\u00e9es, ainsi que des villages traditionnels o\u00f9 vivent encore des communaut\u00e9s locales.<\/b><\/p>\n<p>[\/et_pb_text][et_pb_button button_url=\u00a0\u00bb@ET-DC@eyJkeW5hbWljIjp0cnVlLCJjb250ZW50IjoicG9zdF9saW5rX3VybF9wYWdlIiwic2V0dGluZ3MiOnsicG9zdF9pZCI6IjI0OTAifX0=@\u00a0\u00bb button_text=\u00a0\u00bbVall\u00e9e de Coc Xa \u00e0 That Kh\u00e9\u00a0\u00bb button_alignment=\u00a0\u00bbcenter\u00a0\u00bb _builder_version=\u00a0\u00bb4.27.4&Prime; _dynamic_attributes=\u00a0\u00bbbutton_url\u00a0\u00bb _module_preset=\u00a0\u00bbdefault\u00a0\u00bb custom_button=\u00a0\u00bbon\u00a0\u00bb button_text_color=\u00a0\u00bb#FFFFFF\u00a0\u00bb button_bg_color=\u00a0\u00bb#3d3d3d\u00a0\u00bb button_border_color=\u00a0\u00bb#FFFFFF\u00a0\u00bb button_border_radius=\u00a0\u00bb10px\u00a0\u00bb button_font=\u00a0\u00bbPlayfair Display||||||||\u00a0\u00bb button_icon=\u00a0\u00bb&#xf57d;||fa||900&Prime; animation_style=\u00a0\u00bbzoom\u00a0\u00bb box_shadow_style=\u00a0\u00bbpreset2&Prime; global_colors_info=\u00a0\u00bb{}\u00a0\u00bb][\/et_pb_button][\/et_pb_column][et_pb_column type=\u00a0\u00bb1_2&Prime; _builder_version=\u00a0\u00bb4.27.4&Prime; _module_preset=\u00a0\u00bbdefault\u00a0\u00bb global_colors_info=\u00a0\u00bb{}\u00a0\u00bb][et_pb_image src=\u00a0\u00bbhttps:\/\/voyaphil.com\/wp-content\/uploads\/2025\/09\/Vallee-de-Coc-Xa-au-Vietnam.webp\u00a0\u00bb title_text=\u00a0\u00bbVall\u00e9e de Coc Xa &#8211; au Vietnam\u00a0\u00bb align=\u00a0\u00bbcenter\u00a0\u00bb _builder_version=\u00a0\u00bb4.27.4&Prime; _module_preset=\u00a0\u00bbdefault\u00a0\u00bb animation_style=\u00a0\u00bbfold\u00a0\u00bb border_radii=\u00a0\u00bbon|10px|10px|10px|10px\u00a0\u00bb box_shadow_style=\u00a0\u00bbpreset2&Prime; global_colors_info=\u00a0\u00bb{}\u00a0\u00bb][\/et_pb_image][\/et_pb_column][\/et_pb_row][\/et_pb_section]<\/p>\n","protected":false},"excerpt":{"rendered":"<p>De Hano\u00ef nous prenons la direction de Cao Bang en v\u00e9hicule pour un parcours de 300 km et 7 heures de route toujours sous la pluie. Nous atteindrons alors la r\u00e9gion frontali\u00e8re de la Chine. Sur notre parcours, nous passerons Thai Nguyen, qui marque la fin de la plaine \u00e0 population vietnamienne pour entrer en [&hellip;]<\/p>\n","protected":false},"author":1,"featured_media":0,"parent":0,"menu_order":0,"comment_status":"closed","ping_status":"closed","template":"","meta":{"_seopress_robots_primary_cat":"","_seopress_titles_title":"Cao B\u1eb1ng \u2013 \u0110\u00f4ng Kh\u00ea, Vietnam : itin\u00e9raire en photos et vid\u00e9os","_seopress_titles_desc":"Cao B\u1eb1ng \u2013 \u0110\u00f4ng Kh\u00ea : randonn\u00e9e au c\u0153ur du Vietnam, entre montagnes, villages et nature, r\u00e9v\u00e9l\u00e9e en images et vid\u00e9os.","_seopress_robots_index":"","_et_pb_use_builder":"on","_et_pb_old_content":"","_et_gb_content_width":"","footnotes":""},"class_list":["post-2459","page","type-page","status-publish","hentry"],"_links":{"self":[{"href":"https:\/\/voyaphil.com\/en\/wp-json\/wp\/v2\/pages\/2459","targetHints":{"allow":["GET"]}}],"collection":[{"href":"https:\/\/voyaphil.com\/en\/wp-json\/wp\/v2\/pages"}],"about":[{"href":"https:\/\/voyaphil.com\/en\/wp-json\/wp\/v2\/types\/page"}],"author":[{"embeddable":true,"href":"https:\/\/voyaphil.com\/en\/wp-json\/wp\/v2\/users\/1"}],"replies":[{"embeddable":true,"href":"https:\/\/voyaphil.com\/en\/wp-json\/wp\/v2\/comments?post=2459"}],"version-history":[{"count":14,"href":"https:\/\/voyaphil.com\/en\/wp-json\/wp\/v2\/pages\/2459\/revisions"}],"predecessor-version":[{"id":3032,"href":"https:\/\/voyaphil.com\/en\/wp-json\/wp\/v2\/pages\/2459\/revisions\/3032"}],"wp:attachment":[{"href":"https:\/\/voyaphil.com\/en\/wp-json\/wp\/v2\/media?parent=2459"}],"curies":[{"name":"wp","href":"https:\/\/api.w.org\/{rel}","templated":true}]}}