{"id":2718,"date":"2025-09-06T20:24:20","date_gmt":"2025-09-06T20:24:20","guid":{"rendered":"https:\/\/voyaphil.com\/?page_id=2718"},"modified":"2025-12-05T18:09:40","modified_gmt":"2025-12-05T18:09:40","slug":"maroc","status":"publish","type":"page","link":"https:\/\/voyaphil.com\/en\/maroc\/","title":{"rendered":"Morocco"},"content":{"rendered":"<p>[et_pb_section fb_built=\u00a0\u00bb1&Prime; _builder_version=\u00a0\u00bb4.27.4&Prime; _module_preset=\u00a0\u00bbdefault\u00a0\u00bb background_image=\u00a0\u00bbhttps:\/\/voyaphil.com\/wp-content\/uploads\/2025\/09\/Ville-de-Marrakech.webp\u00a0\u00bb global_colors_info=\u00a0\u00bb{}\u00a0\u00bb][et_pb_row column_structure=\u00a0\u00bb1_2,1_2&Prime; _builder_version=\u00a0\u00bb4.27.4&Prime; _module_preset=\u00a0\u00bbdefault\u00a0\u00bb global_colors_info=\u00a0\u00bb{}\u00a0\u00bb][et_pb_column type=\u00a0\u00bb1_2&Prime; _builder_version=\u00a0\u00bb4.27.4&Prime; _module_preset=\u00a0\u00bbdefault\u00a0\u00bb global_colors_info=\u00a0\u00bb{}\u00a0\u00bb][et_pb_heading title=\u00a0\u00bbMaroc\u00a0\u00bb _builder_version=\u00a0\u00bb4.27.4&Prime; _module_preset=\u00a0\u00bbdefault\u00a0\u00bb title_font=\u00a0\u00bbPlayfair Display||||||||\u00a0\u00bb title_text_align=\u00a0\u00bbright\u00a0\u00bb title_text_color=\u00a0\u00bb#FFFFFF\u00a0\u00bb title_text_shadow_style=\u00a0\u00bbpreset2&Prime; global_colors_info=\u00a0\u00bb{}\u00a0\u00bb][\/et_pb_heading][\/et_pb_column][et_pb_column type=\u00a0\u00bb1_2&Prime; _builder_version=\u00a0\u00bb4.27.4&Prime; _module_preset=\u00a0\u00bbdefault\u00a0\u00bb global_colors_info=\u00a0\u00bb{}\u00a0\u00bb][et_pb_image src=\u00a0\u00bbhttps:\/\/voyaphil.com\/wp-content\/uploads\/2025\/09\/7.gif\u00a0\u00bb title_text=\u00a0\u00bbMaroc\u00a0\u00bb _builder_version=\u00a0\u00bb4.27.4&Prime; _module_preset=\u00a0\u00bbdefault\u00a0\u00bb transform_scale=\u00a0\u00bb70%|70%\u00a0\u00bb transform_origin=\u00a0\u00bb8%|-34%\u00a0\u00bb global_colors_info=\u00a0\u00bb{}\u00a0\u00bb][\/et_pb_image][\/et_pb_column][\/et_pb_row][et_pb_row _builder_version=\u00a0\u00bb4.27.4&Prime; _module_preset=\u00a0\u00bbdefault\u00a0\u00bb global_colors_info=\u00a0\u00bb{}\u00a0\u00bb][et_pb_column type=\u00a0\u00bb4_4&Prime; _builder_version=\u00a0\u00bb4.27.4&Prime; _module_preset=\u00a0\u00bbdefault\u00a0\u00bb global_colors_info=\u00a0\u00bb{}\u00a0\u00bb][et_pb_heading title=\u00a0\u00bbBienvenue au Maroc\u00a0\u00bb _builder_version=\u00a0\u00bb4.27.4&Prime; _module_preset=\u00a0\u00bbdefault\u00a0\u00bb title_level=\u00a0\u00bbh2&Prime; title_font=\u00a0\u00bbPlayfair Display||||||||\u00a0\u00bb title_text_align=\u00a0\u00bbcenter\u00a0\u00bb title_text_color=\u00a0\u00bb#FFFFFF\u00a0\u00bb title_text_shadow_style=\u00a0\u00bbpreset2&Prime; global_colors_info=\u00a0\u00bb{}\u00a0\u00bb][\/et_pb_heading][\/et_pb_column][\/et_pb_row][\/et_pb_section][et_pb_section fb_built=\u00a0\u00bb1&Prime; _builder_version=\u00a0\u00bb4.27.4&Prime; _module_preset=\u00a0\u00bbdefault\u00a0\u00bb custom_padding=\u00a0\u00bb||13px|||\u00a0\u00bb global_colors_info=\u00a0\u00bb{}\u00a0\u00bb][et_pb_row column_structure=\u00a0\u00bb1_2,1_2&Prime; _builder_version=\u00a0\u00bb4.27.4&Prime; _module_preset=\u00a0\u00bbdefault\u00a0\u00bb global_colors_info=\u00a0\u00bb{}\u00a0\u00bb][et_pb_column type=\u00a0\u00bb1_2&Prime; _builder_version=\u00a0\u00bb4.27.4&Prime; _module_preset=\u00a0\u00bbdefault\u00a0\u00bb global_colors_info=\u00a0\u00bb{}\u00a0\u00bb][et_pb_text _builder_version=\u00a0\u00bb4.27.4&Prime; _module_preset=\u00a0\u00bbdefault\u00a0\u00bb global_colors_info=\u00a0\u00bb{}\u00a0\u00bb]<\/p>\n<p><!--StartFragment --><\/p>\n<p>\ud83c\udfde\ufe0f <strong>Maroc : le royaume aux portes du d\u00e9sert et de l\u2019Atlantique<\/strong><\/p>\n<p>\ud83d\udccd <strong>Localisation et g\u00e9ographie<\/strong><\/p>\n<ul>\n<li>Le Maroc est situ\u00e9 \u00e0 l\u2019<strong>extr\u00eame nord-ouest de l\u2019Afrique<\/strong>, bord\u00e9 par l\u2019<strong>oc\u00e9an Atlantique<\/strong> \u00e0 l\u2019ouest et la <strong>mer M\u00e9diterran\u00e9e<\/strong> au nord.<\/li>\n<li>Il partage ses fronti\u00e8res terrestres avec l\u2019<strong>Alg\u00e9rie<\/strong> \u00e0 l\u2019est et le <strong>Sahara occidental<\/strong> au sud.<\/li>\n<li>Le pays offre une <strong>diversit\u00e9 g\u00e9ographique exceptionnelle<\/strong> :<\/li>\n<\/ul>\n<ul>\n<li><strong>Montagnes de l\u2019Atlas<\/strong> et du <strong>Rif<\/strong>,<\/li>\n<li><strong>Plaines fertiles<\/strong> comme celles du Gharb et du Haouz,<\/li>\n<li><strong>D\u00e9serts majestueux<\/strong> du Sahara,<\/li>\n<li><strong>C\u00f4tes sauvages et plages dor\u00e9es<\/strong>.<\/li>\n<\/ul>\n<p>\ud83e\uddec <strong>Histoire et h\u00e9ritage<\/strong><\/p>\n<ul>\n<li>Le Maroc poss\u00e8de une <strong>histoire mill\u00e9naire<\/strong>, marqu\u00e9e par :<\/li>\n<ul>\n<li>Les <strong>civilisations berb\u00e8res<\/strong>, ph\u00e9niciennes, romaines, arabes et andalouses,<\/li>\n<li>Des dynasties puissantes : <strong>Idrissides<\/strong>, <strong>Almoravides<\/strong>, <strong>Almohades<\/strong>, <strong>M\u00e9rinides<\/strong>, <strong>Saadiens<\/strong>, et <strong>Alaouites<\/strong> (dynastie actuelle).<\/li>\n<li>Une <strong>r\u00e9sistance farouche \u00e0 la colonisation<\/strong>, avec un <strong>protectorat fran\u00e7ais et espagnol<\/strong> de 1912 \u00e0 1956.<\/li>\n<\/ul>\n<li>Le pays est aujourd\u2019hui une <strong>monarchie constitutionnelle<\/strong>, dirig\u00e9e par le <strong>roi Mohammed VI<\/strong> depuis 1999.<\/li>\n<\/ul>\n<p>\ud83d\udd4c <strong>Culture et spiritualit\u00e9<\/strong><\/p>\n<ul>\n<li>Le Maroc est un <strong>carrefour culturel<\/strong> o\u00f9 se m\u00ealent :<\/li>\n<\/ul>\n<ul>\n<li><strong>Islam sunnite<\/strong>, traditions soufies et confr\u00e9ries religieuses,<\/li>\n<li><strong>Langues<\/strong> : arabe classique, dialecte marocain (<em>darija<\/em>), <strong>amazighe<\/strong> (berb\u00e8re), fran\u00e7ais et espagnol.<\/li>\n<li><strong>Artisanat raffin\u00e9<\/strong> : zelliges, tapis, poteries, broderies, cuir de F\u00e8s.<\/li>\n<li><strong>Musique<\/strong> : cha\u00e2bi, gnawa, andalouse, amazighe, et fusion contemporaine.<\/li>\n<\/ul>\n<p>\ud83c\udfd9\ufe0f <strong>Villes embl\u00e9matiques<\/strong><\/p>\n<ul>\n<li><strong>Marrakech<\/strong> : ville rouge, vibrante, avec ses souks, ses riads et sa place Jemaa el-Fna.<\/li>\n<li><strong>F\u00e8s<\/strong> : capitale spirituelle, avec sa m\u00e9dina m\u00e9di\u00e9vale class\u00e9e \u00e0 l\u2019UNESCO.<\/li>\n<li><strong>Casablanca<\/strong> : c\u0153ur \u00e9conomique, moderne et cosmopolite.<\/li>\n<li><strong>Rabat<\/strong> : capitale politique, \u00e9l\u00e9gante et administrative.<\/li>\n<li><strong>Chefchaouen<\/strong> : perle bleue nich\u00e9e dans les montagnes du Rif.<\/li>\n<li><strong>Essaouira<\/strong>, <strong>Ouarzazate<\/strong>, <strong>Mekn\u00e8s<\/strong>, <strong>Tanger<\/strong> : chacune avec son identit\u00e9 propre.<\/li>\n<\/ul>\n<p>\ud83c\udf7d\ufe0f <strong>Gastronomie<\/strong><\/p>\n<ul>\n<li>Cuisine g\u00e9n\u00e9reuse et parfum\u00e9e :<\/li>\n<\/ul>\n<ul>\n<li><strong>Couscous<\/strong>, <strong>tajines<\/strong>, <strong>pastilla<\/strong>, <strong>harira<\/strong>, <strong>m\u00e9choui<\/strong>,<\/li>\n<li><strong>Th\u00e9 \u00e0 la menthe<\/strong>, <strong>p\u00e2tisseries au miel et aux amandes<\/strong>,<\/li>\n<li>Utilisation subtile des <strong>\u00e9pices<\/strong>, des <strong>herbes fra\u00eeches<\/strong>, et des <strong>produits locaux<\/strong>.<\/li>\n<\/ul>\n<p>\ud83c\udf3f <strong>Nature et paysages<\/strong><\/p>\n<ul>\n<li>Le Maroc offre une <strong>vari\u00e9t\u00e9 de climats<\/strong> : m\u00e9diterran\u00e9en, oc\u00e9anique, continental et saharien.<\/li>\n<li>On peut y explorer :<\/li>\n<\/ul>\n<ul>\n<li>Les <strong>dunes de Merzouga<\/strong>,<\/li>\n<li>Les <strong>gorges du Dad\u00e8s et du Todgha<\/strong>,<\/li>\n<li>Les <strong>vall\u00e9es verdoyantes du Souss et de l\u2019Ourika<\/strong>,<\/li>\n<li>Les <strong>plages atlantiques de Taghazout ou d\u2019Agadir<\/strong>,<\/li>\n<li>Les <strong>villages berb\u00e8res accroch\u00e9s aux montagnes<\/strong>.<\/li>\n<\/ul>\n<p>\u2728 <strong>Pourquoi le Maroc est inoubliable<\/strong><\/p>\n<p>C\u2019est un pays o\u00f9 <strong>la tradition dialogue avec la modernit\u00e9<\/strong>, o\u00f9 <strong>chaque ville est une mosa\u00efque de cultures<\/strong>, et o\u00f9 <strong>la lumi\u00e8re du d\u00e9sert rencontre les parfums des souks<\/strong>. Le Maroc est <strong>sensoriel, spirituel et profond\u00e9ment accueillant<\/strong> \u2014 un royaume qui invite \u00e0 la d\u00e9couverte, \u00e0 la contemplation et \u00e0 l\u2019\u00e9merveillement.<!--EndFragment --><\/p>\n<p>[\/et_pb_text][\/et_pb_column][et_pb_column type=\u00a0\u00bb1_2&Prime; _builder_version=\u00a0\u00bb4.27.4&Prime; _module_preset=\u00a0\u00bbdefault\u00a0\u00bb global_colors_info=\u00a0\u00bb{}\u00a0\u00bb][et_pb_code _builder_version=\u00a0\u00bb4.27.4&Prime; _module_preset=\u00a0\u00bbdefault\u00a0\u00bb global_colors_info=\u00a0\u00bb{}\u00a0\u00bb]<iframe src=\"https:\/\/www.google.com\/maps\/embed?pb=!1m18!1m12!1m3!1d6952728.315295092!2d-12.434676384760506!3d31.691660428364692!2m3!1f0!2f0!3f0!3m2!1i1024!2i768!4f13.1!3m3!1m2!1s0xd0b88619651c58d%3A0xd9d39381c42cffc3!2sMaroc!5e0!3m2!1sfr!2sfr!4v1757191721623!5m2!1sfr!2sfr\" width=\"600\" height=\"450\" style=\"border:0;\" allowfullscreen=\"\" loading=\"lazy\" referrerpolicy=\"no-referrer-when-downgrade\"><\/iframe>[\/et_pb_code][\/et_pb_column][\/et_pb_row][\/et_pb_section][et_pb_section fb_built=\u00a0\u00bb1&Prime; _builder_version=\u00a0\u00bb4.27.4&Prime; _module_preset=\u00a0\u00bbdefault\u00a0\u00bb custom_padding=\u00a0\u00bb10px||10px|||\u00a0\u00bb global_colors_info=\u00a0\u00bb{}\u00a0\u00bb][et_pb_row _builder_version=\u00a0\u00bb4.27.4&Prime; _module_preset=\u00a0\u00bbdefault\u00a0\u00bb custom_padding=\u00a0\u00bb||2px|||\u00a0\u00bb global_colors_info=\u00a0\u00bb{}\u00a0\u00bb][et_pb_column type=\u00a0\u00bb4_4&Prime; _builder_version=\u00a0\u00bb4.27.4&Prime; _module_preset=\u00a0\u00bbdefault\u00a0\u00bb global_colors_info=\u00a0\u00bb{}\u00a0\u00bb][et_pb_divider divider_weight=\u00a0\u00bb4px\u00a0\u00bb _builder_version=\u00a0\u00bb4.27.4&Prime; _module_preset=\u00a0\u00bbdefault\u00a0\u00bb width=\u00a0\u00bb50%\u00a0\u00bb module_alignment=\u00a0\u00bbcenter\u00a0\u00bb global_colors_info=\u00a0\u00bb{}\u00a0\u00bb][\/et_pb_divider][\/et_pb_column][\/et_pb_row][et_pb_row _builder_version=\u00a0\u00bb4.27.5&Prime; _module_preset=\u00a0\u00bbdefault\u00a0\u00bb][et_pb_column _builder_version=\u00a0\u00bb4.27.5&Prime; _module_preset=\u00a0\u00bbdefault\u00a0\u00bb type=\u00a0\u00bb4_4&Prime;][et_pb_heading title=\u00a0\u00bbDestinations au Maroc\u00a0\u00bb _builder_version=\u00a0\u00bb4.27.5&Prime; _module_preset=\u00a0\u00bbdefault\u00a0\u00bb title_level=\u00a0\u00bbh3&Prime; title_font=\u00a0\u00bbPlayfair Display||||||||\u00a0\u00bb title_text_align=\u00a0\u00bbcenter\u00a0\u00bb hover_enabled=\u00a0\u00bb0&Prime; sticky_enabled=\u00a0\u00bb0&Prime;][\/et_pb_heading][\/et_pb_column][\/et_pb_row][\/et_pb_section][et_pb_section fb_built=\u00a0\u00bb1&Prime; _builder_version=\u00a0\u00bb4.27.4&Prime; _module_preset=\u00a0\u00bbdefault\u00a0\u00bb global_colors_info=\u00a0\u00bb{}\u00a0\u00bb][et_pb_row column_structure=\u00a0\u00bb1_2,1_2&Prime; _builder_version=\u00a0\u00bb4.27.4&Prime; _module_preset=\u00a0\u00bbdefault\u00a0\u00bb global_colors_info=\u00a0\u00bb{}\u00a0\u00bb][et_pb_column type=\u00a0\u00bb1_2&Prime; _builder_version=\u00a0\u00bb4.27.4&Prime; _module_preset=\u00a0\u00bbdefault\u00a0\u00bb global_colors_info=\u00a0\u00bb{}\u00a0\u00bb][et_pb_image src=\u00a0\u00bbhttps:\/\/voyaphil.com\/wp-content\/uploads\/2025\/09\/Marrakech-Maroc-1.webp\u00a0\u00bb title_text=\u00a0\u00bbMarrakech &#8211; Maroc\u00a0\u00bb align=\u00a0\u00bbcenter\u00a0\u00bb _builder_version=\u00a0\u00bb4.27.4&Prime; _module_preset=\u00a0\u00bbdefault\u00a0\u00bb animation_style=\u00a0\u00bbfold\u00a0\u00bb border_radii=\u00a0\u00bbon|10px|10px|10px|10px\u00a0\u00bb box_shadow_style=\u00a0\u00bbpreset2&Prime; global_colors_info=\u00a0\u00bb{}\u00a0\u00bb][\/et_pb_image][et_pb_button button_url=\u00a0\u00bb@ET-DC@eyJkeW5hbWljIjp0cnVlLCJjb250ZW50IjoicG9zdF9saW5rX3VybF9wYWdlIiwic2V0dGluZ3MiOnsicG9zdF9pZCI6IjI3MzIifX0=@\u00a0\u00bb button_text=\u00a0\u00bbMarrakech\u00a0\u00bb button_alignment=\u00a0\u00bbcenter\u00a0\u00bb _builder_version=\u00a0\u00bb4.27.4&Prime; _dynamic_attributes=\u00a0\u00bbbutton_url\u00a0\u00bb _module_preset=\u00a0\u00bbdefault\u00a0\u00bb custom_button=\u00a0\u00bbon\u00a0\u00bb button_text_color=\u00a0\u00bb#FFFFFF\u00a0\u00bb button_bg_color=\u00a0\u00bb#424242&Prime; button_border_color=\u00a0\u00bb#FFFFFF\u00a0\u00bb button_border_radius=\u00a0\u00bb10px\u00a0\u00bb button_font=\u00a0\u00bbPlayfair Display||||||||\u00a0\u00bb button_icon=\u00a0\u00bb&#xf57d;||fa||900&Prime; animation_style=\u00a0\u00bbzoom\u00a0\u00bb box_shadow_style=\u00a0\u00bbpreset2&Prime; global_colors_info=\u00a0\u00bb{}\u00a0\u00bb][\/et_pb_button][et_pb_text _builder_version=\u00a0\u00bb4.27.4&Prime; _module_preset=\u00a0\u00bbdefault\u00a0\u00bb text_orientation=\u00a0\u00bbjustified\u00a0\u00bb global_colors_info=\u00a0\u00bb{}\u00a0\u00bb]<\/p>\n<p><b>Marrakech, ville ocre situ\u00e9e au pied des montagnes de l&rsquo;Atlas, est une destination incontournable pour les voyageurs en qu\u00eate d&rsquo;exotisme et de d\u00e9paysement. Ses ruelles \u00e9troites et sinueuses, ses souks anim\u00e9s et color\u00e9s, ses jardins luxuriants et ses palais somptueux t\u00e9moignent de son riche patrimoine culturel et historique.<\/b><\/p>\n<p>[\/et_pb_text][\/et_pb_column][et_pb_column type=\u00a0\u00bb1_2&Prime; _builder_version=\u00a0\u00bb4.27.4&Prime; _module_preset=\u00a0\u00bbdefault\u00a0\u00bb global_colors_info=\u00a0\u00bb{}\u00a0\u00bb][et_pb_image src=\u00a0\u00bbhttps:\/\/voyaphil.com\/wp-content\/uploads\/2025\/09\/Trek-du-Haut-Atlas.webp\u00a0\u00bb title_text=\u00a0\u00bbTrek du Haut Atlas\u00a0\u00bb align=\u00a0\u00bbcenter\u00a0\u00bb _builder_version=\u00a0\u00bb4.27.4&Prime; _module_preset=\u00a0\u00bbdefault\u00a0\u00bb animation_style=\u00a0\u00bbfold\u00a0\u00bb border_radii=\u00a0\u00bbon|10px|10px|10px|10px\u00a0\u00bb box_shadow_style=\u00a0\u00bbpreset2&Prime; global_colors_info=\u00a0\u00bb{}\u00a0\u00bb][\/et_pb_image][et_pb_button button_url=\u00a0\u00bb@ET-DC@eyJkeW5hbWljIjp0cnVlLCJjb250ZW50IjoicG9zdF9saW5rX3VybF9wYWdlIiwic2V0dGluZ3MiOnsicG9zdF9pZCI6IjI3NDkifX0=@\u00a0\u00bb button_text=\u00a0\u00bbTrek Haut Atlas\u00a0\u00bb button_alignment=\u00a0\u00bbcenter\u00a0\u00bb _builder_version=\u00a0\u00bb4.27.4&Prime; _dynamic_attributes=\u00a0\u00bbbutton_url\u00a0\u00bb _module_preset=\u00a0\u00bbdefault\u00a0\u00bb custom_button=\u00a0\u00bbon\u00a0\u00bb button_text_color=\u00a0\u00bb#FFFFFF\u00a0\u00bb button_bg_color=\u00a0\u00bb#424242&Prime; button_border_color=\u00a0\u00bb#FFFFFF\u00a0\u00bb button_border_radius=\u00a0\u00bb10px\u00a0\u00bb button_font=\u00a0\u00bbPlayfair Display||||||||\u00a0\u00bb button_icon=\u00a0\u00bb&#xf57d;||fa||900&Prime; animation_style=\u00a0\u00bbzoom\u00a0\u00bb box_shadow_style=\u00a0\u00bbpreset2&Prime; global_colors_info=\u00a0\u00bb{}\u00a0\u00bb][\/et_pb_button][et_pb_text _builder_version=\u00a0\u00bb4.27.4&Prime; _module_preset=\u00a0\u00bbdefault\u00a0\u00bb text_orientation=\u00a0\u00bbjustified\u00a0\u00bb global_colors_info=\u00a0\u00bb{}\u00a0\u00bb]<\/p>\n<p><b>Le Haut Atlas, situ\u00e9 pr\u00e8s de Marrakech, est une cha\u00eene de montagnes majestueuse qui s&rsquo;\u00e9tend sur plusieurs centaines de kilom\u00e8tres. Elle offre des paysages spectaculaires, avec ses sommets, ses vall\u00e9es verdoyantes et ses villages berb\u00e8res traditionnels.<\/b><\/p>\n<p>[\/et_pb_text][\/et_pb_column][\/et_pb_row][\/et_pb_section]<\/p>\n","protected":false},"excerpt":{"rendered":"<p>\ud83c\udfde\ufe0f Maroc : le royaume aux portes du d\u00e9sert et de l\u2019Atlantique \ud83d\udccd Localisation et g\u00e9ographie Le Maroc est situ\u00e9 \u00e0 l\u2019extr\u00eame nord-ouest de l\u2019Afrique, bord\u00e9 par l\u2019oc\u00e9an Atlantique \u00e0 l\u2019ouest et la mer M\u00e9diterran\u00e9e au nord. Il partage ses fronti\u00e8res terrestres avec l\u2019Alg\u00e9rie \u00e0 l\u2019est et le Sahara occidental au sud. Le pays offre [&hellip;]<\/p>\n","protected":false},"author":1,"featured_media":0,"parent":0,"menu_order":0,"comment_status":"closed","ping_status":"closed","template":"","meta":{"_seopress_robots_primary_cat":"","_seopress_titles_title":"Maroc : voyage entre traditions et paysages envo\u00fbtants","_seopress_titles_desc":"Maroc : d\u00e9couvrez un pays fascinant, entre m\u00e9dinas color\u00e9es, d\u00e9serts majestueux et montagnes de l\u2019Atlas, r\u00e9v\u00e9l\u00e9s en images.","_seopress_robots_index":"","_et_pb_use_builder":"on","_et_pb_old_content":"","_et_gb_content_width":"","footnotes":""},"class_list":["post-2718","page","type-page","status-publish","hentry"],"_links":{"self":[{"href":"https:\/\/voyaphil.com\/en\/wp-json\/wp\/v2\/pages\/2718","targetHints":{"allow":["GET"]}}],"collection":[{"href":"https:\/\/voyaphil.com\/en\/wp-json\/wp\/v2\/pages"}],"about":[{"href":"https:\/\/voyaphil.com\/en\/wp-json\/wp\/v2\/types\/page"}],"author":[{"embeddable":true,"href":"https:\/\/voyaphil.com\/en\/wp-json\/wp\/v2\/users\/1"}],"replies":[{"embeddable":true,"href":"https:\/\/voyaphil.com\/en\/wp-json\/wp\/v2\/comments?post=2718"}],"version-history":[{"count":12,"href":"https:\/\/voyaphil.com\/en\/wp-json\/wp\/v2\/pages\/2718\/revisions"}],"predecessor-version":[{"id":3135,"href":"https:\/\/voyaphil.com\/en\/wp-json\/wp\/v2\/pages\/2718\/revisions\/3135"}],"wp:attachment":[{"href":"https:\/\/voyaphil.com\/en\/wp-json\/wp\/v2\/media?parent=2718"}],"curies":[{"name":"wp","href":"https:\/\/api.w.org\/{rel}","templated":true}]}}