{"id":2763,"date":"2025-09-06T21:56:12","date_gmt":"2025-09-06T21:56:12","guid":{"rendered":"https:\/\/voyaphil.com\/?page_id=2763"},"modified":"2025-12-05T16:18:00","modified_gmt":"2025-12-05T16:18:00","slug":"italie-2","status":"publish","type":"page","link":"https:\/\/voyaphil.com\/en\/italie-2\/","title":{"rendered":"Italy"},"content":{"rendered":"<p>[et_pb_section fb_built=\u00a0\u00bb1&Prime; _builder_version=\u00a0\u00bb4.27.4&Prime; _module_preset=\u00a0\u00bbdefault\u00a0\u00bb background_image=\u00a0\u00bbhttps:\/\/voyaphil.com\/wp-content\/uploads\/2025\/09\/Susa-4.webp\u00a0\u00bb global_colors_info=\u00a0\u00bb{}\u00a0\u00bb][et_pb_row column_structure=\u00a0\u00bb1_2,1_2&Prime; _builder_version=\u00a0\u00bb4.27.4&Prime; _module_preset=\u00a0\u00bbdefault\u00a0\u00bb custom_padding=\u00a0\u00bb||154px|||\u00a0\u00bb global_colors_info=\u00a0\u00bb{}\u00a0\u00bb][et_pb_column type=\u00a0\u00bb1_2&Prime; _builder_version=\u00a0\u00bb4.27.4&Prime; _module_preset=\u00a0\u00bbdefault\u00a0\u00bb global_colors_info=\u00a0\u00bb{}\u00a0\u00bb][et_pb_heading title=\u00a0\u00bbItalie\u00a0\u00bb _builder_version=\u00a0\u00bb4.27.4&Prime; _module_preset=\u00a0\u00bbdefault\u00a0\u00bb title_font=\u00a0\u00bbPlayfair Display||||||||\u00a0\u00bb title_text_align=\u00a0\u00bbright\u00a0\u00bb title_text_color=\u00a0\u00bb#FFFFFF\u00a0\u00bb title_text_shadow_style=\u00a0\u00bbpreset2&Prime; global_colors_info=\u00a0\u00bb{}\u00a0\u00bb][\/et_pb_heading][\/et_pb_column][et_pb_column type=\u00a0\u00bb1_2&Prime; _builder_version=\u00a0\u00bb4.27.4&Prime; _module_preset=\u00a0\u00bbdefault\u00a0\u00bb global_colors_info=\u00a0\u00bb{}\u00a0\u00bb][et_pb_image src=\u00a0\u00bbhttps:\/\/voyaphil.com\/wp-content\/uploads\/2025\/09\/Italie.gif\u00a0\u00bb title_text=\u00a0\u00bbItalie\u00a0\u00bb _builder_version=\u00a0\u00bb4.27.4&Prime; _module_preset=\u00a0\u00bbdefault\u00a0\u00bb global_colors_info=\u00a0\u00bb{}\u00a0\u00bb][\/et_pb_image][\/et_pb_column][\/et_pb_row][et_pb_row _builder_version=\u00a0\u00bb4.27.4&Prime; _module_preset=\u00a0\u00bbdefault\u00a0\u00bb global_colors_info=\u00a0\u00bb{}\u00a0\u00bb][et_pb_column type=\u00a0\u00bb4_4&Prime; _builder_version=\u00a0\u00bb4.27.4&Prime; _module_preset=\u00a0\u00bbdefault\u00a0\u00bb global_colors_info=\u00a0\u00bb{}\u00a0\u00bb][et_pb_heading title=\u00a0\u00bbBienvenue en Italie\u00a0\u00bb _builder_version=\u00a0\u00bb4.27.4&Prime; _module_preset=\u00a0\u00bbdefault\u00a0\u00bb title_level=\u00a0\u00bbh2&Prime; title_font=\u00a0\u00bbPlayfair Display||||||||\u00a0\u00bb title_text_align=\u00a0\u00bbcenter\u00a0\u00bb title_text_color=\u00a0\u00bb#FFFFFF\u00a0\u00bb title_text_shadow_style=\u00a0\u00bbpreset2&Prime; global_colors_info=\u00a0\u00bb{}\u00a0\u00bb][\/et_pb_heading][\/et_pb_column][\/et_pb_row][\/et_pb_section][et_pb_section fb_built=\u00a0\u00bb1&Prime; _builder_version=\u00a0\u00bb4.27.4&Prime; _module_preset=\u00a0\u00bbdefault\u00a0\u00bb custom_padding=\u00a0\u00bb||14px|||\u00a0\u00bb global_colors_info=\u00a0\u00bb{}\u00a0\u00bb][et_pb_row column_structure=\u00a0\u00bb1_2,1_2&Prime; _builder_version=\u00a0\u00bb4.27.4&Prime; _module_preset=\u00a0\u00bbdefault\u00a0\u00bb global_colors_info=\u00a0\u00bb{}\u00a0\u00bb][et_pb_column type=\u00a0\u00bb1_2&Prime; _builder_version=\u00a0\u00bb4.27.4&Prime; _module_preset=\u00a0\u00bbdefault\u00a0\u00bb global_colors_info=\u00a0\u00bb{}\u00a0\u00bb][et_pb_text _builder_version=\u00a0\u00bb4.27.4&Prime; _module_preset=\u00a0\u00bbdefault\u00a0\u00bb global_colors_info=\u00a0\u00bb{}\u00a0\u00bb]<\/p>\n<p><!--StartFragment --><\/p>\n<p>\ud83c\udfde\ufe0f <strong>Italie : la p\u00e9ninsule aux mille visages<\/strong><\/p>\n<p>\ud83d\udccd <strong>Localisation et g\u00e9ographie<\/strong><\/p>\n<ul>\n<li>L\u2019Italie est situ\u00e9e en <strong>Europe du Sud<\/strong>, en forme de <strong>botte allong\u00e9e<\/strong> s\u2019avan\u00e7ant dans la mer M\u00e9diterran\u00e9e.<\/li>\n<li>Elle est bord\u00e9e par :<\/li>\n<ul>\n<li>La <strong>mer Adriatique<\/strong> \u00e0 l\u2019est,<\/li>\n<li>La <strong>mer Tyrrh\u00e9nienne<\/strong> \u00e0 l\u2019ouest,<\/li>\n<li>La <strong>mer Ionienne<\/strong> au sud.<\/li>\n<\/ul>\n<li>Elle partage ses fronti\u00e8res terrestres avec la <strong>France<\/strong>, la <strong>Suisse<\/strong>, l\u2019<strong>Autriche<\/strong> et la <strong>Slov\u00e9nie<\/strong>.<\/li>\n<li>Le pays comprend aussi les <strong>\u00eeles de Sicile et de Sardaigne<\/strong>, ainsi que de nombreuses \u00eeles plus petites.<\/li>\n<\/ul>\n<p>\ud83e\uddec <strong>Histoire et h\u00e9ritage<\/strong><\/p>\n<ul>\n<li>L\u2019Italie est le berceau de <strong>civilisations majeures<\/strong> :<\/li>\n<\/ul>\n<ul>\n<li>Les <strong>\u00c9trusques<\/strong>, les <strong>Grecs<\/strong>, puis les <strong>Romains<\/strong>, qui fond\u00e8rent l\u2019<strong>Empire romain<\/strong> (27 av. J.-C. \u2013 476 apr. J.-C.).<\/li>\n<li>Le pays fut ensuite morcel\u00e9 en <strong>cit\u00e9s-\u00c9tats<\/strong> (Venise, Florence, G\u00eanes, Rome\u2026) qui brill\u00e8rent pendant la <strong>Renaissance<\/strong>.<\/li>\n<li>L\u2019<strong>unification italienne<\/strong> a lieu en <strong>1861<\/strong>, sous le r\u00e8gne de Victor-Emmanuel II.<\/li>\n<li>Apr\u00e8s la chute du fascisme, l\u2019Italie devient une <strong>R\u00e9publique<\/strong> en <strong>1946<\/strong>.<\/li>\n<\/ul>\n<p>\ud83c\udfdb\ufe0f <strong>Culture et patrimoine<\/strong><\/p>\n<ul>\n<li>L\u2019Italie poss\u00e8de <strong>58 sites class\u00e9s au patrimoine mondial de l\u2019UNESCO<\/strong>, un record mondial.<\/li>\n<li>Elle est le berceau de <strong>figures majeures<\/strong> : <strong>Dante<\/strong>, <strong>Michel-Ange<\/strong>, <strong>L\u00e9onard de Vinci<\/strong>, <strong>Galil\u00e9e<\/strong>, <strong>Verdi<\/strong>, <strong>Fellini<\/strong>\u2026<\/li>\n<li>L\u2019architecture y est omnipr\u00e9sente : <strong>temples antiques<\/strong>, <strong>\u00e9glises baroques<\/strong>, <strong>palais Renaissance<\/strong>, <strong>villas romaines<\/strong>, <strong>th\u00e9\u00e2tres<\/strong>, <strong>fontaines<\/strong>.<\/li>\n<li>La culture italienne est profond\u00e9ment marqu\u00e9e par l\u2019<strong>art<\/strong>, la <strong>musique<\/strong>, la <strong>mode<\/strong>, et la <strong>gastronomie<\/strong>.<\/li>\n<\/ul>\n<p>\ud83c\udfd9\ufe0f <strong>Villes embl\u00e9matiques<\/strong><\/p>\n<ul>\n<li><strong>Rome<\/strong> : capitale \u00e9ternelle, avec le <strong>Colis\u00e9e<\/strong>, le <strong>Vatican<\/strong>, la <strong>Fontaine de Trevi<\/strong>, et les <strong>ruines antiques<\/strong>.<\/li>\n<li><strong>Florence<\/strong> : berceau de la Renaissance, avec ses mus\u00e9es, ses \u00e9glises et le <strong>Duomo<\/strong>.<\/li>\n<li><strong>Venise<\/strong> : ville flottante, romantique et myst\u00e9rieuse, entre canaux et palais.<\/li>\n<li><strong>Milan<\/strong> : capitale de la mode et du design, dynamique et cosmopolite.<\/li>\n<li><strong>Naples<\/strong>, <strong>Turin<\/strong>, <strong>Bologne<\/strong>, <strong>Palerme<\/strong>, <strong>G\u00eanes<\/strong> : chacune avec son identit\u00e9 forte et ses tr\u00e9sors cach\u00e9s.<\/li>\n<\/ul>\n<p>\ud83c\udf5d <strong>Gastronomie<\/strong><\/p>\n<ul>\n<li>L\u2019Italie est une <strong>r\u00e9f\u00e9rence mondiale<\/strong> en mati\u00e8re de cuisine :<\/li>\n<\/ul>\n<ul>\n<li><strong>P\u00e2tes<\/strong>, <strong>pizzas<\/strong>, <strong>risottos<\/strong>, <strong>antipasti<\/strong>, <strong>gelato<\/strong>, <strong>tiramisu<\/strong>\u2026<\/li>\n<li>Chaque r\u00e9gion a ses <strong>sp\u00e9cialit\u00e9s locales<\/strong> : truffes en Ombrie, fruits de mer en Sicile, fromages dans les Alpes, vins en Toscane.<\/li>\n<li>Le <strong>caf\u00e9 italien<\/strong>, l\u2019<strong>huile d\u2019olive<\/strong>, et les <strong>vins<\/strong> (Chianti, Barolo, Prosecco) sont des piliers de l\u2019art de vivre.<\/li>\n<\/ul>\n<p>\ud83c\udf3f <strong>Nature et paysages<\/strong><\/p>\n<ul>\n<li>L\u2019Italie offre une <strong>diversit\u00e9 naturelle exceptionnelle<\/strong> :<\/li>\n<\/ul>\n<ul>\n<li><strong>Alpes et Dolomites<\/strong> pour le ski et la randonn\u00e9e,<\/li>\n<li><strong>Lacs majestueux<\/strong> : C\u00f4me, Garde, Majeur,<\/li>\n<li><strong>C\u00f4tes m\u00e9diterran\u00e9ennes<\/strong> : Cinque Terre, Amalfi, Pouilles,<\/li>\n<li><strong>Volcans actifs<\/strong> : V\u00e9suve, Etna, Stromboli,<\/li>\n<li><strong>Campagnes vallonn\u00e9es<\/strong> : Toscane, Ombrie, Pi\u00e9mont.<\/li>\n<\/ul>\n<p>\u2728 <strong>Pourquoi l\u2019Italie est inoubliable<\/strong><\/p>\n<p>C\u2019est un pays o\u00f9 <strong>la beaut\u00e9 est partout<\/strong>, o\u00f9 <strong>le pass\u00e9 dialogue avec le pr\u00e9sent<\/strong>, et o\u00f9 <strong>la passion se vit dans chaque geste<\/strong>. L\u2019Italie est <strong>\u00e9l\u00e9gante, vibrante et profond\u00e9ment humaine<\/strong> \u2014 un voyage sensoriel et culturel \u00e0 chaque coin de rue.<!--EndFragment --><\/p>\n<p>[\/et_pb_text][\/et_pb_column][et_pb_column type=\u00a0\u00bb1_2&Prime; _builder_version=\u00a0\u00bb4.27.4&Prime; _module_preset=\u00a0\u00bbdefault\u00a0\u00bb global_colors_info=\u00a0\u00bb{}\u00a0\u00bb][et_pb_code _builder_version=\u00a0\u00bb4.27.4&Prime; _module_preset=\u00a0\u00bbdefault\u00a0\u00bb global_colors_info=\u00a0\u00bb{}\u00a0\u00bb]<iframe src=\"https:\/\/www.google.com\/maps\/embed?pb=!1m18!1m12!1m3!1d6150899.819242025!2d7.432794057938409!3d41.17011711207925!2m3!1f0!2f0!3f0!3m2!1i1024!2i768!4f13.1!3m3!1m2!1s0x12d4fe82448dd203%3A0xe22cf55c24635e6f!2sItalie!5e0!3m2!1sfr!2sfr!4v1757195757965!5m2!1sfr!2sfr\" width=\"600\" height=\"450\" style=\"border:0;\" allowfullscreen=\"\" loading=\"lazy\" referrerpolicy=\"no-referrer-when-downgrade\"><\/iframe>[\/et_pb_code][\/et_pb_column][\/et_pb_row][\/et_pb_section][et_pb_section fb_built=\u00a0\u00bb1&Prime; _builder_version=\u00a0\u00bb4.27.4&Prime; _module_preset=\u00a0\u00bbdefault\u00a0\u00bb custom_padding=\u00a0\u00bb13px||10px|||\u00a0\u00bb global_colors_info=\u00a0\u00bb{}\u00a0\u00bb][et_pb_row _builder_version=\u00a0\u00bb4.27.4&Prime; _module_preset=\u00a0\u00bbdefault\u00a0\u00bb custom_padding=\u00a0\u00bb||9px|||\u00a0\u00bb global_colors_info=\u00a0\u00bb{}\u00a0\u00bb][et_pb_column type=\u00a0\u00bb4_4&Prime; _builder_version=\u00a0\u00bb4.27.4&Prime; _module_preset=\u00a0\u00bbdefault\u00a0\u00bb global_colors_info=\u00a0\u00bb{}\u00a0\u00bb][et_pb_divider divider_weight=\u00a0\u00bb4px\u00a0\u00bb _builder_version=\u00a0\u00bb4.27.4&Prime; _module_preset=\u00a0\u00bbdefault\u00a0\u00bb width=\u00a0\u00bb50%\u00a0\u00bb module_alignment=\u00a0\u00bbcenter\u00a0\u00bb global_colors_info=\u00a0\u00bb{}\u00a0\u00bb][\/et_pb_divider][\/et_pb_column][\/et_pb_row][\/et_pb_section][et_pb_section fb_built=\u00a0\u00bb1&Prime; _builder_version=\u00a0\u00bb4.27.4&Prime; _module_preset=\u00a0\u00bbdefault\u00a0\u00bb custom_padding=\u00a0\u00bb15px|||||\u00a0\u00bb global_colors_info=\u00a0\u00bb{}\u00a0\u00bb][et_pb_row column_structure=\u00a0\u00bb1_2,1_2&Prime; _builder_version=\u00a0\u00bb4.27.4&Prime; _module_preset=\u00a0\u00bbdefault\u00a0\u00bb global_colors_info=\u00a0\u00bb{}\u00a0\u00bb][et_pb_column type=\u00a0\u00bb1_2&Prime; _builder_version=\u00a0\u00bb4.27.4&Prime; _module_preset=\u00a0\u00bbdefault\u00a0\u00bb global_colors_info=\u00a0\u00bb{}\u00a0\u00bb][et_pb_image src=\u00a0\u00bbhttps:\/\/voyaphil.com\/wp-content\/uploads\/2025\/09\/Ville-de-Susa.webp\u00a0\u00bb title_text=\u00a0\u00bbVille de Susa\u00a0\u00bb align=\u00a0\u00bbcenter\u00a0\u00bb _builder_version=\u00a0\u00bb4.27.4&Prime; _module_preset=\u00a0\u00bbdefault\u00a0\u00bb animation_style=\u00a0\u00bbfold\u00a0\u00bb border_radii=\u00a0\u00bbon|10px|10px|10px|10px\u00a0\u00bb box_shadow_style=\u00a0\u00bbpreset2&Prime; global_colors_info=\u00a0\u00bb{}\u00a0\u00bb][\/et_pb_image][\/et_pb_column][et_pb_column type=\u00a0\u00bb1_2&Prime; _builder_version=\u00a0\u00bb4.27.4&Prime; _module_preset=\u00a0\u00bbdefault\u00a0\u00bb global_colors_info=\u00a0\u00bb{}\u00a0\u00bb][et_pb_button button_url=\u00a0\u00bb@ET-DC@eyJkeW5hbWljIjp0cnVlLCJjb250ZW50IjoicG9zdF9saW5rX3VybF9wYWdlIiwic2V0dGluZ3MiOnsicG9zdF9pZCI6IjI3NzcifX0=@\u00a0\u00bb button_text=\u00a0\u00bbSusa\u00a0\u00bb button_alignment=\u00a0\u00bbcenter\u00a0\u00bb _builder_version=\u00a0\u00bb4.27.4&Prime; _dynamic_attributes=\u00a0\u00bbbutton_url\u00a0\u00bb _module_preset=\u00a0\u00bbdefault\u00a0\u00bb custom_button=\u00a0\u00bbon\u00a0\u00bb button_text_color=\u00a0\u00bb#FFFFFF\u00a0\u00bb button_bg_color=\u00a0\u00bb#515151&Prime; button_border_radius=\u00a0\u00bb10px\u00a0\u00bb button_font=\u00a0\u00bbPlayfair Display||||||||\u00a0\u00bb button_icon=\u00a0\u00bb&#xf57d;||fa||900&Prime; animation_style=\u00a0\u00bbzoom\u00a0\u00bb box_shadow_style=\u00a0\u00bbpreset2&Prime; global_colors_info=\u00a0\u00bb{}\u00a0\u00bb][\/et_pb_button][et_pb_text _builder_version=\u00a0\u00bb4.27.4&Prime; _module_preset=\u00a0\u00bbdefault\u00a0\u00bb text_orientation=\u00a0\u00bbjustified\u00a0\u00bb global_colors_info=\u00a0\u00bb{}\u00a0\u00bb]<\/p>\n<p><b>Susa est une charmante ville italienne situ\u00e9e dans la r\u00e9gion du Pi\u00e9mont, connue pour son riche patrimoine historique et culturel. Cette ville pittoresque offre aux visiteurs une exp\u00e9rience unique avec ses ruelles pav\u00e9es, ses b\u00e2timents anciens et ses monuments impressionnants.<\/b><\/p>\n<p>[\/et_pb_text][\/et_pb_column][\/et_pb_row][\/et_pb_section]<\/p>\n","protected":false},"excerpt":{"rendered":"<p>\ud83c\udfde\ufe0f Italie : la p\u00e9ninsule aux mille visages \ud83d\udccd Localisation et g\u00e9ographie L\u2019Italie est situ\u00e9e en Europe du Sud, en forme de botte allong\u00e9e s\u2019avan\u00e7ant dans la mer M\u00e9diterran\u00e9e. Elle est bord\u00e9e par : La mer Adriatique \u00e0 l\u2019est, La mer Tyrrh\u00e9nienne \u00e0 l\u2019ouest, La mer Ionienne au sud. Elle partage ses fronti\u00e8res terrestres avec [&hellip;]<\/p>\n","protected":false},"author":1,"featured_media":0,"parent":0,"menu_order":0,"comment_status":"closed","ping_status":"closed","template":"","meta":{"_seopress_robots_primary_cat":"","_seopress_titles_title":"Italie : voyage au c\u0153ur d\u2019un pays d\u2019art et de saveurs","_seopress_titles_desc":"Italie, pays des arts et des saveurs : d\u00e9couvrez ses villes, ses paysages et son patrimoine unique, entre culture et dolce vita.","_seopress_robots_index":"","_et_pb_use_builder":"on","_et_pb_old_content":"","_et_gb_content_width":"","footnotes":""},"class_list":["post-2763","page","type-page","status-publish","hentry"],"_links":{"self":[{"href":"https:\/\/voyaphil.com\/en\/wp-json\/wp\/v2\/pages\/2763","targetHints":{"allow":["GET"]}}],"collection":[{"href":"https:\/\/voyaphil.com\/en\/wp-json\/wp\/v2\/pages"}],"about":[{"href":"https:\/\/voyaphil.com\/en\/wp-json\/wp\/v2\/types\/page"}],"author":[{"embeddable":true,"href":"https:\/\/voyaphil.com\/en\/wp-json\/wp\/v2\/users\/1"}],"replies":[{"embeddable":true,"href":"https:\/\/voyaphil.com\/en\/wp-json\/wp\/v2\/comments?post=2763"}],"version-history":[{"count":7,"href":"https:\/\/voyaphil.com\/en\/wp-json\/wp\/v2\/pages\/2763\/revisions"}],"predecessor-version":[{"id":3107,"href":"https:\/\/voyaphil.com\/en\/wp-json\/wp\/v2\/pages\/2763\/revisions\/3107"}],"wp:attachment":[{"href":"https:\/\/voyaphil.com\/en\/wp-json\/wp\/v2\/media?parent=2763"}],"curies":[{"name":"wp","href":"https:\/\/api.w.org\/{rel}","templated":true}]}}