{"id":2777,"date":"2025-09-06T22:15:49","date_gmt":"2025-09-06T22:15:49","guid":{"rendered":"https:\/\/voyaphil.com\/?page_id=2777"},"modified":"2025-12-05T22:01:11","modified_gmt":"2025-12-05T22:01:11","slug":"susa","status":"publish","type":"page","link":"https:\/\/voyaphil.com\/en\/susa\/","title":{"rendered":"Susa"},"content":{"rendered":"<p>[et_pb_section fb_built=\u00a0\u00bb1&Prime; _builder_version=\u00a0\u00bb4.27.4&Prime; _module_preset=\u00a0\u00bbdefault\u00a0\u00bb background_image=\u00a0\u00bbhttps:\/\/voyaphil.com\/wp-content\/uploads\/2025\/09\/Ville-de-susa-1.webp\u00a0\u00bb global_colors_info=\u00a0\u00bb{}\u00a0\u00bb][et_pb_row column_structure=\u00a0\u00bb1_2,1_2&Prime; _builder_version=\u00a0\u00bb4.27.4&Prime; _module_preset=\u00a0\u00bbdefault\u00a0\u00bb global_colors_info=\u00a0\u00bb{}\u00a0\u00bb][et_pb_column type=\u00a0\u00bb1_2&Prime; _builder_version=\u00a0\u00bb4.27.4&Prime; _module_preset=\u00a0\u00bbdefault\u00a0\u00bb global_colors_info=\u00a0\u00bb{}\u00a0\u00bb][et_pb_heading title=\u00a0\u00bbSusa\u00a0\u00bb _builder_version=\u00a0\u00bb4.27.4&Prime; _module_preset=\u00a0\u00bbdefault\u00a0\u00bb title_font=\u00a0\u00bbPlayfair Display||||||||\u00a0\u00bb title_text_align=\u00a0\u00bbright\u00a0\u00bb title_text_color=\u00a0\u00bb#FFFFFF\u00a0\u00bb title_text_shadow_style=\u00a0\u00bbpreset2&Prime; global_colors_info=\u00a0\u00bb{}\u00a0\u00bb][\/et_pb_heading][\/et_pb_column][et_pb_column type=\u00a0\u00bb1_2&Prime; _builder_version=\u00a0\u00bb4.27.4&Prime; _module_preset=\u00a0\u00bbdefault\u00a0\u00bb global_colors_info=\u00a0\u00bb{}\u00a0\u00bb][et_pb_image src=\u00a0\u00bbhttps:\/\/voyaphil.com\/wp-content\/uploads\/2025\/09\/Italie.gif\u00a0\u00bb title_text=\u00a0\u00bbItalie\u00a0\u00bb _builder_version=\u00a0\u00bb4.27.4&Prime; _module_preset=\u00a0\u00bbdefault\u00a0\u00bb global_colors_info=\u00a0\u00bb{}\u00a0\u00bb][\/et_pb_image][\/et_pb_column][\/et_pb_row][et_pb_row _builder_version=\u00a0\u00bb4.27.4&Prime; _module_preset=\u00a0\u00bbdefault\u00a0\u00bb global_colors_info=\u00a0\u00bb{}\u00a0\u00bb][et_pb_column type=\u00a0\u00bb4_4&Prime; _builder_version=\u00a0\u00bb4.27.4&Prime; _module_preset=\u00a0\u00bbdefault\u00a0\u00bb global_colors_info=\u00a0\u00bb{}\u00a0\u00bb][et_pb_heading title=\u00a0\u00bbBienvenue \u00e0 Susa\u00a0\u00bb _builder_version=\u00a0\u00bb4.27.4&Prime; _module_preset=\u00a0\u00bbdefault\u00a0\u00bb title_level=\u00a0\u00bbh2&Prime; title_font=\u00a0\u00bbPlayfair Display||||||||\u00a0\u00bb title_text_align=\u00a0\u00bbcenter\u00a0\u00bb title_text_color=\u00a0\u00bb#FFFFFF\u00a0\u00bb title_text_shadow_style=\u00a0\u00bbpreset2&Prime; global_colors_info=\u00a0\u00bb{}\u00a0\u00bb][\/et_pb_heading][\/et_pb_column][\/et_pb_row][\/et_pb_section][et_pb_section fb_built=\u00a0\u00bb1&Prime; _builder_version=\u00a0\u00bb4.27.4&Prime; _module_preset=\u00a0\u00bbdefault\u00a0\u00bb custom_padding=\u00a0\u00bb||11px|||\u00a0\u00bb global_colors_info=\u00a0\u00bb{}\u00a0\u00bb][et_pb_row column_structure=\u00a0\u00bb1_2,1_2&Prime; _builder_version=\u00a0\u00bb4.27.4&Prime; _module_preset=\u00a0\u00bbdefault\u00a0\u00bb global_colors_info=\u00a0\u00bb{}\u00a0\u00bb][et_pb_column type=\u00a0\u00bb1_2&Prime; _builder_version=\u00a0\u00bb4.27.4&Prime; _module_preset=\u00a0\u00bbdefault\u00a0\u00bb global_colors_info=\u00a0\u00bb{}\u00a0\u00bb][et_pb_text _builder_version=\u00a0\u00bb4.27.4&Prime; _module_preset=\u00a0\u00bbdefault\u00a0\u00bb global_colors_info=\u00a0\u00bb{}\u00a0\u00bb]<\/p>\n<p><!--StartFragment --><\/p>\n<p>\ud83c\udfdb\ufe0f <strong>Susa : carrefour alpin entre Rome et la Gaule<\/strong><\/p>\n<p>\ud83d\udccd <strong>Localisation<\/strong><\/p>\n<ul>\n<li>Susa se trouve dans la r\u00e9gion du <strong>Pi\u00e9mont<\/strong>, \u00e0 environ <strong>50 km \u00e0 l\u2019ouest de Turin<\/strong>, dans la <strong>vall\u00e9e de Suse<\/strong>, au pied des <strong>Alpes Cottiennes<\/strong>.<\/li>\n<li>Elle est situ\u00e9e sur les anciennes routes transalpines reliant l\u2019Italie \u00e0 la France, notamment par les <strong>cols du Mont-Cenis<\/strong> et du <strong>Montgen\u00e8vre<\/strong>.<\/li>\n<\/ul>\n<p>\ud83e\uddec <strong>Histoire et h\u00e9ritage<\/strong><\/p>\n<ul>\n<li>Fond\u00e9e par les <strong>Celtes<\/strong> puis int\u00e9gr\u00e9e \u00e0 l\u2019Empire romain, Susa devient un <strong>centre strat\u00e9gique<\/strong> au carrefour des routes commerciales et militaires.<\/li>\n<li>Elle fut la capitale du <strong>royaume de Cottius<\/strong>, un territoire autonome alli\u00e9 \u00e0 Rome.<\/li>\n<li>Au Moyen \u00c2ge, elle joue un r\u00f4le important dans les <strong>\u00c9tats de Savoie<\/strong>, notamment gr\u00e2ce \u00e0 <strong>Ad\u00e9la\u00efde de Suse<\/strong>, figure influente du XIe si\u00e8cle.<\/li>\n<li>La ville conserve de nombreux <strong>vestiges antiques et m\u00e9di\u00e9vaux<\/strong>, t\u00e9moins de son r\u00f4le de <strong>carrefour historique<\/strong>.<\/li>\n<\/ul>\n<p>\ud83c\udff0 <strong>Patrimoine architectural<\/strong><\/p>\n<ul>\n<li><strong>Arc d\u2019Auguste<\/strong> : monument romain imposant, \u00e9rig\u00e9 en l\u2019honneur de l\u2019alliance entre Rome et les peuples alpins.<\/li>\n<li><strong>Amphith\u00e9\u00e2tre romain<\/strong> : encore utilis\u00e9 pour des spectacles, il t\u00e9moigne de la vie culturelle antique.<\/li>\n<li><strong>Aqueduc romain<\/strong> : vestige d\u2019ing\u00e9nierie, serpentant \u00e0 travers la ville.<\/li>\n<li><strong>Porta Savoia<\/strong> : ancienne porte fortifi\u00e9e, entre h\u00e9ritage romain et remaniements m\u00e9di\u00e9vaux.<\/li>\n<li><strong>Cath\u00e9drale San Giusto<\/strong> : \u00e9difice roman du XIe si\u00e8cle, sobre et majestueux.<\/li>\n<li><strong>Vieille ville<\/strong> : ruelles pav\u00e9es, maisons en pierre, passages couverts et ambiance alpine.<\/li>\n<\/ul>\n<p>\ud83c\udf3f <strong>Nature et excursions<\/strong><\/p>\n<ul>\n<li>Susa est entour\u00e9e de <strong>montagnes spectaculaires<\/strong>, dont le <strong>Rocciamelone<\/strong>, sommet embl\u00e9matique culminant \u00e0 plus de 3 500 m\u00e8tres.<\/li>\n<li>C\u2019est un point de d\u00e9part id\u00e9al pour :<\/li>\n<\/ul>\n<ul>\n<li>Des <strong>randonn\u00e9es alpines<\/strong>,<\/li>\n<li>Des <strong>excursions vers les abbayes<\/strong> comme celle de <strong>Novalesa<\/strong>,<\/li>\n<li>Des visites \u00e0 la <strong>Sacra di San Michele<\/strong>, perch\u00e9e sur un \u00e9peron rocheux.<\/li>\n<\/ul>\n<p>\ud83c\udf89 <strong>Vie locale et traditions<\/strong><\/p>\n<ul>\n<li>La ville accueille chaque \u00e9t\u00e9 le <strong>Tournoi des Bourgs<\/strong>, avec des <strong>d\u00e9fil\u00e9s historiques<\/strong>, des <strong>jeux m\u00e9di\u00e9vaux<\/strong>, et une ambiance festive.<\/li>\n<li>Les march\u00e9s locaux proposent des <strong>produits du terroir<\/strong>, des <strong>fromages de montagne<\/strong>, du <strong>miel<\/strong>, et de l\u2019<strong>artisanat traditionnel<\/strong>.<\/li>\n<\/ul>\n<p>\u2728 <strong>Pourquoi Susa est inoubliable<\/strong><\/p>\n<p>C\u2019est une ville o\u00f9 <strong>l\u2019histoire se m\u00eale aux sommets<\/strong>, o\u00f9 <strong>chaque pierre raconte un passage entre les mondes<\/strong>, et o\u00f9 <strong>la culture alpine est vivante et accueillante<\/strong>. Susa est <strong>authentique, strat\u00e9gique et profond\u00e9ment enracin\u00e9e<\/strong> \u2014 un lieu \u00e0 la fois discret et majestueux, id\u00e9al pour les amoureux de patrimoine et de nature.<!--EndFragment --><\/p>\n<p>[\/et_pb_text][\/et_pb_column][et_pb_column type=\u00a0\u00bb1_2&Prime; _builder_version=\u00a0\u00bb4.27.4&Prime; _module_preset=\u00a0\u00bbdefault\u00a0\u00bb global_colors_info=\u00a0\u00bb{}\u00a0\u00bb][et_pb_code _builder_version=\u00a0\u00bb4.27.4&Prime; _module_preset=\u00a0\u00bbdefault\u00a0\u00bb global_colors_info=\u00a0\u00bb{}\u00a0\u00bb]<iframe src=\"https:\/\/www.google.com\/maps\/embed?pb=!1m18!1m12!1m3!1d22515.693894731!2d7.03793301794521!3d45.137242198494505!2m3!1f0!2f0!3f0!3m2!1i1024!2i768!4f13.1!3m3!1m2!1s0x4789b6e7451d746b%3A0xacfc1fa7c0baaa74!2s10059%20Suse%2C%20Turin%2C%20Italie!5e0!3m2!1sfr!2sfr!4v1757196901112!5m2!1sfr!2sfr\" width=\"600\" height=\"450\" style=\"border:0;\" allowfullscreen=\"\" loading=\"lazy\" referrerpolicy=\"no-referrer-when-downgrade\"><\/iframe>[\/et_pb_code][\/et_pb_column][\/et_pb_row][\/et_pb_section][et_pb_section fb_built=\u00a0\u00bb1&Prime; _builder_version=\u00a0\u00bb4.27.4&Prime; _module_preset=\u00a0\u00bbdefault\u00a0\u00bb custom_padding=\u00a0\u00bb12px||15px|||\u00a0\u00bb global_colors_info=\u00a0\u00bb{}\u00a0\u00bb][et_pb_row _builder_version=\u00a0\u00bb4.27.4&Prime; _module_preset=\u00a0\u00bbdefault\u00a0\u00bb custom_padding=\u00a0\u00bb||5px|||\u00a0\u00bb global_colors_info=\u00a0\u00bb{}\u00a0\u00bb][et_pb_column type=\u00a0\u00bb4_4&Prime; _builder_version=\u00a0\u00bb4.27.4&Prime; _module_preset=\u00a0\u00bbdefault\u00a0\u00bb global_colors_info=\u00a0\u00bb{}\u00a0\u00bb][et_pb_divider divider_weight=\u00a0\u00bb4px\u00a0\u00bb _builder_version=\u00a0\u00bb4.27.4&Prime; _module_preset=\u00a0\u00bbdefault\u00a0\u00bb width=\u00a0\u00bb50%\u00a0\u00bb module_alignment=\u00a0\u00bbcenter\u00a0\u00bb global_colors_info=\u00a0\u00bb{}\u00a0\u00bb][\/et_pb_divider][\/et_pb_column][\/et_pb_row][et_pb_row _builder_version=\u00a0\u00bb4.27.5&Prime; _module_preset=\u00a0\u00bbdefault\u00a0\u00bb][et_pb_column _builder_version=\u00a0\u00bb4.27.5&Prime; _module_preset=\u00a0\u00bbdefault\u00a0\u00bb type=\u00a0\u00bb4_4&Prime;][et_pb_heading title=\u00a0\u00bbSusa en vid\u00e9o\u00a0\u00bb _builder_version=\u00a0\u00bb4.27.5&Prime; _module_preset=\u00a0\u00bbdefault\u00a0\u00bb title_level=\u00a0\u00bbh3&Prime; title_font=\u00a0\u00bbPlayfair Display||||||||\u00a0\u00bb title_text_align=\u00a0\u00bbcenter\u00a0\u00bb hover_enabled=\u00a0\u00bb0&Prime; sticky_enabled=\u00a0\u00bb0&Prime;][\/et_pb_heading][\/et_pb_column][\/et_pb_row][\/et_pb_section][et_pb_section fb_built=\u00a0\u00bb1&Prime; _builder_version=\u00a0\u00bb4.27.4&Prime; _module_preset=\u00a0\u00bbdefault\u00a0\u00bb custom_padding=\u00a0\u00bb13px||15px|||\u00a0\u00bb global_colors_info=\u00a0\u00bb{}\u00a0\u00bb][et_pb_row _builder_version=\u00a0\u00bb4.27.4&Prime; _module_preset=\u00a0\u00bbdefault\u00a0\u00bb global_colors_info=\u00a0\u00bb{}\u00a0\u00bb][et_pb_column type=\u00a0\u00bb4_4&Prime; _builder_version=\u00a0\u00bb4.27.4&Prime; _module_preset=\u00a0\u00bbdefault\u00a0\u00bb global_colors_info=\u00a0\u00bb{}\u00a0\u00bb][et_pb_video src=\u00a0\u00bbhttps:\/\/www.youtube.com\/watch?v=bx419-13Y9k\u00a0\u00bb _builder_version=\u00a0\u00bb4.27.4&Prime; _module_preset=\u00a0\u00bbdefault\u00a0\u00bb border_radii=\u00a0\u00bbon|10px|10px|10px|10px\u00a0\u00bb global_colors_info=\u00a0\u00bb{}\u00a0\u00bb][\/et_pb_video][\/et_pb_column][\/et_pb_row][\/et_pb_section][et_pb_section fb_built=\u00a0\u00bb1&Prime; _builder_version=\u00a0\u00bb4.27.4&Prime; _module_preset=\u00a0\u00bbdefault\u00a0\u00bb custom_padding=\u00a0\u00bb12px||15px|||\u00a0\u00bb global_colors_info=\u00a0\u00bb{}\u00a0\u00bb][et_pb_row _builder_version=\u00a0\u00bb4.27.4&Prime; _module_preset=\u00a0\u00bbdefault\u00a0\u00bb custom_padding=\u00a0\u00bb||5px|||\u00a0\u00bb global_colors_info=\u00a0\u00bb{}\u00a0\u00bb][et_pb_column type=\u00a0\u00bb4_4&Prime; _builder_version=\u00a0\u00bb4.27.4&Prime; _module_preset=\u00a0\u00bbdefault\u00a0\u00bb global_colors_info=\u00a0\u00bb{}\u00a0\u00bb][et_pb_divider divider_weight=\u00a0\u00bb4px\u00a0\u00bb _builder_version=\u00a0\u00bb4.27.4&Prime; _module_preset=\u00a0\u00bbdefault\u00a0\u00bb width=\u00a0\u00bb50%\u00a0\u00bb module_alignment=\u00a0\u00bbcenter\u00a0\u00bb global_colors_info=\u00a0\u00bb{}\u00a0\u00bb][\/et_pb_divider][\/et_pb_column][\/et_pb_row][\/et_pb_section]<\/p>\n","protected":false},"excerpt":{"rendered":"<p>\ud83c\udfdb\ufe0f Susa : carrefour alpin entre Rome et la Gaule \ud83d\udccd Localisation Susa se trouve dans la r\u00e9gion du Pi\u00e9mont, \u00e0 environ 50 km \u00e0 l\u2019ouest de Turin, dans la vall\u00e9e de Suse, au pied des Alpes Cottiennes. Elle est situ\u00e9e sur les anciennes routes transalpines reliant l\u2019Italie \u00e0 la France, notamment par les cols [&hellip;]<\/p>\n","protected":false},"author":1,"featured_media":0,"parent":0,"menu_order":0,"comment_status":"closed","ping_status":"closed","template":"","meta":{"_seopress_robots_primary_cat":"","_seopress_titles_title":"Susa : patrimoine romain et paysages alpins r\u00e9v\u00e9l\u00e9s en vid\u00e9o","_seopress_titles_desc":"Voyage \u00e0 Susa : explorez une ville italienne unique, entre histoire, nature et culture, r\u00e9v\u00e9l\u00e9s en vid\u00e9o.","_seopress_robots_index":"","_et_pb_use_builder":"on","_et_pb_old_content":"","_et_gb_content_width":"","footnotes":""},"class_list":["post-2777","page","type-page","status-publish","hentry"],"_links":{"self":[{"href":"https:\/\/voyaphil.com\/en\/wp-json\/wp\/v2\/pages\/2777","targetHints":{"allow":["GET"]}}],"collection":[{"href":"https:\/\/voyaphil.com\/en\/wp-json\/wp\/v2\/pages"}],"about":[{"href":"https:\/\/voyaphil.com\/en\/wp-json\/wp\/v2\/types\/page"}],"author":[{"embeddable":true,"href":"https:\/\/voyaphil.com\/en\/wp-json\/wp\/v2\/users\/1"}],"replies":[{"embeddable":true,"href":"https:\/\/voyaphil.com\/en\/wp-json\/wp\/v2\/comments?post=2777"}],"version-history":[{"count":5,"href":"https:\/\/voyaphil.com\/en\/wp-json\/wp\/v2\/pages\/2777\/revisions"}],"predecessor-version":[{"id":3181,"href":"https:\/\/voyaphil.com\/en\/wp-json\/wp\/v2\/pages\/2777\/revisions\/3181"}],"wp:attachment":[{"href":"https:\/\/voyaphil.com\/en\/wp-json\/wp\/v2\/media?parent=2777"}],"curies":[{"name":"wp","href":"https:\/\/api.w.org\/{rel}","templated":true}]}}