{"id":399,"date":"2025-08-29T14:20:24","date_gmt":"2025-08-29T14:20:24","guid":{"rendered":"https:\/\/voyaphil.com\/?page_id=399"},"modified":"2025-12-05T21:00:54","modified_gmt":"2025-12-05T21:00:54","slug":"randonnee-de-mimizan-2","status":"publish","type":"page","link":"https:\/\/voyaphil.com\/en\/randonnee-de-mimizan-2\/","title":{"rendered":"Hiking in Mimizan"},"content":{"rendered":"<p>[et_pb_section fb_built=\u00a0\u00bb1&Prime; _builder_version=\u00a0\u00bb4.27.4&Prime; _module_preset=\u00a0\u00bbdefault\u00a0\u00bb background_image=\u00a0\u00bbhttps:\/\/voyaphil.com\/wp-content\/uploads\/2025\/08\/la-randonnee-de-Mimizan-1.webp\u00a0\u00bb global_colors_info=\u00a0\u00bb{}\u00a0\u00bb][et_pb_row _builder_version=\u00a0\u00bb4.27.4&Prime; _module_preset=\u00a0\u00bbdefault\u00a0\u00bb global_colors_info=\u00a0\u00bb{}\u00a0\u00bb][et_pb_column type=\u00a0\u00bb4_4&Prime; _builder_version=\u00a0\u00bb4.27.4&Prime; _module_preset=\u00a0\u00bbdefault\u00a0\u00bb global_colors_info=\u00a0\u00bb{}\u00a0\u00bb][et_pb_heading title=\u00a0\u00bbRandonn\u00e9e de Mimizan\u00a0\u00bb _builder_version=\u00a0\u00bb4.27.4&Prime; _module_preset=\u00a0\u00bbdefault\u00a0\u00bb title_font=\u00a0\u00bbPlayfair Display||||||||\u00a0\u00bb title_text_align=\u00a0\u00bbcenter\u00a0\u00bb title_text_color=\u00a0\u00bb#FFFFFF\u00a0\u00bb title_text_shadow_style=\u00a0\u00bbpreset2&Prime; global_colors_info=\u00a0\u00bb{}\u00a0\u00bb][\/et_pb_heading][\/et_pb_column][\/et_pb_row][et_pb_row _builder_version=\u00a0\u00bb4.27.4&Prime; _module_preset=\u00a0\u00bbdefault\u00a0\u00bb custom_margin=\u00a0\u00bb101px|auto||auto||\u00a0\u00bb global_colors_info=\u00a0\u00bb{}\u00a0\u00bb][et_pb_column type=\u00a0\u00bb4_4&Prime; _builder_version=\u00a0\u00bb4.27.4&Prime; _module_preset=\u00a0\u00bbdefault\u00a0\u00bb global_colors_info=\u00a0\u00bb{}\u00a0\u00bb][et_pb_heading title=\u00a0\u00bbBienvenue sur la randonn\u00e9e de Mimizan\u00a0\u00bb _builder_version=\u00a0\u00bb4.27.4&Prime; _module_preset=\u00a0\u00bbdefault\u00a0\u00bb title_level=\u00a0\u00bbh2&Prime; title_font=\u00a0\u00bbPlayfair Display||||||||\u00a0\u00bb title_text_align=\u00a0\u00bbcenter\u00a0\u00bb title_text_color=\u00a0\u00bb#FFFFFF\u00a0\u00bb title_text_shadow_style=\u00a0\u00bbpreset2&Prime; global_colors_info=\u00a0\u00bb{}\u00a0\u00bb][\/et_pb_heading][\/et_pb_column][\/et_pb_row][\/et_pb_section][et_pb_section fb_built=\u00a0\u00bb1&Prime; _builder_version=\u00a0\u00bb4.27.4&Prime; _module_preset=\u00a0\u00bbdefault\u00a0\u00bb global_colors_info=\u00a0\u00bb{}\u00a0\u00bb][et_pb_row _builder_version=\u00a0\u00bb4.27.4&Prime; _module_preset=\u00a0\u00bbdefault\u00a0\u00bb global_colors_info=\u00a0\u00bb{}\u00a0\u00bb][et_pb_column type=\u00a0\u00bb4_4&Prime; _builder_version=\u00a0\u00bb4.27.4&Prime; _module_preset=\u00a0\u00bbdefault\u00a0\u00bb global_colors_info=\u00a0\u00bb{}\u00a0\u00bb][et_pb_text _builder_version=\u00a0\u00bb4.27.4&Prime; _module_preset=\u00a0\u00bbdefault\u00a0\u00bb text_orientation=\u00a0\u00bbjustified\u00a0\u00bb global_colors_info=\u00a0\u00bb{}\u00a0\u00bb]<\/p>\n<p><span>D\u00e9part de la Maison Foresti\u00e8re de la Mailloueyre. A cet endroit vous pouvez stationner avec votre v\u00e9hicule, il y a un parking.<\/span><\/p>\n<div>\n<ol>\n<li><span>Depuis la maison foresti\u00e8re de la Mailloueyre, vous prenez le sentier balis\u00e9 bleu qui longe la piste cyclable, puis vous partez sur la droite dans la for\u00eat.<\/span><\/li>\n<li><span>Arriv\u00e9 devant la dune qui m\u00e8ne \u00e0 la plage, prenez \u00e0 droite le sentier d\u00e9couverte. Au bout de 200 m\u00e8tres environ, vous pouvez profiter du poste d&rsquo;observation du petit \u00e9tang de la Mailloueyre ou s\u00e9journe \u00e0 certaines \u00e9poque de l&rsquo;ann\u00e9e de nombreuses esp\u00e8ces d&rsquo;oiseaux.<\/span><\/li>\n<li><span>Continu\u00e9 sur le sentier d\u00e9couverte pendant un bon moment jusqu&rsquo;\u00e0 ce que vous pouvez retourner sur la plage \u00e0 gauche. une fois sur la plage remonter \u00e0 droite vers le nord en longeant la plage des Go\u00e9lands, jusqu&rsquo;\u00e0 la jet\u00e9e.<\/span><\/li>\n<li><span>Arriv\u00e9 \u00e0 la jet\u00e9e, longer sur la droite l&rsquo;avenue de la jet\u00e9e jusqu&rsquo;au pont. Au pont, prenez \u00e0 gauche le pont pour traverser le courant de Mimizan.<\/span><\/li>\n<li><span>Juste apr\u00e8s avoir traverser le pont, prenez tout de suite \u00e0 droite et descendez sur la plage du Courant de Mimizan. Longer la plage jusqu&rsquo;au bout pour prendre un escalier en bois sur votre gauche.<\/span><\/li>\n<li><span>Une vingtaine de m\u00e8tre apr\u00e8s l&rsquo;escalier, prendre \u00e0 droite l&rsquo;avenue du Parc d&rsquo;Hiver. Au bout de 200 m\u00e8tres prendre \u00e0 gauche jusqu&rsquo;\u00e0 la derni\u00e8re maison.<\/span><\/li>\n<li><span>A la derni\u00e8re maison, prenez le chemin \u00e0 gauche qui entre dans la pin\u00e8de, vous passerez un air de piquenique et apr\u00e8s cet air de piquenique, vous trouverez sur votre droite un pont que vous traverserez.<\/span><\/li>\n<li><span>De suite que vous traverserez ce pont, vous prendrez \u00e0 gauche le chemin qui longe le Courant de Mimizan. Il est fl\u00e9cher parcours de sant\u00e9 que vous suivrez jusqu&rsquo;\u00e0 qu&rsquo;il vous ram\u00e8ne sur la route.<\/span><\/li>\n<li><span>A la sortie de ce parcours de sant\u00e9, vous prendrez sur la droite la piste cyclable sur environ 120 m\u00e8tres et traverserez la rue de la pap\u00e8terie pour prendre la rue des Oiseaux jusqu&rsquo;au bout. Au bout vous traversez la rue des Roitelets et vous avez tout de suite un chemin qui entre dans la for\u00eat. Vous ne prenez pas le chemin de droite ou gauche, mais continu\u00e9 tout droit pendant environs 70 m\u00e8tres, et l\u00e0 vous prenez le premier chemin sur votre droite.<\/span><\/li>\n<li><span>Vous \u00eates sur le chemin de la for\u00eat domaniale de Mimizan. Attention, \u00e0 partir de l\u00e0 c&rsquo;est pratiquement du sable jusqu&rsquo;au bout, cela peut-\u00eatre plus dur pour certains.<\/span><\/li>\n<li><span>Ensuite vous traverserez la route des Hauts de Mimizan pour ensuite longer la station d&rsquo;\u00e9puration. Vous continuerez tout droit. Vous passerez la route de l&rsquo;Especier et c&rsquo;est encore tout droit jusqu&rsquo;\u00e0 la maison foresti\u00e8re de Mailloueyre. J&rsquo;esp\u00e8re que vous aurez bien marcher sans trop souffert dans le sable.<\/span><\/li>\n<\/ol>\n<\/div>\n<p>[\/et_pb_text][\/et_pb_column][\/et_pb_row][\/et_pb_section][et_pb_section fb_built=\u00a0\u00bb1&Prime; _builder_version=\u00a0\u00bb4.27.4&Prime; _module_preset=\u00a0\u00bbdefault\u00a0\u00bb global_colors_info=\u00a0\u00bb{}\u00a0\u00bb][et_pb_row column_structure=\u00a0\u00bb1_2,1_2&Prime; _builder_version=\u00a0\u00bb4.27.4&Prime; _module_preset=\u00a0\u00bbdefault\u00a0\u00bb global_colors_info=\u00a0\u00bb{}\u00a0\u00bb][et_pb_column type=\u00a0\u00bb1_2&Prime; _builder_version=\u00a0\u00bb4.27.4&Prime; _module_preset=\u00a0\u00bbdefault\u00a0\u00bb global_colors_info=\u00a0\u00bb{}\u00a0\u00bb][et_pb_image src=\u00a0\u00bbhttps:\/\/voyaphil.com\/wp-content\/uploads\/2025\/08\/Plan-randonnee-de-mimizan.webp\u00a0\u00bb alt=\u00a0\u00bbPlan randonn\u00e9e de Mimizan\u00a0\u00bb title_text=\u00a0\u00bbPlan randonn\u00e9e de Mimizan\u00a0\u00bb show_in_lightbox=\u00a0\u00bbon\u00a0\u00bb _builder_version=\u00a0\u00bb4.27.4&Prime; _module_preset=\u00a0\u00bbdefault\u00a0\u00bb global_colors_info=\u00a0\u00bb{}\u00a0\u00bb][\/et_pb_image][\/et_pb_column][et_pb_column type=\u00a0\u00bb1_2&Prime; _builder_version=\u00a0\u00bb4.27.4&Prime; _module_preset=\u00a0\u00bbdefault\u00a0\u00bb global_colors_info=\u00a0\u00bb{}\u00a0\u00bb][et_pb_code _builder_version=\u00a0\u00bb4.27.4&Prime; _module_preset=\u00a0\u00bbdefault\u00a0\u00bb global_colors_info=\u00a0\u00bb{}\u00a0\u00bb]<iframe src=\"https:\/\/www.google.com\/maps\/embed?pb=!1m18!1m12!1m3!1d22882.568260145756!2d-1.302489500379926!3d44.20045406832243!2m3!1f0!2f0!3f0!3m2!1i1024!2i768!4f13.1!3m3!1m2!1s0xd538fa49288b5a7%3A0x8ca12af30b97fb79!2sSentier%20de%20d%C3%A9couverte%20%22l&#39;Etang%20de%20la%20Mailloueyre%22!5e0!3m2!1sfr!2sfr!4v1756500310223!5m2!1sfr!2sfr\" width=\"600\" height=\"450\" style=\"border:0;\" allowfullscreen=\"\" loading=\"lazy\" referrerpolicy=\"no-referrer-when-downgrade\"><\/iframe>[\/et_pb_code][\/et_pb_column][\/et_pb_row][\/et_pb_section][et_pb_section fb_built=\u00a0\u00bb1&Prime; _builder_version=\u00a0\u00bb4.27.4&Prime; _module_preset=\u00a0\u00bbdefault\u00a0\u00bb global_colors_info=\u00a0\u00bb{}\u00a0\u00bb][et_pb_row _builder_version=\u00a0\u00bb4.27.4&Prime; _module_preset=\u00a0\u00bbdefault\u00a0\u00bb global_colors_info=\u00a0\u00bb{}\u00a0\u00bb][et_pb_column type=\u00a0\u00bb4_4&Prime; _builder_version=\u00a0\u00bb4.27.4&Prime; _module_preset=\u00a0\u00bbdefault\u00a0\u00bb global_colors_info=\u00a0\u00bb{}\u00a0\u00bb][et_pb_gallery gallery_ids=\u00a0\u00bb405,406,407,408,410,411,412,413,414,415,416,417,418,419,420,421,422,423,424,425&Prime; _builder_version=\u00a0\u00bb4.27.4&Prime; _module_preset=\u00a0\u00bbdefault\u00a0\u00bb animation_style=\u00a0\u00bbzoom\u00a0\u00bb global_colors_info=\u00a0\u00bb{}\u00a0\u00bb][\/et_pb_gallery][\/et_pb_column][\/et_pb_row][\/et_pb_section]<\/p>\n","protected":false},"excerpt":{"rendered":"<p>D\u00e9part de la Maison Foresti\u00e8re de la Mailloueyre. A cet endroit vous pouvez stationner avec votre v\u00e9hicule, il y a un parking. Depuis la maison foresti\u00e8re de la Mailloueyre, vous prenez le sentier balis\u00e9 bleu qui longe la piste cyclable, puis vous partez sur la droite dans la for\u00eat. Arriv\u00e9 devant la dune qui m\u00e8ne [&hellip;]<\/p>\n","protected":false},"author":1,"featured_media":0,"parent":0,"menu_order":0,"comment_status":"closed","ping_status":"closed","template":"","meta":{"_seopress_robots_primary_cat":"","_seopress_titles_title":"Randonn\u00e9e de Mimizan : immersion nature sur 12 kilom\u00e8tres","_seopress_titles_desc":"Randonn\u00e9e de Mimizan : r\u00e9cit et photos d\u2019un parcours nature unique, o\u00f9 diversit\u00e9 des paysages invite \u00e0 la d\u00e9couverte.","_seopress_robots_index":"","_et_pb_use_builder":"on","_et_pb_old_content":"","_et_gb_content_width":"","footnotes":""},"class_list":["post-399","page","type-page","status-publish","hentry"],"_links":{"self":[{"href":"https:\/\/voyaphil.com\/en\/wp-json\/wp\/v2\/pages\/399","targetHints":{"allow":["GET"]}}],"collection":[{"href":"https:\/\/voyaphil.com\/en\/wp-json\/wp\/v2\/pages"}],"about":[{"href":"https:\/\/voyaphil.com\/en\/wp-json\/wp\/v2\/types\/page"}],"author":[{"embeddable":true,"href":"https:\/\/voyaphil.com\/en\/wp-json\/wp\/v2\/users\/1"}],"replies":[{"embeddable":true,"href":"https:\/\/voyaphil.com\/en\/wp-json\/wp\/v2\/comments?post=399"}],"version-history":[{"count":7,"href":"https:\/\/voyaphil.com\/en\/wp-json\/wp\/v2\/pages\/399\/revisions"}],"predecessor-version":[{"id":3165,"href":"https:\/\/voyaphil.com\/en\/wp-json\/wp\/v2\/pages\/399\/revisions\/3165"}],"wp:attachment":[{"href":"https:\/\/voyaphil.com\/en\/wp-json\/wp\/v2\/media?parent=399"}],"curies":[{"name":"wp","href":"https:\/\/api.w.org\/{rel}","templated":true}]}}