{"id":432,"date":"2025-08-29T16:59:40","date_gmt":"2025-08-29T16:59:40","guid":{"rendered":"https:\/\/voyaphil.com\/?page_id=432"},"modified":"2025-12-05T21:03:32","modified_gmt":"2025-12-05T21:03:32","slug":"randonnee-de-navarosse","status":"publish","type":"page","link":"https:\/\/voyaphil.com\/en\/randonnee-de-navarosse\/","title":{"rendered":"Hiking in Navarosse"},"content":{"rendered":"<p>[et_pb_section fb_built=\u00a0\u00bb1&Prime; _builder_version=\u00a0\u00bb4.27.4&Prime; _module_preset=\u00a0\u00bbdefault\u00a0\u00bb background_image=\u00a0\u00bbhttps:\/\/voyaphil.com\/wp-content\/uploads\/2025\/08\/randonnee_canal_de_biscarosse.webp\u00a0\u00bb global_colors_info=\u00a0\u00bb{}\u00a0\u00bb][et_pb_row _builder_version=\u00a0\u00bb4.27.4&Prime; _module_preset=\u00a0\u00bbdefault\u00a0\u00bb global_colors_info=\u00a0\u00bb{}\u00a0\u00bb][et_pb_column type=\u00a0\u00bb4_4&Prime; _builder_version=\u00a0\u00bb4.27.4&Prime; _module_preset=\u00a0\u00bbdefault\u00a0\u00bb global_colors_info=\u00a0\u00bb{}\u00a0\u00bb][et_pb_heading title=\u00a0\u00bbRandonn\u00e9e de Navarosse\u00a0\u00bb _builder_version=\u00a0\u00bb4.27.4&Prime; _module_preset=\u00a0\u00bbdefault\u00a0\u00bb title_font=\u00a0\u00bbPlayfair Display||||||||\u00a0\u00bb title_text_align=\u00a0\u00bbcenter\u00a0\u00bb title_text_color=\u00a0\u00bb#FFFFFF\u00a0\u00bb title_text_shadow_style=\u00a0\u00bbpreset2&Prime; global_colors_info=\u00a0\u00bb{}\u00a0\u00bb][\/et_pb_heading][\/et_pb_column][\/et_pb_row][et_pb_row _builder_version=\u00a0\u00bb4.27.4&Prime; _module_preset=\u00a0\u00bbdefault\u00a0\u00bb custom_margin=\u00a0\u00bb130px|auto||auto||\u00a0\u00bb global_colors_info=\u00a0\u00bb{}\u00a0\u00bb][et_pb_column type=\u00a0\u00bb4_4&Prime; _builder_version=\u00a0\u00bb4.27.4&Prime; _module_preset=\u00a0\u00bbdefault\u00a0\u00bb global_colors_info=\u00a0\u00bb{}\u00a0\u00bb][et_pb_heading title=\u00a0\u00bbBienvenue sur la randonn\u00e9e de Navarosse\u00a0\u00bb _builder_version=\u00a0\u00bb4.27.4&Prime; _module_preset=\u00a0\u00bbdefault\u00a0\u00bb title_level=\u00a0\u00bbh2&Prime; title_font=\u00a0\u00bbPlayfair Display||||||||\u00a0\u00bb title_text_align=\u00a0\u00bbcenter\u00a0\u00bb title_text_color=\u00a0\u00bb#FFFFFF\u00a0\u00bb title_text_shadow_style=\u00a0\u00bbpreset2&Prime; global_colors_info=\u00a0\u00bb{}\u00a0\u00bb][\/et_pb_heading][\/et_pb_column][\/et_pb_row][\/et_pb_section][et_pb_section fb_built=\u00a0\u00bb1&Prime; _builder_version=\u00a0\u00bb4.27.4&Prime; _module_preset=\u00a0\u00bbdefault\u00a0\u00bb global_colors_info=\u00a0\u00bb{}\u00a0\u00bb][et_pb_row _builder_version=\u00a0\u00bb4.27.4&Prime; _module_preset=\u00a0\u00bbdefault\u00a0\u00bb global_colors_info=\u00a0\u00bb{}\u00a0\u00bb][et_pb_column type=\u00a0\u00bb4_4&Prime; _builder_version=\u00a0\u00bb4.27.4&Prime; _module_preset=\u00a0\u00bbdefault\u00a0\u00bb global_colors_info=\u00a0\u00bb{}\u00a0\u00bb][et_pb_text _builder_version=\u00a0\u00bb4.27.4&Prime; _module_preset=\u00a0\u00bbdefault\u00a0\u00bb text_orientation=\u00a0\u00bbjustified\u00a0\u00bb global_colors_info=\u00a0\u00bb{}\u00a0\u00bb]<\/p>\n<p><span>D\u00e9marrer depuis le parking du port de Navarosse. Revenez le long de la route jusqu&rsquo;au carrefour.<\/span><\/p>\n<div>\n<ol>\n<li>Vous longerez \u00e0 droite le canal jusqu&rsquo;\u00e0 la passerelle, mais vous n&#8217;emprunter pas la passerelle qui traverse le canal.<\/li>\n<li>A la passerelle, vous prenez \u00e0 gauche \u00e0 travers quelques habitation et ensuite longer du canal, jusqu&rsquo;au pont.<\/li>\n<li>Vous passerez la route pour continu\u00e9 tout droit. Vous longerez le canal du littoral des Landes, une piste cyclable a d&rsquo;ailleurs \u00e9t\u00e9 am\u00e9nager \u00e0 un certain moment en parall\u00e8le du chemin. Le chemin est agr\u00e9ablement ombrager par des arbres.<\/li>\n<li>Traverser la D.146 pour continuer sur la piste cyclable V\u00e9lodyss\u00e9e le long du Petit \u00e9tang de Biscarosse. (<span>Pour ceux qui veulent raccourcir le trajet ils peuvent rejoindre le parcours en 7 en traversant le canal).<\/span><\/li>\n<li>Arriv\u00e9 en fin de piste, vous prenez \u00e0 droite en traversant le pont, et apr\u00e8s 200 m\u00e8tres environ, prenez \u00e0 droite en allant vers le Petit \u00e9tang.<\/li>\n<li>A cet endroit, des tables sont am\u00e9nag\u00e9s pour le pique-nique. Continuez vers le chemin qui a un balisage bleu. Attention \u00e0 partir de l\u00e0, le parcours est constamment dans le sable. Pour ceux qui veulent plus de facilit\u00e9, vous pouvez revenir par le parcours aller. Noter \u00e9galement que jusqu&rsquo;\u00e0 la partie 8, l&rsquo;endroit sauvage, peut vous amen\u00e9 \u00e0 rencontrer des animaux comme des sangliers, donc prudence.<\/li>\n<li>Attention pour traverser la route. Ensuite le parcours n&rsquo;est pas facile \u00e9tant donn\u00e9 la marche dans le sable qui rend plus difficile la progression.<\/li>\n<li>Arriv\u00e9 \u00e0 la route, vous prendrez sur la droite le chemin qui longe les bateaux et son centre de r\u00e9paration. Ensuite vous reprenez le parcours aller en prenant \u00e0 gauche. A la passerelle, vous avez un restaurant qui vous permet de boire ou manger quelque chose apr\u00e8s cette belle randonn\u00e9e. Vous pouvez \u00e9galement traverser la passerelle pour rejoindre la plage de Navarosse.<\/li>\n<\/ol>\n<div>Passer de bons moments !<\/div>\n<\/div>\n<p>[\/et_pb_text][\/et_pb_column][\/et_pb_row][\/et_pb_section][et_pb_section fb_built=\u00a0\u00bb1&Prime; _builder_version=\u00a0\u00bb4.27.4&Prime; _module_preset=\u00a0\u00bbdefault\u00a0\u00bb global_colors_info=\u00a0\u00bb{}\u00a0\u00bb][et_pb_row column_structure=\u00a0\u00bb1_2,1_2&Prime; _builder_version=\u00a0\u00bb4.27.4&Prime; _module_preset=\u00a0\u00bbdefault\u00a0\u00bb global_colors_info=\u00a0\u00bb{}\u00a0\u00bb][et_pb_column type=\u00a0\u00bb1_2&Prime; _builder_version=\u00a0\u00bb4.27.4&Prime; _module_preset=\u00a0\u00bbdefault\u00a0\u00bb global_colors_info=\u00a0\u00bb{}\u00a0\u00bb][et_pb_image src=\u00a0\u00bbhttps:\/\/voyaphil.com\/wp-content\/uploads\/2025\/08\/Plan-randonnee-de-Navarosse.webp\u00a0\u00bb alt=\u00a0\u00bbPlan randonn\u00e9e de Navarosse\u00a0\u00bb title_text=\u00a0\u00bbPlan randonn\u00e9e de Navarosse\u00a0\u00bb show_in_lightbox=\u00a0\u00bbon\u00a0\u00bb _builder_version=\u00a0\u00bb4.27.4&Prime; _module_preset=\u00a0\u00bbdefault\u00a0\u00bb global_colors_info=\u00a0\u00bb{}\u00a0\u00bb][\/et_pb_image][\/et_pb_column][et_pb_column type=\u00a0\u00bb1_2&Prime; _builder_version=\u00a0\u00bb4.27.4&Prime; _module_preset=\u00a0\u00bbdefault\u00a0\u00bb global_colors_info=\u00a0\u00bb{}\u00a0\u00bb][et_pb_code _builder_version=\u00a0\u00bb4.27.4&Prime; _module_preset=\u00a0\u00bbdefault\u00a0\u00bb global_colors_info=\u00a0\u00bb{}\u00a0\u00bb]<iframe src=\"https:\/\/www.google.com\/maps\/embed?pb=!1m18!1m12!1m3!1d8058.26379850875!2d-1.1770226005125781!3d44.43261886997639!2m3!1f0!2f0!3f0!3m2!1i1024!2i768!4f13.1!3m3!1m2!1s0xd5481001f028271%3A0xcd0f406d55ba4257!2sPort%20de%20Navarrosse!5e0!3m2!1sfr!2sfr!4v1756500463945!5m2!1sfr!2sfr\" width=\"600\" height=\"450\" style=\"border:0;\" allowfullscreen=\"\" loading=\"lazy\" referrerpolicy=\"no-referrer-when-downgrade\"><\/iframe>[\/et_pb_code][\/et_pb_column][\/et_pb_row][\/et_pb_section][et_pb_section fb_built=\u00a0\u00bb1&Prime; _builder_version=\u00a0\u00bb4.27.4&Prime; _module_preset=\u00a0\u00bbdefault\u00a0\u00bb global_colors_info=\u00a0\u00bb{}\u00a0\u00bb][et_pb_row _builder_version=\u00a0\u00bb4.27.4&Prime; _module_preset=\u00a0\u00bbdefault\u00a0\u00bb global_colors_info=\u00a0\u00bb{}\u00a0\u00bb][et_pb_column type=\u00a0\u00bb4_4&Prime; _builder_version=\u00a0\u00bb4.27.4&Prime; _module_preset=\u00a0\u00bbdefault\u00a0\u00bb global_colors_info=\u00a0\u00bb{}\u00a0\u00bb][et_pb_gallery gallery_ids=\u00a0\u00bb437,438,439,440,441,442,443,444,445,446,447,448,449,450,451,452,453&Prime; _builder_version=\u00a0\u00bb4.27.4&Prime; _module_preset=\u00a0\u00bbdefault\u00a0\u00bb animation_style=\u00a0\u00bbzoom\u00a0\u00bb global_colors_info=\u00a0\u00bb{}\u00a0\u00bb][\/et_pb_gallery][\/et_pb_column][\/et_pb_row][\/et_pb_section]<\/p>\n","protected":false},"excerpt":{"rendered":"<p>D\u00e9marrer depuis le parking du port de Navarosse. Revenez le long de la route jusqu&rsquo;au carrefour. Vous longerez \u00e0 droite le canal jusqu&rsquo;\u00e0 la passerelle, mais vous n&#8217;emprunter pas la passerelle qui traverse le canal. A la passerelle, vous prenez \u00e0 gauche \u00e0 travers quelques habitation et ensuite longer du canal, jusqu&rsquo;au pont. Vous passerez [&hellip;]<\/p>\n","protected":false},"author":1,"featured_media":0,"parent":0,"menu_order":0,"comment_status":"closed","ping_status":"closed","template":"","meta":{"_seopress_robots_primary_cat":"","_seopress_titles_title":"Randonn\u00e9e de Navarosse : for\u00eats et eaux calmes en images","_seopress_titles_desc":"Randonn\u00e9e de Navarosse : une exp\u00e9rience unique le long du canal de Biscarrosse, entre for\u00eats de pins et eaux calmes, r\u00e9v\u00e9l\u00e9e en images immersives","_seopress_robots_index":"","_et_pb_use_builder":"on","_et_pb_old_content":"","_et_gb_content_width":"","footnotes":""},"class_list":["post-432","page","type-page","status-publish","hentry"],"_links":{"self":[{"href":"https:\/\/voyaphil.com\/en\/wp-json\/wp\/v2\/pages\/432","targetHints":{"allow":["GET"]}}],"collection":[{"href":"https:\/\/voyaphil.com\/en\/wp-json\/wp\/v2\/pages"}],"about":[{"href":"https:\/\/voyaphil.com\/en\/wp-json\/wp\/v2\/types\/page"}],"author":[{"embeddable":true,"href":"https:\/\/voyaphil.com\/en\/wp-json\/wp\/v2\/users\/1"}],"replies":[{"embeddable":true,"href":"https:\/\/voyaphil.com\/en\/wp-json\/wp\/v2\/comments?post=432"}],"version-history":[{"count":6,"href":"https:\/\/voyaphil.com\/en\/wp-json\/wp\/v2\/pages\/432\/revisions"}],"predecessor-version":[{"id":3166,"href":"https:\/\/voyaphil.com\/en\/wp-json\/wp\/v2\/pages\/432\/revisions\/3166"}],"wp:attachment":[{"href":"https:\/\/voyaphil.com\/en\/wp-json\/wp\/v2\/media?parent=432"}],"curies":[{"name":"wp","href":"https:\/\/api.w.org\/{rel}","templated":true}]}}