{"id":539,"date":"2025-08-29T21:02:28","date_gmt":"2025-08-29T21:02:28","guid":{"rendered":"https:\/\/voyaphil.com\/?page_id=539"},"modified":"2025-12-04T22:38:14","modified_gmt":"2025-12-04T22:38:14","slug":"foret-de-compiegne","status":"publish","type":"page","link":"https:\/\/voyaphil.com\/en\/foret-de-compiegne\/","title":{"rendered":"Compi\u00e8gne Forest"},"content":{"rendered":"<p>[et_pb_section fb_built=\u00a0\u00bb1&Prime; _builder_version=\u00a0\u00bb4.27.4&Prime; _module_preset=\u00a0\u00bbdefault\u00a0\u00bb background_image=\u00a0\u00bbhttps:\/\/voyaphil.com\/wp-content\/uploads\/2025\/08\/Randonee-en-Foret-de-Compiegne.webp\u00a0\u00bb global_colors_info=\u00a0\u00bb{}\u00a0\u00bb][et_pb_row _builder_version=\u00a0\u00bb4.27.4&Prime; _module_preset=\u00a0\u00bbdefault\u00a0\u00bb global_colors_info=\u00a0\u00bb{}\u00a0\u00bb][et_pb_column type=\u00a0\u00bb4_4&Prime; _builder_version=\u00a0\u00bb4.27.4&Prime; _module_preset=\u00a0\u00bbdefault\u00a0\u00bb global_colors_info=\u00a0\u00bb{}\u00a0\u00bb][et_pb_heading title=\u00a0\u00bbFor\u00eat de Compi\u00e8gne\u00a0\u00bb _builder_version=\u00a0\u00bb4.27.4&Prime; _module_preset=\u00a0\u00bbdefault\u00a0\u00bb title_font=\u00a0\u00bbPlayfair Display||||||||\u00a0\u00bb title_text_align=\u00a0\u00bbcenter\u00a0\u00bb title_text_color=\u00a0\u00bb#FFFFFF\u00a0\u00bb title_text_shadow_style=\u00a0\u00bbpreset2&Prime; global_colors_info=\u00a0\u00bb{}\u00a0\u00bb][\/et_pb_heading][\/et_pb_column][\/et_pb_row][et_pb_row _builder_version=\u00a0\u00bb4.27.4&Prime; _module_preset=\u00a0\u00bbdefault\u00a0\u00bb custom_padding=\u00a0\u00bb139px|||||\u00a0\u00bb global_colors_info=\u00a0\u00bb{}\u00a0\u00bb][et_pb_column type=\u00a0\u00bb4_4&Prime; _builder_version=\u00a0\u00bb4.27.4&Prime; _module_preset=\u00a0\u00bbdefault\u00a0\u00bb global_colors_info=\u00a0\u00bb{}\u00a0\u00bb][et_pb_heading title=\u00a0\u00bbBienvenue sur la randonn\u00e9e de la For\u00eat de Compi\u00e8gne\u00a0\u00bb _builder_version=\u00a0\u00bb4.27.4&Prime; _module_preset=\u00a0\u00bbdefault\u00a0\u00bb title_level=\u00a0\u00bbh2&Prime; title_font=\u00a0\u00bbPlayfair Display||||||||\u00a0\u00bb title_text_align=\u00a0\u00bbcenter\u00a0\u00bb title_text_color=\u00a0\u00bb#FFFFFF\u00a0\u00bb title_text_shadow_style=\u00a0\u00bbpreset2&Prime; global_colors_info=\u00a0\u00bb{}\u00a0\u00bb][\/et_pb_heading][\/et_pb_column][\/et_pb_row][\/et_pb_section][et_pb_section fb_built=\u00a0\u00bb1&Prime; _builder_version=\u00a0\u00bb4.27.4&Prime; _module_preset=\u00a0\u00bbdefault\u00a0\u00bb global_colors_info=\u00a0\u00bb{}\u00a0\u00bb][et_pb_row _builder_version=\u00a0\u00bb4.27.4&Prime; _module_preset=\u00a0\u00bbdefault\u00a0\u00bb global_colors_info=\u00a0\u00bb{}\u00a0\u00bb][et_pb_column type=\u00a0\u00bb4_4&Prime; _builder_version=\u00a0\u00bb4.27.4&Prime; _module_preset=\u00a0\u00bbdefault\u00a0\u00bb global_colors_info=\u00a0\u00bb{}\u00a0\u00bb][et_pb_text _builder_version=\u00a0\u00bb4.27.4&Prime; _module_preset=\u00a0\u00bbdefault\u00a0\u00bb text_orientation=\u00a0\u00bbjustified\u00a0\u00bb global_colors_info=\u00a0\u00bb{}\u00a0\u00bb]<\/p>\n<p><strong>La randonn\u00e9e d\u00e9bute au ch\u00e2teau de Compi\u00e8gne. Pour une distance d&rsquo;environ 15 km et 4 heures. Vous avez un parking entre l\u2019hippodrome et le ch\u00e2teau, utilisez l\u2019entr\u00e9e en face pour p\u00e9n\u00e9trer dans le parc (n\u00b01 sur le plan).<\/strong><\/p>\n<div>\n<p><strong>En entrant dans le parc, suivez \u00e0 gauche pour passer devant le ch\u00e2teau, ensuite continuez par la gauche la remont\u00e9e du parc jusqu&rsquo;\u00e0 la sortie et ayez au loin, une vue sur le ch\u00e2teau.\u00a0<\/strong><strong>Passez les grilles du parc et engagez-vous \u00e0 gauche sur l\u2019avenue du Berceau, ensuite passez le carrefour du Point du jour et continuez tout droit sur environ 200 m\u00e8tres avant de bifurquer sur la droite en direction du carrefour du Renard par une route foresti\u00e8re (n\u00b02 sur le plan). Continuez apr\u00e8s le carrefour du Renard jusqu\u2019\u00e0 la d\u00e9partementale D 130.<\/strong><\/p>\n<div><strong>Traverser la d\u00e9partementale D 130 (n\u00b03 sur le plan) et obliquer \u00e0 gauche en direction du carrefour du Mont-du-Tremble.<\/strong><\/div>\n<div><strong>Au carrefour du Mont-du-Tremble (n\u00b04 sur le plan) continuer tout droit et, apr\u00e8s 50 m\u00e8tres, emprunter \u00e0 gauche la route tournante du Mont-du-Tremble.<\/strong><\/div>\n<div><strong>\u00c0 mi-chemin de cette route tournante, prendre le chemin qui descend en pente douce sur la gauche en direction du carrefour de Lucifer (n\u00b05 sur le plan).<\/strong><strong>Au carrefour de Lucifer, prendre \u00e0 gauche et descendre franchir la voie ferr\u00e9e, puis traverser la nationale 31 (attention prudence). Suivre la route en face, qui vous conduit jusqu\u2019au carrefour de l\u2019Armistice (n\u00b06 sur le plan).<\/strong><\/div>\n<div><strong>Vous pourrez d\u00e9couvrir le fameux wagon du Mar\u00e9chal Foch o\u00f9 a \u00e9t\u00e9 sign\u00e9 l\u2019armistice.<\/strong><strong>Pour repartir, prenez le chemin situ\u00e9 en bout du parking de la clairi\u00e8re de l\u2019Armistice en suivant la direction du carrefour des Loups (n\u00b0 7 sur le plan).<\/strong><strong>Au carrefour des Loups, traverser la nationale 31, traverser ensuite la voie ferr\u00e9e et ensuite \u00e0 la fourche, quitter la voie principale pour continuer tout droit par le sentier qui monte (n\u00b08 sur le plan).<\/strong><\/div>\n<div><strong>Poursuivre par le chemin en zigzag et atteindre le plateau des Beaux-Monts.<\/strong><\/div>\n<div><strong>Avant la descente, suivre le chemin \u00e0 droite pour aller au parking des Beaux-Monts en haut de l\u2019esplanade (n\u00b09 sur le plan).<\/strong><\/div>\n<div><strong>De l\u2019esplanade, emprunter le chemin qui descend. Vous allez alors continuer tout droit jusqu\u2019au ch\u00e2teau, en coupant successivement la d\u00e9partementale 130 et vous passerez la grille des Beaux-Monts.<\/strong><\/div>\n<\/div>\n<p>[\/et_pb_text][\/et_pb_column][\/et_pb_row][\/et_pb_section][et_pb_section fb_built=\u00a0\u00bb1&Prime; _builder_version=\u00a0\u00bb4.27.4&Prime; _module_preset=\u00a0\u00bbdefault\u00a0\u00bb global_colors_info=\u00a0\u00bb{}\u00a0\u00bb][et_pb_row column_structure=\u00a0\u00bb1_2,1_2&Prime; _builder_version=\u00a0\u00bb4.27.4&Prime; _module_preset=\u00a0\u00bbdefault\u00a0\u00bb global_colors_info=\u00a0\u00bb{}\u00a0\u00bb][et_pb_column type=\u00a0\u00bb1_2&Prime; _builder_version=\u00a0\u00bb4.27.4&Prime; _module_preset=\u00a0\u00bbdefault\u00a0\u00bb global_colors_info=\u00a0\u00bb{}\u00a0\u00bb][et_pb_image src=\u00a0\u00bbhttps:\/\/voyaphil.com\/wp-content\/uploads\/2025\/08\/Plan-compiegne.webp\u00a0\u00bb alt=\u00a0\u00bbPlan randonn\u00e9e de Compi\u00e8gne\u00a0\u00bb title_text=\u00a0\u00bbPlan randonn\u00e9e de Compi\u00e8gne\u00a0\u00bb show_in_lightbox=\u00a0\u00bbon\u00a0\u00bb _builder_version=\u00a0\u00bb4.27.4&Prime; _module_preset=\u00a0\u00bbdefault\u00a0\u00bb global_colors_info=\u00a0\u00bb{}\u00a0\u00bb][\/et_pb_image][\/et_pb_column][et_pb_column type=\u00a0\u00bb1_2&Prime; _builder_version=\u00a0\u00bb4.27.4&Prime; _module_preset=\u00a0\u00bbdefault\u00a0\u00bb global_colors_info=\u00a0\u00bb{}\u00a0\u00bb][et_pb_code _builder_version=\u00a0\u00bb4.27.4&Prime; _module_preset=\u00a0\u00bbdefault\u00a0\u00bb global_colors_info=\u00a0\u00bb{}\u00a0\u00bb]<iframe src=\"https:\/\/www.google.com\/maps\/embed?pb=!1m18!1m12!1m3!1d41527.746597353835!2d2.820586025412824!3d49.41865998055096!2m3!1f0!2f0!3f0!3m2!1i1024!2i768!4f13.1!3m3!1m2!1s0x47e87f4ea1925375%3A0xa518e91386ade21b!2sBelv%C3%A9d%C3%A8re%20des%20Beaux-Monts!5e0!3m2!1sfr!2sfr!4v1756501137321!5m2!1sfr!2sfr\" width=\"600\" height=\"450\" style=\"border:0;\" allowfullscreen=\"\" loading=\"lazy\" referrerpolicy=\"no-referrer-when-downgrade\"><\/iframe>[\/et_pb_code][\/et_pb_column][\/et_pb_row][\/et_pb_section][et_pb_section fb_built=\u00a0\u00bb1&Prime; _builder_version=\u00a0\u00bb4.27.4&Prime; _module_preset=\u00a0\u00bbdefault\u00a0\u00bb global_colors_info=\u00a0\u00bb{}\u00a0\u00bb][et_pb_row _builder_version=\u00a0\u00bb4.27.4&Prime; _module_preset=\u00a0\u00bbdefault\u00a0\u00bb][et_pb_column _builder_version=\u00a0\u00bb4.27.4&Prime; _module_preset=\u00a0\u00bbdefault\u00a0\u00bb type=\u00a0\u00bb4_4&Prime;][et_pb_heading title=\u00a0\u00bbRandonn\u00e9e en For\u00eat de Compi\u00e8gne en vid\u00e9o\u00a0\u00bb _builder_version=\u00a0\u00bb4.27.4&Prime; _module_preset=\u00a0\u00bbdefault\u00a0\u00bb title_level=\u00a0\u00bbh3&Prime; title_font=\u00a0\u00bbPlayfair Display||||||||\u00a0\u00bb title_text_align=\u00a0\u00bbcenter\u00a0\u00bb hover_enabled=\u00a0\u00bb0&Prime; sticky_enabled=\u00a0\u00bb0&Prime;][\/et_pb_heading][\/et_pb_column][\/et_pb_row][et_pb_row _builder_version=\u00a0\u00bb4.27.4&Prime; _module_preset=\u00a0\u00bbdefault\u00a0\u00bb global_colors_info=\u00a0\u00bb{}\u00a0\u00bb][et_pb_column type=\u00a0\u00bb4_4&Prime; _builder_version=\u00a0\u00bb4.27.4&Prime; _module_preset=\u00a0\u00bbdefault\u00a0\u00bb global_colors_info=\u00a0\u00bb{}\u00a0\u00bb][et_pb_video src=\u00a0\u00bbhttps:\/\/www.youtube.com\/watch?v=yEddzLp1IgY\u00a0\u00bb _builder_version=\u00a0\u00bb4.27.4&Prime; _module_preset=\u00a0\u00bbdefault\u00a0\u00bb border_radii=\u00a0\u00bbon|10px|10px|10px|10px\u00a0\u00bb global_colors_info=\u00a0\u00bb{}\u00a0\u00bb][\/et_pb_video][\/et_pb_column][\/et_pb_row][\/et_pb_section]<\/p>\n","protected":false},"excerpt":{"rendered":"<p>La randonn\u00e9e d\u00e9bute au ch\u00e2teau de Compi\u00e8gne. Pour une distance d&rsquo;environ 15 km et 4 heures. Vous avez un parking entre l\u2019hippodrome et le ch\u00e2teau, utilisez l\u2019entr\u00e9e en face pour p\u00e9n\u00e9trer dans le parc (n\u00b01 sur le plan). En entrant dans le parc, suivez \u00e0 gauche pour passer devant le ch\u00e2teau, ensuite continuez par la [&hellip;]<\/p>\n","protected":false},"author":1,"featured_media":0,"parent":0,"menu_order":0,"comment_status":"closed","ping_status":"closed","template":"","meta":{"_seopress_robots_primary_cat":"","_seopress_titles_title":"For\u00eat de Compi\u00e8gne : balade et randonn\u00e9e en vid\u00e9o","_seopress_titles_desc":"For\u00eat de Compi\u00e8gne. La randonn\u00e9e d\u00e9bute au ch\u00e2teau de Compi\u00e8gne. Pour une distance d'environ 15 km et 4 heures.","_seopress_robots_index":"","_et_pb_use_builder":"on","_et_pb_old_content":"","_et_gb_content_width":"","footnotes":""},"class_list":["post-539","page","type-page","status-publish","hentry"],"_links":{"self":[{"href":"https:\/\/voyaphil.com\/en\/wp-json\/wp\/v2\/pages\/539","targetHints":{"allow":["GET"]}}],"collection":[{"href":"https:\/\/voyaphil.com\/en\/wp-json\/wp\/v2\/pages"}],"about":[{"href":"https:\/\/voyaphil.com\/en\/wp-json\/wp\/v2\/types\/page"}],"author":[{"embeddable":true,"href":"https:\/\/voyaphil.com\/en\/wp-json\/wp\/v2\/users\/1"}],"replies":[{"embeddable":true,"href":"https:\/\/voyaphil.com\/en\/wp-json\/wp\/v2\/comments?post=539"}],"version-history":[{"count":5,"href":"https:\/\/voyaphil.com\/en\/wp-json\/wp\/v2\/pages\/539\/revisions"}],"predecessor-version":[{"id":3058,"href":"https:\/\/voyaphil.com\/en\/wp-json\/wp\/v2\/pages\/539\/revisions\/3058"}],"wp:attachment":[{"href":"https:\/\/voyaphil.com\/en\/wp-json\/wp\/v2\/media?parent=539"}],"curies":[{"name":"wp","href":"https:\/\/api.w.org\/{rel}","templated":true}]}}