{"id":842,"date":"2025-08-30T23:03:20","date_gmt":"2025-08-30T23:03:20","guid":{"rendered":"https:\/\/voyaphil.com\/?page_id=842"},"modified":"2025-12-05T16:53:45","modified_gmt":"2025-12-05T16:53:45","slug":"laguardia","status":"publish","type":"page","link":"https:\/\/voyaphil.com\/en\/laguardia\/","title":{"rendered":"Laguardia"},"content":{"rendered":"<p>[et_pb_section fb_built=\u00a0\u00bb1&Prime; _builder_version=\u00a0\u00bb4.27.4&Prime; _module_preset=\u00a0\u00bbdefault\u00a0\u00bb background_image=\u00a0\u00bbhttps:\/\/voyaphil.com\/wp-content\/uploads\/2025\/08\/Village-de-Laguardia-1.webp\u00a0\u00bb global_colors_info=\u00a0\u00bb{}\u00a0\u00bb][et_pb_row column_structure=\u00a0\u00bb1_2,1_2&Prime; _builder_version=\u00a0\u00bb4.27.4&Prime; _module_preset=\u00a0\u00bbdefault\u00a0\u00bb global_colors_info=\u00a0\u00bb{}\u00a0\u00bb][et_pb_column type=\u00a0\u00bb1_2&Prime; _builder_version=\u00a0\u00bb4.27.4&Prime; _module_preset=\u00a0\u00bbdefault\u00a0\u00bb global_colors_info=\u00a0\u00bb{}\u00a0\u00bb][et_pb_heading title=\u00a0\u00bbLaguardia\u00a0\u00bb _builder_version=\u00a0\u00bb4.27.4&Prime; _module_preset=\u00a0\u00bbdefault\u00a0\u00bb title_font=\u00a0\u00bbPlayfair Display||||||||\u00a0\u00bb title_text_align=\u00a0\u00bbright\u00a0\u00bb title_text_color=\u00a0\u00bb#FFFFFF\u00a0\u00bb title_text_shadow_style=\u00a0\u00bbpreset2&Prime; global_colors_info=\u00a0\u00bb{}\u00a0\u00bb][\/et_pb_heading][\/et_pb_column][et_pb_column type=\u00a0\u00bb1_2&Prime; _builder_version=\u00a0\u00bb4.27.4&Prime; _module_preset=\u00a0\u00bbdefault\u00a0\u00bb global_colors_info=\u00a0\u00bb{}\u00a0\u00bb][et_pb_image src=\u00a0\u00bbhttps:\/\/voyaphil.com\/wp-content\/uploads\/2025\/08\/Espagne.gif\u00a0\u00bb title_text=\u00a0\u00bbEspagne\u00a0\u00bb _builder_version=\u00a0\u00bb4.27.4&Prime; _module_preset=\u00a0\u00bbdefault\u00a0\u00bb global_colors_info=\u00a0\u00bb{}\u00a0\u00bb][\/et_pb_image][\/et_pb_column][\/et_pb_row][et_pb_row _builder_version=\u00a0\u00bb4.27.4&Prime; _module_preset=\u00a0\u00bbdefault\u00a0\u00bb custom_padding=\u00a0\u00bb72px|||||\u00a0\u00bb global_colors_info=\u00a0\u00bb{}\u00a0\u00bb][et_pb_column type=\u00a0\u00bb4_4&Prime; _builder_version=\u00a0\u00bb4.27.4&Prime; _module_preset=\u00a0\u00bbdefault\u00a0\u00bb global_colors_info=\u00a0\u00bb{}\u00a0\u00bb][et_pb_heading title=\u00a0\u00bbBienvenue \u00e0 Laguardia\u00a0\u00bb _builder_version=\u00a0\u00bb4.27.4&Prime; _module_preset=\u00a0\u00bbdefault\u00a0\u00bb title_level=\u00a0\u00bbh2&Prime; title_font=\u00a0\u00bbPlayfair Display||||||||\u00a0\u00bb title_text_align=\u00a0\u00bbcenter\u00a0\u00bb title_text_color=\u00a0\u00bb#FFFFFF\u00a0\u00bb title_text_shadow_style=\u00a0\u00bbpreset2&Prime; global_colors_info=\u00a0\u00bb{}\u00a0\u00bb][\/et_pb_heading][\/et_pb_column][\/et_pb_row][\/et_pb_section][et_pb_section fb_built=\u00a0\u00bb1&Prime; _builder_version=\u00a0\u00bb4.27.4&Prime; _module_preset=\u00a0\u00bbdefault\u00a0\u00bb custom_padding=\u00a0\u00bb||8px|||\u00a0\u00bb global_colors_info=\u00a0\u00bb{}\u00a0\u00bb][et_pb_row column_structure=\u00a0\u00bb1_2,1_2&Prime; _builder_version=\u00a0\u00bb4.27.4&Prime; _module_preset=\u00a0\u00bbdefault\u00a0\u00bb global_colors_info=\u00a0\u00bb{}\u00a0\u00bb][et_pb_column type=\u00a0\u00bb1_2&Prime; _builder_version=\u00a0\u00bb4.27.4&Prime; _module_preset=\u00a0\u00bbdefault\u00a0\u00bb global_colors_info=\u00a0\u00bb{}\u00a0\u00bb][et_pb_text _builder_version=\u00a0\u00bb4.27.4&Prime; _module_preset=\u00a0\u00bbdefault\u00a0\u00bb text_orientation=\u00a0\u00bbjustified\u00a0\u00bb global_colors_info=\u00a0\u00bb{}\u00a0\u00bb]<\/p>\n<p><b>Laguardia, nich\u00e9e dans la Rioja Alavesa, est l&rsquo;une des cit\u00e9s les plus charmantes de la r\u00e9gion. Elle est reconnue internationalement pour ses vins et est le berceau de Samaniego, un illustre auteur de fables. La Rioja Alavesa jouit d&rsquo;un climat id\u00e9al pour la viticulture, ce qui lui conf\u00e8re une r\u00e9putation m\u00e9rit\u00e9e. Laguardia est aussi une zone arch\u00e9ologique foisonnante, abritant des vestiges pal\u00e9olithiques, romains et m\u00e9di\u00e9vaux. La vieille ville de Laguardia est ceinte de remparts \u00e9rig\u00e9s au d\u00e9but du XIIIe si\u00e8cle. Parmi les lieux dignes d&rsquo;int\u00e9r\u00eat, on compte l&rsquo;\u00e9glise Santa Mar\u00eda de los Reyes et le mus\u00e9e du village de La Hoya. Profitez pleinement de votre s\u00e9jour dans cette ville pittoresque !<\/b><\/p>\n<p>[\/et_pb_text][\/et_pb_column][et_pb_column type=\u00a0\u00bb1_2&Prime; _builder_version=\u00a0\u00bb4.27.4&Prime; _module_preset=\u00a0\u00bbdefault\u00a0\u00bb global_colors_info=\u00a0\u00bb{}\u00a0\u00bb][et_pb_code _builder_version=\u00a0\u00bb4.27.4&Prime; _module_preset=\u00a0\u00bbdefault\u00a0\u00bb global_colors_info=\u00a0\u00bb{}\u00a0\u00bb]<iframe src=\"https:\/\/www.google.com\/maps\/embed?pb=!1m18!1m12!1m3!1d11756.385669101559!2d-2.589944763153563!3d42.55324553880803!2m3!1f0!2f0!3f0!3m2!1i1024!2i768!4f13.1!3m3!1m2!1s0xd4ff8572f8df239%3A0xfd5c4c3e6e8a84e8!2s01300%20Laguardia%2C%20Alava%2C%20Espagne!5e0!3m2!1sfr!2sfr!4v1756594643394!5m2!1sfr!2sfr\" width=\"600\" height=\"450\" style=\"border:0;\" allowfullscreen=\"\" loading=\"lazy\" referrerpolicy=\"no-referrer-when-downgrade\"><\/iframe>[\/et_pb_code][\/et_pb_column][\/et_pb_row][\/et_pb_section][et_pb_section fb_built=\u00a0\u00bb1&Prime; _builder_version=\u00a0\u00bb4.27.4&Prime; _module_preset=\u00a0\u00bbdefault\u00a0\u00bb custom_padding=\u00a0\u00bb10px||11px|||\u00a0\u00bb global_colors_info=\u00a0\u00bb{}\u00a0\u00bb][et_pb_row _builder_version=\u00a0\u00bb4.27.4&Prime; _module_preset=\u00a0\u00bbdefault\u00a0\u00bb custom_padding=\u00a0\u00bb||10px|||\u00a0\u00bb global_colors_info=\u00a0\u00bb{}\u00a0\u00bb][et_pb_column type=\u00a0\u00bb4_4&Prime; _builder_version=\u00a0\u00bb4.27.4&Prime; _module_preset=\u00a0\u00bbdefault\u00a0\u00bb global_colors_info=\u00a0\u00bb{}\u00a0\u00bb][et_pb_divider divider_weight=\u00a0\u00bb4px\u00a0\u00bb _builder_version=\u00a0\u00bb4.27.4&Prime; _module_preset=\u00a0\u00bbdefault\u00a0\u00bb global_colors_info=\u00a0\u00bb{}\u00a0\u00bb][\/et_pb_divider][\/et_pb_column][\/et_pb_row][\/et_pb_section][et_pb_section fb_built=\u00a0\u00bb1&Prime; _builder_version=\u00a0\u00bb4.27.4&Prime; _module_preset=\u00a0\u00bbdefault\u00a0\u00bb custom_padding=\u00a0\u00bb||9px|||\u00a0\u00bb global_colors_info=\u00a0\u00bb{}\u00a0\u00bb][et_pb_row column_structure=\u00a0\u00bb1_4,3_4&Prime; _builder_version=\u00a0\u00bb4.27.4&Prime; _module_preset=\u00a0\u00bbdefault\u00a0\u00bb global_colors_info=\u00a0\u00bb{}\u00a0\u00bb][et_pb_column type=\u00a0\u00bb1_4&Prime; _builder_version=\u00a0\u00bb4.27.4&Prime; _module_preset=\u00a0\u00bbdefault\u00a0\u00bb global_colors_info=\u00a0\u00bb{}\u00a0\u00bb][et_pb_image src=\u00a0\u00bbhttps:\/\/voyaphil.com\/wp-content\/uploads\/2025\/08\/Randonneur.gif\u00a0\u00bb title_text=\u00a0\u00bbRandonneur\u00a0\u00bb align=\u00a0\u00bbcenter\u00a0\u00bb _builder_version=\u00a0\u00bb4.27.4&Prime; _module_preset=\u00a0\u00bbdefault\u00a0\u00bb global_colors_info=\u00a0\u00bb{}\u00a0\u00bb][\/et_pb_image][\/et_pb_column][et_pb_column type=\u00a0\u00bb3_4&Prime; _builder_version=\u00a0\u00bb4.27.4&Prime; _module_preset=\u00a0\u00bbdefault\u00a0\u00bb global_colors_info=\u00a0\u00bb{}\u00a0\u00bb][et_pb_heading title=\u00a0\u00bb\u00c0 voir \u00e0 Laguardia :\u00a0\u00bb _builder_version=\u00a0\u00bb4.27.4&Prime; _module_preset=\u00a0\u00bbdefault\u00a0\u00bb title_level=\u00a0\u00bbh3&Prime; title_font=\u00a0\u00bbPlayfair Display||||||||\u00a0\u00bb global_colors_info=\u00a0\u00bb{}\u00a0\u00bb][\/et_pb_heading][et_pb_text _builder_version=\u00a0\u00bb4.27.4&Prime; _module_preset=\u00a0\u00bbdefault\u00a0\u00bb global_colors_info=\u00a0\u00bb{}\u00a0\u00bb]<\/p>\n<ul>\n<li><b><i><span style=\"color: #3366ff;\">Eglise Santa Maria de los Reyes<\/span><span>\u00a0<\/span>:\u00a0<\/i>L\u2019\u00e9glise Santa Mar\u00eda de los Reyes, situ\u00e9e dans la zone nord de Laguardia, a commenc\u00e9 \u00e0 \u00eatre construite \u00e0 la fin du XIIe si\u00e8cle dans un style roman. Cependant, le temple a \u00e9t\u00e9 achev\u00e9 au XVe si\u00e8cle, ce qui signifie qu\u2019il comprend des \u00e9l\u00e9ments gothiques, renaissants et m\u00eame baroques en raison des reconstructions ult\u00e9rieures.Voici quelques d\u00e9tails suppl\u00e9mentaires sur cette \u00e9glise fascinante :<\/b>\n<ul>\n<li><b><span>Plan architectural<\/span><span>\u00a0<\/span>: L\u2019\u00e9glise poss\u00e8de un plan basilical \u00e0 trois nefs de trois vaisseaux. Le chevet se termine par une abside semi-circulaire \u00e0 l\u2019int\u00e9rieur et polygonale \u00e0 l\u2019ext\u00e9rieur.<\/b><\/li>\n<li><b><span>Style architectural<\/span><span>\u00a0<\/span>: Les premiers vestiges artistiques remontent au d\u00e9but du XIIe si\u00e8cle, caract\u00e9ris\u00e9s par des arcs aveugles et des bandeaux lombards sur les murs ext\u00e9rieurs. Au fil du temps, des \u00e9l\u00e9ments romans, gothiques et renaissants ont \u00e9t\u00e9 ajout\u00e9s, refl\u00e9tant les diff\u00e9rentes \u00e9poques de construction.<\/b><\/li>\n<li><b><span>Vo\u00fbtes<\/span><span>\u00a0<\/span>: Les vo\u00fbtes des nefs sont des vo\u00fbtes sur crois\u00e9e d\u2019ogives avec des tiercerons. La trav\u00e9e centrale du transept pr\u00e9sente une vo\u00fbte de style renaissance avec des statues, dont le relief du P\u00e8re \u00c9ternel. Les deux autres trav\u00e9es du transept ont des vo\u00fbtes gothiques r\u00e9alis\u00e9es de mani\u00e8re trap\u00e9zo\u00efdale, cr\u00e9ant l\u2019effet de vo\u00fbtes \u00e9toil\u00e9es avec des cl\u00e9s tr\u00e8s d\u00e9velopp\u00e9es.<\/b><\/li>\n<\/ul>\n<p><b>L\u2019\u00e9glise Santa Mar\u00eda de los Reyes est un t\u00e9moignage remarquable de l\u2019histoire architecturale et artistique de la r\u00e9gion. Si vous avez l\u2019occasion de la visiter, prenez le temps d\u2019admirer ses d\u00e9tails et son atmosph\u00e8re charg\u00e9e d\u2019histoire.<\/b><\/li>\n<li><b><i><span style=\"color: #3366ff;\"><em>Centre th\u00e9matique du vin Villa Luc\u00eda<\/em><\/span><span>\u00a0<\/span>:<span>\u00a0<\/span><\/i>Le Centre Th\u00e9matique du Vin Villa Luc\u00eda, situ\u00e9 \u00e0 Laguardia en Espagne, est un lieu novateur et captivant con\u00e7u pour c\u00e9l\u00e9brer, savourer et partager la culture du vin. Voici quelques d\u00e9tails sur ce centre fascinant :<\/b>\n<ul>\n<li><b><span>Emplacement<\/span><span>\u00a0<\/span>: Le centre est install\u00e9 dans l\u2019ancienne maison secondaire du fabuliste Samaniego \u00e0 Laguardia.<\/b><\/li>\n<li><b><span>Installations<\/span><span>\u00a0<\/span>: Il dispose de plusieurs espaces, dont des salles de r\u00e9union, une biblioth\u00e8que, une vinoth\u00e8que et une cave-mus\u00e9e.<\/b><\/li>\n<li><b><span>Exp\u00e9rience interactive<\/span><span>\u00a0<\/span>: Lors de la visite, les visiteurs d\u00e9couvrent tout le processus d\u2019\u00e9laboration du vin \u00e0 travers des d\u00e9gustations virtuelles, des jeux, et bien plus encore.<\/b><\/li>\n<li><b><span>Cours de d\u00e9gustation et gymkhanas gastronomiques<\/span><span>\u00a0<\/span>: Tout au long de l\u2019ann\u00e9e, des cours de d\u00e9gustation et des activit\u00e9s ludiques sont propos\u00e9s aux amateurs de vin.<\/b><\/li>\n<li><b><span>Certification Equalitas Vitae<\/span><span>\u00a0<\/span>: Le Centre Th\u00e9matique du Vin de Villa Luc\u00eda est le premier \u00e9tablissement de sa cat\u00e9gorie \u00e0 \u00eatre certifi\u00e9 Equalitas Vitae, garantissant une accessibilit\u00e9 totale.<\/b><\/li>\n<li><b><span>Appartenance au R\u00e9seau des Mus\u00e9es Oenograstronomiques d\u2019Euskadi<\/span><span>\u00a0<\/span>: Ce mus\u00e9e fait partie d\u2019un r\u00e9seau d\u00e9di\u00e9 \u00e0 la gastronomie et \u00e0 l\u2019\u0153nologie.<\/b><\/li>\n<\/ul>\n<p><b><span>Horaires d\u2019ouverture<\/span><span>\u00a0<\/span>:<\/b><\/p>\n<ul>\n<li><b>Du mardi au dimanche : de 10h00 \u00e0 20h00<\/b><\/li>\n<li><b>Heures de visite guid\u00e9e : 11h00, 12h30, 17h00 et 19h00<\/b><\/li>\n<li><b>Ferm\u00e9 le dimanche apr\u00e8s-midi et le lundi.<\/b><\/li>\n<\/ul>\n<p><b>Pour plus d\u2019informations pratiques, vous pouvez consulter le site officiel du Centre Th\u00e9matique du Vin Villa Luc\u00eda 13. Profitez de cette exp\u00e9rience immersive pour explorer l\u2019univers viticole de la r\u00e9gion !<\/b><\/li>\n<li><b><i><span style=\"color: #3366ff;\">Site arch\u00e9ologique de la Hoya Amelibia<\/span><span>\u00a0<\/span>:<span>\u00a0<\/span><\/i>Le site arch\u00e9ologique de la Hoya a \u00e9t\u00e9 d\u00e9couvert en 1935 dans la banlieue de Laguardia. Selon des \u00e9tudes r\u00e9alis\u00e9es, cette zone a \u00e9t\u00e9 occup\u00e9e par l\u2019homme il y a plus de 3400 ans. La ville, d\u2019une superficie de 4 hectares, fut un important centre commercial \u00e0 l\u2019\u00e2ge de Bronze.Actuellement, dans le mus\u00e9e situ\u00e9 \u00e0 c\u00f4t\u00e9 des ruines, on conserve et expose de nombreux objets trouv\u00e9s dans ce lieu : vaisselle, assiettes, objets de d\u00e9coration, etc. Le site est un t\u00e9moin fascinant de l\u2019histoire ancienne de la r\u00e9gion.Si vous souhaitez visiter le site arch\u00e9ologique de la Hoya, voici quelques informations utiles :<\/b>\n<ul>\n<li><b>Adresse: Site arch\u00e9ologique de la Hoya, La Hoya, s\/n, 01300 Laguardia.<\/b><\/li>\n<li><b>Horaires d\u2019ouverture sous r\u00e9serve de modification :<\/b><\/li>\n<li>\n<ul>\n<li><b>Hiver: Du mardi au samedi de 11h00 \u00e0 15h00, les dimanches de 11h00 \u00e0 14h00.<\/b><\/li>\n<li><b>\u00c9t\u00e9: Du mardi au samedi de 11h00 \u00e0 14h00 et de 16h00 \u00e0 19h00, le dimanche de 11h00 \u00e0 14h00.<\/b><\/li>\n<\/ul>\n<\/li>\n<\/ul>\n<p><b>Le mus\u00e9e du site arch\u00e9ologique de La Hoya, construit en 1996, compl\u00e8te la visite du site lui-m\u00eame. La collection du mus\u00e9e refl\u00e8te la vie, l\u2019environnement et les coutumes des habitants qui ont peupl\u00e9 ce territoire entre 1200 et 250 av. J.-C.. Vous y trouverez des panneaux, des maquettes, des photographies et des vid\u00e9os pour mieux comprendre cette p\u00e9riode de l\u2019histoire.<\/b><\/li>\n<li><b><i><span style=\"color: #3366ff;\">Bodega Ysios<\/span><span>\u00a0<\/span>:<span>\u00a0<\/span><\/i>Bodegas Ysios est un lieu o\u00f9 l\u2019on cultive des connexions singuli\u00e8res. Ils capturent l\u2019expression la plus unique du terroir de la Rioja Alavesa en explorant les secrets des sols calcaires de leurs vignobles. Chaque d\u00e9tail est soigneusement pris en compte, depuis la s\u00e9lection manuelle des meilleurs raisins jusqu\u2019\u00e0 la vinification avant-gardiste. C\u2019est ce lien personnel avec chaque parcelle et la singularit\u00e9 du paysage environnant qui r\u00e9v\u00e8le l\u2019exceptionnel de Ysios.<\/b><\/li>\n<li><b><i><span style=\"color: #3366ff;\">Bodega Casa Primicia<\/span><span>\u00a0<\/span>:<span>\u00a0<\/span><\/i>La Casa Primicia est le plus ancien b\u00e2timent civil de la ville m\u00e9di\u00e9vale de Laguardia. Depuis le XVe si\u00e8cle, elle a \u00e9t\u00e9 la premi\u00e8re cave de la Rioja Alavesa. En visitant la Casa Primicia, vous d\u00e9couvrirez l\u2019histoire authentique du vin dans la r\u00e9gion et serez \u00e9merveill\u00e9 par ses incroyables caves creus\u00e9es il y a 900 ans, o\u00f9 sont pr\u00e9serv\u00e9s ses secrets les mieux gard\u00e9s : ses vins.<\/b><\/li>\n<li><b><i><span style=\"color: #3366ff;\">Bodega El Fabulista<\/span><span>\u00a0<\/span>:<span>\u00a0<\/span><\/i>La Bodega El Fabulista est un tr\u00e9sor viticole situ\u00e9 au c\u0153ur de Laguardia, la capitale de la Rioja Alavesa. Cette bodega historique se trouve \u00e0 sept m\u00e8tres sous terre, sous un palais du XVIIe si\u00e8cle, dans le centre du village m\u00e9di\u00e9val de Laguardia. C\u2019est un lieu sp\u00e9cial o\u00f9 le prestigieux \u00e9crivain de fables F\u00e9lix Mar\u00eda de Samaniego a v\u00e9cu autrefois.\u00c0 l\u2019int\u00e9rieur des murs, El Fabulista est l\u2019une des plus grandes et spectaculaires caves souterraines de Laguardia. C\u2019est \u00e9galement l\u2019une des rares o\u00f9 le vin est encore \u00e9labor\u00e9 de mani\u00e8re traditionnelle et artisanale, en utilisant la m\u00e9thode de mac\u00e9ration carbonique. La bodega propose cinq vins distincts de la Rioja Alavesa, chacun associ\u00e9 \u00e0 une fable diff\u00e9rente de F\u00e9lix Mar\u00eda Samaniego. Ces vins uniques sont \u00e9lev\u00e9s en f\u00fbts de ch\u00eane am\u00e9ricain et\/ou fran\u00e7ais, avec des \u00e9tiquettes g\u00e9n\u00e9riques de la D.O. Ca. Rioja. \u00c0 vous de choisir votre pr\u00e9f\u00e9r\u00e9.<\/b><\/li>\n<li><b><i><span style=\"color: #3366ff;\">Entrevinas y Olivos<\/span><span>\u00a0<\/span>:<span>\u00a0<\/span><\/i>Entrevi\u00f1as y Olivos est un bar-vinoteca situ\u00e9 dans une maison du XVIIIe si\u00e8cle, o\u00f9 vous pourrez d\u00e9guster les vins de la r\u00e9gion, ainsi que des pintxos et des rations soigneusement s\u00e9lectionn\u00e9es. Leur sp\u00e9cialit\u00e9 est les tostas, avec pas moins de 11 vari\u00e9t\u00e9s. Imaginez-vous savourant ces d\u00e9lices dans un cadre aussi authentique !<\/b><\/li>\n<\/ul>\n<p>[\/et_pb_text][\/et_pb_column][\/et_pb_row][\/et_pb_section][et_pb_section fb_built=\u00a0\u00bb1&Prime; _builder_version=\u00a0\u00bb4.27.4&Prime; _module_preset=\u00a0\u00bbdefault\u00a0\u00bb custom_padding=\u00a0\u00bb9px||11px|||\u00a0\u00bb global_colors_info=\u00a0\u00bb{}\u00a0\u00bb][et_pb_row _builder_version=\u00a0\u00bb4.27.4&Prime; _module_preset=\u00a0\u00bbdefault\u00a0\u00bb custom_padding=\u00a0\u00bb||6px|||\u00a0\u00bb global_colors_info=\u00a0\u00bb{}\u00a0\u00bb][et_pb_column type=\u00a0\u00bb4_4&Prime; _builder_version=\u00a0\u00bb4.27.4&Prime; _module_preset=\u00a0\u00bbdefault\u00a0\u00bb global_colors_info=\u00a0\u00bb{}\u00a0\u00bb][et_pb_divider divider_weight=\u00a0\u00bb4px\u00a0\u00bb _builder_version=\u00a0\u00bb4.27.4&Prime; _module_preset=\u00a0\u00bbdefault\u00a0\u00bb global_colors_info=\u00a0\u00bb{}\u00a0\u00bb][\/et_pb_divider][\/et_pb_column][\/et_pb_row][\/et_pb_section][et_pb_section fb_built=\u00a0\u00bb1&Prime; _builder_version=\u00a0\u00bb4.27.4&Prime; _module_preset=\u00a0\u00bbdefault\u00a0\u00bb global_colors_info=\u00a0\u00bb{}\u00a0\u00bb][et_pb_row _builder_version=\u00a0\u00bb4.27.4&Prime; _module_preset=\u00a0\u00bbdefault\u00a0\u00bb global_colors_info=\u00a0\u00bb{}\u00a0\u00bb][et_pb_column type=\u00a0\u00bb4_4&Prime; _builder_version=\u00a0\u00bb4.27.4&Prime; _module_preset=\u00a0\u00bbdefault\u00a0\u00bb global_colors_info=\u00a0\u00bb{}\u00a0\u00bb][et_pb_video src=\u00a0\u00bbhttps:\/\/www.youtube.com\/watch?v=-IPOod3wgck\u00a0\u00bb _builder_version=\u00a0\u00bb4.27.4&Prime; _module_preset=\u00a0\u00bbdefault\u00a0\u00bb border_radii=\u00a0\u00bbon|10px|10px|10px|10px\u00a0\u00bb global_colors_info=\u00a0\u00bb{}\u00a0\u00bb][\/et_pb_video][\/et_pb_column][\/et_pb_row][\/et_pb_section]<\/p>\n","protected":false},"excerpt":{"rendered":"<p>Laguardia, nich\u00e9e dans la Rioja Alavesa, est l&rsquo;une des cit\u00e9s les plus charmantes de la r\u00e9gion. Elle est reconnue internationalement pour ses vins et est le berceau de Samaniego, un illustre auteur de fables. La Rioja Alavesa jouit d&rsquo;un climat id\u00e9al pour la viticulture, ce qui lui conf\u00e8re une r\u00e9putation m\u00e9rit\u00e9e. Laguardia est aussi une [&hellip;]<\/p>\n","protected":false},"author":1,"featured_media":0,"parent":0,"menu_order":0,"comment_status":"closed","ping_status":"closed","template":"","meta":{"_seopress_robots_primary_cat":"","_seopress_titles_title":"Laguardia : cit\u00e9 fortifi\u00e9e et tr\u00e9sor viticole en vid\u00e9o immersive","_seopress_titles_desc":"Laguardia : r\u00e9cit et vid\u00e9o d\u2019une cit\u00e9 m\u00e9di\u00e9vale au c\u0153ur des vignobles de la Rioja, entre histoire et saveurs.","_seopress_robots_index":"","_et_pb_use_builder":"on","_et_pb_old_content":"","_et_gb_content_width":"","footnotes":""},"class_list":["post-842","page","type-page","status-publish","hentry"],"_links":{"self":[{"href":"https:\/\/voyaphil.com\/en\/wp-json\/wp\/v2\/pages\/842","targetHints":{"allow":["GET"]}}],"collection":[{"href":"https:\/\/voyaphil.com\/en\/wp-json\/wp\/v2\/pages"}],"about":[{"href":"https:\/\/voyaphil.com\/en\/wp-json\/wp\/v2\/types\/page"}],"author":[{"embeddable":true,"href":"https:\/\/voyaphil.com\/en\/wp-json\/wp\/v2\/users\/1"}],"replies":[{"embeddable":true,"href":"https:\/\/voyaphil.com\/en\/wp-json\/wp\/v2\/comments?post=842"}],"version-history":[{"count":4,"href":"https:\/\/voyaphil.com\/en\/wp-json\/wp\/v2\/pages\/842\/revisions"}],"predecessor-version":[{"id":3121,"href":"https:\/\/voyaphil.com\/en\/wp-json\/wp\/v2\/pages\/842\/revisions\/3121"}],"wp:attachment":[{"href":"https:\/\/voyaphil.com\/en\/wp-json\/wp\/v2\/media?parent=842"}],"curies":[{"name":"wp","href":"https:\/\/api.w.org\/{rel}","templated":true}]}}