{"id":850,"date":"2025-08-30T23:21:17","date_gmt":"2025-08-30T23:21:17","guid":{"rendered":"https:\/\/voyaphil.com\/?page_id=850"},"modified":"2025-12-05T18:24:11","modified_gmt":"2025-12-05T18:24:11","slug":"monastere-de-veruela","status":"publish","type":"page","link":"https:\/\/voyaphil.com\/en\/monastere-de-veruela\/","title":{"rendered":"Veruela Monastery"},"content":{"rendered":"<p>[et_pb_section fb_built=\u00a0\u00bb1&Prime; _builder_version=\u00a0\u00bb4.27.4&Prime; _module_preset=\u00a0\u00bbdefault\u00a0\u00bb background_image=\u00a0\u00bbhttps:\/\/voyaphil.com\/wp-content\/uploads\/2025\/08\/Le-Monastere-de-Veruela-en-Espagne.webp\u00a0\u00bb global_colors_info=\u00a0\u00bb{}\u00a0\u00bb][et_pb_row column_structure=\u00a0\u00bb1_2,1_2&Prime; _builder_version=\u00a0\u00bb4.27.4&Prime; _module_preset=\u00a0\u00bbdefault\u00a0\u00bb global_colors_info=\u00a0\u00bb{}\u00a0\u00bb][et_pb_column type=\u00a0\u00bb1_2&Prime; _builder_version=\u00a0\u00bb4.27.4&Prime; _module_preset=\u00a0\u00bbdefault\u00a0\u00bb global_colors_info=\u00a0\u00bb{}\u00a0\u00bb][et_pb_heading title=\u00a0\u00bbMonast\u00e8re de Veruela\u00a0\u00bb _builder_version=\u00a0\u00bb4.27.4&Prime; _module_preset=\u00a0\u00bbdefault\u00a0\u00bb title_font=\u00a0\u00bbPlayfair Display||||||||\u00a0\u00bb title_text_align=\u00a0\u00bbright\u00a0\u00bb title_text_color=\u00a0\u00bb#FFFFFF\u00a0\u00bb title_text_shadow_style=\u00a0\u00bbpreset2&Prime; global_colors_info=\u00a0\u00bb{}\u00a0\u00bb][\/et_pb_heading][\/et_pb_column][et_pb_column type=\u00a0\u00bb1_2&Prime; _builder_version=\u00a0\u00bb4.27.4&Prime; _module_preset=\u00a0\u00bbdefault\u00a0\u00bb global_colors_info=\u00a0\u00bb{}\u00a0\u00bb][et_pb_image src=\u00a0\u00bbhttps:\/\/voyaphil.com\/wp-content\/uploads\/2025\/08\/Espagne.gif\u00a0\u00bb title_text=\u00a0\u00bbEspagne\u00a0\u00bb _builder_version=\u00a0\u00bb4.27.4&Prime; _module_preset=\u00a0\u00bbdefault\u00a0\u00bb global_colors_info=\u00a0\u00bb{}\u00a0\u00bb][\/et_pb_image][\/et_pb_column][\/et_pb_row][et_pb_row _builder_version=\u00a0\u00bb4.27.4&Prime; _module_preset=\u00a0\u00bbdefault\u00a0\u00bb global_colors_info=\u00a0\u00bb{}\u00a0\u00bb][et_pb_column type=\u00a0\u00bb4_4&Prime; _builder_version=\u00a0\u00bb4.27.4&Prime; _module_preset=\u00a0\u00bbdefault\u00a0\u00bb global_colors_info=\u00a0\u00bb{}\u00a0\u00bb][et_pb_heading title=\u00a0\u00bbBienvenue au Monast\u00e8re de Veruela :\u00a0\u00bb _builder_version=\u00a0\u00bb4.27.4&Prime; _module_preset=\u00a0\u00bbdefault\u00a0\u00bb title_level=\u00a0\u00bbh2&Prime; title_font=\u00a0\u00bbPlayfair Display||||||||\u00a0\u00bb title_text_align=\u00a0\u00bbcenter\u00a0\u00bb title_text_color=\u00a0\u00bb#FFFFFF\u00a0\u00bb title_text_shadow_style=\u00a0\u00bbpreset2&Prime; global_colors_info=\u00a0\u00bb{}\u00a0\u00bb][\/et_pb_heading][\/et_pb_column][\/et_pb_row][\/et_pb_section][et_pb_section fb_built=\u00a0\u00bb1&Prime; _builder_version=\u00a0\u00bb4.27.4&Prime; _module_preset=\u00a0\u00bbdefault\u00a0\u00bb custom_padding=\u00a0\u00bb||8px|||\u00a0\u00bb global_colors_info=\u00a0\u00bb{}\u00a0\u00bb][et_pb_row column_structure=\u00a0\u00bb1_2,1_2&Prime; _builder_version=\u00a0\u00bb4.27.4&Prime; _module_preset=\u00a0\u00bbdefault\u00a0\u00bb global_colors_info=\u00a0\u00bb{}\u00a0\u00bb][et_pb_column type=\u00a0\u00bb1_2&Prime; _builder_version=\u00a0\u00bb4.27.4&Prime; _module_preset=\u00a0\u00bbdefault\u00a0\u00bb global_colors_info=\u00a0\u00bb{}\u00a0\u00bb][et_pb_text _builder_version=\u00a0\u00bb4.27.4&Prime; _module_preset=\u00a0\u00bbdefault\u00a0\u00bb text_orientation=\u00a0\u00bbjustified\u00a0\u00bb global_colors_info=\u00a0\u00bb{}\u00a0\u00bb]<\/p>\n<p><b>Le monast\u00e8re de Veruela, \u00e9galement connu sous le nom de<span>\u00a0<\/span><em>Real Monasterio de Santa Mar\u00eda de Veruela<\/em>, est une abbaye cistercienne datant du XIIe si\u00e8cle. Situ\u00e9 pr\u00e8s de Vera de Moncayo, dans la province de Saragosse, en Aragon, en Espagne, il a \u00e9t\u00e9 fond\u00e9 en 1146 par Pedro de Atar\u00e9s.<\/b><\/p>\n<div><b>Ce monast\u00e8re est un t\u00e9moignage historique des conflits de guerre m\u00e9di\u00e9vaux dans la r\u00e9gion d\u2019Aragon. Les moines cisterciens ont enrichi la r\u00e9gion non seulement sur le plan spirituel et culturel, mais aussi \u00e9conomique et politique. La pri\u00e8re et le travail \u00e9taient les piliers de leur vie, et ils ont d\u00e9velopp\u00e9 un vaste r\u00e9seau de foss\u00e9s, de barrages et de moulins gr\u00e2ce \u00e0 leur expertise dans la gestion des ressources en eau. La construction du monast\u00e8re a commenc\u00e9 en 1145, et il a fallu 250 ans pour achever l\u2019\u00e9glise, qui poss\u00e8de des dimensions de cath\u00e9drale. Le clo\u00eetre gothique levantin, les chapiteaux d\u00e9cor\u00e9s de plantes et d\u2019autres d\u00e9pendances t\u00e9moignent de la vie des cisterciens \u00e0 Veruela.Le monast\u00e8re de Veruela a \u00e9t\u00e9 abandonn\u00e9 en 1835, mais il reste un lieu charg\u00e9 d\u2019histoire et d\u2019inspiration, notamment pour les fr\u00e8res Gustavo Adolfo et Valeriano B\u00e9cquer qui y ont s\u00e9journ\u00e9.<\/b><\/div>\n<div><b>Ce lieu a \u00e9galement inspir\u00e9 Gustavo Adolfo B\u00e9cquer, qui y a \u00e9crit les \u00ab Lettres de ma cellule \u00bb.<\/b><\/div>\n<div><b>Aujourd\u2019hui, le monast\u00e8re est ouvert aux visiteurs toute l\u2019ann\u00e9e. Vous pourrez explorer les diff\u00e9rentes salles, du r\u00e9fectoire \u00e0 la chambre des moines, et vous impr\u00e9gner de l\u2019histoire et de la beaut\u00e9 de ce lieu exceptionnel. Si vous avez l\u2019occasion de visiter, je vous encourage \u00e0 le faire.<\/b><\/div>\n<p>[\/et_pb_text][\/et_pb_column][et_pb_column type=\u00a0\u00bb1_2&Prime; _builder_version=\u00a0\u00bb4.27.4&Prime; _module_preset=\u00a0\u00bbdefault\u00a0\u00bb global_colors_info=\u00a0\u00bb{}\u00a0\u00bb][et_pb_code _builder_version=\u00a0\u00bb4.27.4&Prime; _module_preset=\u00a0\u00bbdefault\u00a0\u00bb global_colors_info=\u00a0\u00bb{}\u00a0\u00bb]<iframe src=\"https:\/\/www.google.com\/maps\/embed?pb=!1m18!1m12!1m3!1d2973.7478889144495!2d-1.6956764225863492!3d41.81219117124916!2m3!1f0!2f0!3f0!3m2!1i1024!2i768!4f13.1!3m3!1m2!1s0xd5bae088fffffff%3A0x38137ba0badde4e4!2sMonasterio%20de%20Veruela!5e0!3m2!1sfr!2sfr!4v1756595689118!5m2!1sfr!2sfr\" width=\"600\" height=\"450\" style=\"border:0;\" allowfullscreen=\"\" loading=\"lazy\" referrerpolicy=\"no-referrer-when-downgrade\"><\/iframe>[\/et_pb_code][\/et_pb_column][\/et_pb_row][\/et_pb_section][et_pb_section fb_built=\u00a0\u00bb1&Prime; _builder_version=\u00a0\u00bb4.27.4&Prime; _module_preset=\u00a0\u00bbdefault\u00a0\u00bb custom_padding=\u00a0\u00bb6px||12px|||\u00a0\u00bb global_colors_info=\u00a0\u00bb{}\u00a0\u00bb][et_pb_row _builder_version=\u00a0\u00bb4.27.4&Prime; _module_preset=\u00a0\u00bbdefault\u00a0\u00bb custom_padding=\u00a0\u00bb||11px|||\u00a0\u00bb global_colors_info=\u00a0\u00bb{}\u00a0\u00bb][et_pb_column type=\u00a0\u00bb4_4&Prime; _builder_version=\u00a0\u00bb4.27.4&Prime; _module_preset=\u00a0\u00bbdefault\u00a0\u00bb global_colors_info=\u00a0\u00bb{}\u00a0\u00bb][et_pb_divider divider_weight=\u00a0\u00bb4px\u00a0\u00bb _builder_version=\u00a0\u00bb4.27.4&Prime; _module_preset=\u00a0\u00bbdefault\u00a0\u00bb global_colors_info=\u00a0\u00bb{}\u00a0\u00bb][\/et_pb_divider][\/et_pb_column][\/et_pb_row][\/et_pb_section][et_pb_section fb_built=\u00a0\u00bb1&Prime; _builder_version=\u00a0\u00bb4.27.4&Prime; _module_preset=\u00a0\u00bbdefault\u00a0\u00bb custom_padding=\u00a0\u00bb||12px|||\u00a0\u00bb global_colors_info=\u00a0\u00bb{}\u00a0\u00bb][et_pb_row column_structure=\u00a0\u00bb1_4,3_4&Prime; _builder_version=\u00a0\u00bb4.27.4&Prime; _module_preset=\u00a0\u00bbdefault\u00a0\u00bb global_colors_info=\u00a0\u00bb{}\u00a0\u00bb][et_pb_column type=\u00a0\u00bb1_4&Prime; _builder_version=\u00a0\u00bb4.27.4&Prime; _module_preset=\u00a0\u00bbdefault\u00a0\u00bb global_colors_info=\u00a0\u00bb{}\u00a0\u00bb][et_pb_image src=\u00a0\u00bbhttps:\/\/voyaphil.com\/wp-content\/uploads\/2025\/08\/Randonneur.gif\u00a0\u00bb title_text=\u00a0\u00bbRandonneur\u00a0\u00bb align=\u00a0\u00bbcenter\u00a0\u00bb _builder_version=\u00a0\u00bb4.27.4&Prime; _module_preset=\u00a0\u00bbdefault\u00a0\u00bb global_colors_info=\u00a0\u00bb{}\u00a0\u00bb][\/et_pb_image][\/et_pb_column][et_pb_column type=\u00a0\u00bb3_4&Prime; _builder_version=\u00a0\u00bb4.27.4&Prime; _module_preset=\u00a0\u00bbdefault\u00a0\u00bb global_colors_info=\u00a0\u00bb{}\u00a0\u00bb][et_pb_heading title=\u00a0\u00bb\u00c0 voir au Monast\u00e8re de Veruela :\u00a0\u00bb _builder_version=\u00a0\u00bb4.27.4&Prime; _module_preset=\u00a0\u00bbdefault\u00a0\u00bb title_level=\u00a0\u00bbh3&Prime; title_font=\u00a0\u00bbPlayfair Display||||||||\u00a0\u00bb global_colors_info=\u00a0\u00bb{}\u00a0\u00bb][\/et_pb_heading][et_pb_text _builder_version=\u00a0\u00bb4.27.4&Prime; _module_preset=\u00a0\u00bbdefault\u00a0\u00bb global_colors_info=\u00a0\u00bb{}\u00a0\u00bb]<\/p>\n<p><!--StartFragment --><\/p>\n<p>Le <strong>Monast\u00e8re de Veruela<\/strong>, nich\u00e9 au pied du Moncayo dans la province de Saragosse, est un v\u00e9ritable tr\u00e9sor cistercien du XIIe si\u00e8cle. Voici tout ce qu\u2019il y a \u00e0 d\u00e9couvrir :<\/p>\n<p>\ud83c\udff0 Architecture et espaces monastiques<\/p>\n<ul>\n<li><strong>L\u2019\u00e9glise abbatiale<\/strong> : sobre mais majestueuse, elle a mis 250 ans \u00e0 \u00eatre construite. Elle impressionne par ses dimensions proches d\u2019une cath\u00e9drale.<\/li>\n<li><strong>Le clo\u00eetre gothique levantin<\/strong> : orn\u00e9 de chapiteaux v\u00e9g\u00e9taux typiques de l\u2019art cistercien.<\/li>\n<li><strong>La salle capitulaire<\/strong> : lieu de d\u00e9cision et de m\u00e9ditation, aujourd\u2019hui peupl\u00e9e de tombes silencieuses.<\/li>\n<li><strong>Le r\u00e9fectoire<\/strong> : les moines y mangeaient en silence pendant qu\u2019un lecteur r\u00e9citait des textes sacr\u00e9s.<\/li>\n<li><strong>Le scriptorium<\/strong> : o\u00f9 les moines copiaient et illustraient des manuscrits.<\/li>\n<li><strong>Le calefactorium<\/strong> : pi\u00e8ce chauff\u00e9e pour les moines \u00e2g\u00e9s, rare dans les monast\u00e8res cisterciens.<\/li>\n<\/ul>\n<p>\ud83c\udf3f Espaces ext\u00e9rieurs<\/p>\n<ul>\n<li><strong>Le jardin de pierre<\/strong> : un havre de paix entour\u00e9 des d\u00e9pendances monastiques.<\/li>\n<li><strong>Le mur d\u2019enceinte<\/strong> : long d\u2019un kilom\u00e8tre, il prot\u00e9geait tout un microcosme autosuffisant avec moulin, eau et potager.<\/li>\n<li><strong>La promenade arbor\u00e9e<\/strong> : m\u00e8ne \u00e0 l\u2019entr\u00e9e du monast\u00e8re, parfaite pour se mettre dans l\u2019ambiance.<\/li>\n<\/ul>\n<p>\ud83d\udcda Culture et histoire<\/p>\n<ul>\n<li><strong>Mus\u00e9e du Vin<\/strong> : d\u00e9di\u00e9 \u00e0 la D.O. Campo de Borja, il propose une immersion sensorielle dans l\u2019univers viticole.<\/li>\n<li><strong>Expositions temporaires<\/strong> : souvent li\u00e9es \u00e0 l\u2019art, \u00e0 la nature ou \u00e0 l\u2019histoire locale.<\/li>\n<li><strong>M\u00e9moire de Gustavo Adolfo B\u00e9cquer<\/strong> : le c\u00e9l\u00e8bre po\u00e8te romantique y s\u00e9journa en 1863 et y \u00e9crivit ses <em>Lettres depuis sa cellule<\/em>.<\/li>\n<\/ul>\n<p>\ud83c\udfb6 Activit\u00e9s et \u00e9v\u00e9nements<\/p>\n<ul>\n<li>Concerts, conf\u00e9rences, ateliers et visites guid\u00e9es sont r\u00e9guli\u00e8rement organis\u00e9s, dans un cadre propice \u00e0 la contemplation et \u00e0 la culture.<\/li>\n<\/ul>\n<p><!--EndFragment --><\/p>\n<p>[\/et_pb_text][\/et_pb_column][\/et_pb_row][\/et_pb_section][et_pb_section fb_built=\u00a0\u00bb1&Prime; _builder_version=\u00a0\u00bb4.27.4&Prime; _module_preset=\u00a0\u00bbdefault\u00a0\u00bb custom_padding=\u00a0\u00bb12px||10px|||\u00a0\u00bb global_colors_info=\u00a0\u00bb{}\u00a0\u00bb][et_pb_row _builder_version=\u00a0\u00bb4.27.4&Prime; _module_preset=\u00a0\u00bbdefault\u00a0\u00bb custom_padding=\u00a0\u00bb||10px|||\u00a0\u00bb global_colors_info=\u00a0\u00bb{}\u00a0\u00bb][et_pb_column type=\u00a0\u00bb4_4&Prime; _builder_version=\u00a0\u00bb4.27.4&Prime; _module_preset=\u00a0\u00bbdefault\u00a0\u00bb global_colors_info=\u00a0\u00bb{}\u00a0\u00bb][et_pb_divider divider_weight=\u00a0\u00bb4px\u00a0\u00bb _builder_version=\u00a0\u00bb4.27.4&Prime; _module_preset=\u00a0\u00bbdefault\u00a0\u00bb global_colors_info=\u00a0\u00bb{}\u00a0\u00bb][\/et_pb_divider][\/et_pb_column][\/et_pb_row][\/et_pb_section][et_pb_section fb_built=\u00a0\u00bb1&Prime; _builder_version=\u00a0\u00bb4.27.4&Prime; _module_preset=\u00a0\u00bbdefault\u00a0\u00bb global_colors_info=\u00a0\u00bb{}\u00a0\u00bb][et_pb_row _builder_version=\u00a0\u00bb4.27.4&Prime; _module_preset=\u00a0\u00bbdefault\u00a0\u00bb global_colors_info=\u00a0\u00bb{}\u00a0\u00bb][et_pb_column type=\u00a0\u00bb4_4&Prime; _builder_version=\u00a0\u00bb4.27.4&Prime; _module_preset=\u00a0\u00bbdefault\u00a0\u00bb global_colors_info=\u00a0\u00bb{}\u00a0\u00bb][et_pb_video src=\u00a0\u00bbhttps:\/\/www.youtube.com\/watch?v=jsD9zfpIjrg\u00a0\u00bb _builder_version=\u00a0\u00bb4.27.4&Prime; _module_preset=\u00a0\u00bbdefault\u00a0\u00bb border_radii=\u00a0\u00bbon|10px|10px|10px|10px\u00a0\u00bb global_colors_info=\u00a0\u00bb{}\u00a0\u00bb][\/et_pb_video][\/et_pb_column][\/et_pb_row][\/et_pb_section]<\/p>\n","protected":false},"excerpt":{"rendered":"<p>Le monast\u00e8re de Veruela, \u00e9galement connu sous le nom de\u00a0Real Monasterio de Santa Mar\u00eda de Veruela, est une abbaye cistercienne datant du XIIe si\u00e8cle. Situ\u00e9 pr\u00e8s de Vera de Moncayo, dans la province de Saragosse, en Aragon, en Espagne, il a \u00e9t\u00e9 fond\u00e9 en 1146 par Pedro de Atar\u00e9s. Ce monast\u00e8re est un t\u00e9moignage historique [&hellip;]<\/p>\n","protected":false},"author":1,"featured_media":0,"parent":0,"menu_order":0,"comment_status":"closed","ping_status":"closed","template":"","meta":{"_seopress_robots_primary_cat":"","_seopress_titles_title":"Monast\u00e8re de Veruela : joyau cistercien r\u00e9v\u00e9l\u00e9 en vid\u00e9o","_seopress_titles_desc":"Monast\u00e8re de Veruela : r\u00e9cit et vid\u00e9o d\u2019un lieu embl\u00e9matique, o\u00f9 patrimoine et nature se rencontrent.","_seopress_robots_index":"","_et_pb_use_builder":"on","_et_pb_old_content":"","_et_gb_content_width":"","footnotes":""},"class_list":["post-850","page","type-page","status-publish","hentry"],"_links":{"self":[{"href":"https:\/\/voyaphil.com\/en\/wp-json\/wp\/v2\/pages\/850","targetHints":{"allow":["GET"]}}],"collection":[{"href":"https:\/\/voyaphil.com\/en\/wp-json\/wp\/v2\/pages"}],"about":[{"href":"https:\/\/voyaphil.com\/en\/wp-json\/wp\/v2\/types\/page"}],"author":[{"embeddable":true,"href":"https:\/\/voyaphil.com\/en\/wp-json\/wp\/v2\/users\/1"}],"replies":[{"embeddable":true,"href":"https:\/\/voyaphil.com\/en\/wp-json\/wp\/v2\/comments?post=850"}],"version-history":[{"count":5,"href":"https:\/\/voyaphil.com\/en\/wp-json\/wp\/v2\/pages\/850\/revisions"}],"predecessor-version":[{"id":3141,"href":"https:\/\/voyaphil.com\/en\/wp-json\/wp\/v2\/pages\/850\/revisions\/3141"}],"wp:attachment":[{"href":"https:\/\/voyaphil.com\/en\/wp-json\/wp\/v2\/media?parent=850"}],"curies":[{"name":"wp","href":"https:\/\/api.w.org\/{rel}","templated":true}]}}