{"id":867,"date":"2025-08-31T00:14:50","date_gmt":"2025-08-31T00:14:50","guid":{"rendered":"https:\/\/voyaphil.com\/?page_id=867"},"modified":"2025-12-04T22:58:17","modified_gmt":"2025-12-04T22:58:17","slug":"gaztelugatxe","status":"publish","type":"page","link":"https:\/\/voyaphil.com\/en\/gaztelugatxe\/","title":{"rendered":"Gaztelugatxe"},"content":{"rendered":"<p>[et_pb_section fb_built=\u00a0\u00bb1&Prime; _builder_version=\u00a0\u00bb4.27.4&Prime; _module_preset=\u00a0\u00bbdefault\u00a0\u00bb background_image=\u00a0\u00bbhttps:\/\/voyaphil.com\/wp-content\/uploads\/2025\/08\/Site-de-Gaztelugatxe-en-Espagne.webp\u00a0\u00bb global_colors_info=\u00a0\u00bb{}\u00a0\u00bb][et_pb_row column_structure=\u00a0\u00bb1_2,1_2&Prime; _builder_version=\u00a0\u00bb4.27.4&Prime; _module_preset=\u00a0\u00bbdefault\u00a0\u00bb global_colors_info=\u00a0\u00bb{}\u00a0\u00bb][et_pb_column type=\u00a0\u00bb1_2&Prime; _builder_version=\u00a0\u00bb4.27.4&Prime; _module_preset=\u00a0\u00bbdefault\u00a0\u00bb global_colors_info=\u00a0\u00bb{}\u00a0\u00bb][et_pb_heading title=\u00a0\u00bbGaztelugatxe\u00a0\u00bb _builder_version=\u00a0\u00bb4.27.4&Prime; _module_preset=\u00a0\u00bbdefault\u00a0\u00bb title_font=\u00a0\u00bbPlayfair Display||||||||\u00a0\u00bb title_text_align=\u00a0\u00bbright\u00a0\u00bb title_text_color=\u00a0\u00bb#FFFFFF\u00a0\u00bb title_text_shadow_style=\u00a0\u00bbpreset2&Prime; global_colors_info=\u00a0\u00bb{}\u00a0\u00bb][\/et_pb_heading][\/et_pb_column][et_pb_column type=\u00a0\u00bb1_2&Prime; _builder_version=\u00a0\u00bb4.27.4&Prime; _module_preset=\u00a0\u00bbdefault\u00a0\u00bb global_colors_info=\u00a0\u00bb{}\u00a0\u00bb][et_pb_image src=\u00a0\u00bbhttps:\/\/voyaphil.com\/wp-content\/uploads\/2025\/08\/Espagne.gif\u00a0\u00bb title_text=\u00a0\u00bbEspagne\u00a0\u00bb _builder_version=\u00a0\u00bb4.27.4&Prime; _module_preset=\u00a0\u00bbdefault\u00a0\u00bb global_colors_info=\u00a0\u00bb{}\u00a0\u00bb][\/et_pb_image][\/et_pb_column][\/et_pb_row][et_pb_row _builder_version=\u00a0\u00bb4.27.4&Prime; _module_preset=\u00a0\u00bbdefault\u00a0\u00bb custom_margin=\u00a0\u00bb211px|auto||auto||\u00a0\u00bb global_colors_info=\u00a0\u00bb{}\u00a0\u00bb][et_pb_column type=\u00a0\u00bb4_4&Prime; _builder_version=\u00a0\u00bb4.27.4&Prime; _module_preset=\u00a0\u00bbdefault\u00a0\u00bb global_colors_info=\u00a0\u00bb{}\u00a0\u00bb][et_pb_heading title=\u00a0\u00bbBienvenue \u00e0 Gaztelugatxe\u00a0\u00bb _builder_version=\u00a0\u00bb4.27.4&Prime; _module_preset=\u00a0\u00bbdefault\u00a0\u00bb title_level=\u00a0\u00bbh2&Prime; title_font=\u00a0\u00bbPlayfair Display||||||||\u00a0\u00bb title_text_align=\u00a0\u00bbcenter\u00a0\u00bb title_text_color=\u00a0\u00bb#FFFFFF\u00a0\u00bb title_text_shadow_style=\u00a0\u00bbpreset2&Prime; global_colors_info=\u00a0\u00bb{}\u00a0\u00bb][\/et_pb_heading][\/et_pb_column][\/et_pb_row][\/et_pb_section][et_pb_section fb_built=\u00a0\u00bb1&Prime; _builder_version=\u00a0\u00bb4.27.4&Prime; _module_preset=\u00a0\u00bbdefault\u00a0\u00bb custom_padding=\u00a0\u00bb||11px|||\u00a0\u00bb global_colors_info=\u00a0\u00bb{}\u00a0\u00bb][et_pb_row column_structure=\u00a0\u00bb1_2,1_2&Prime; _builder_version=\u00a0\u00bb4.27.4&Prime; _module_preset=\u00a0\u00bbdefault\u00a0\u00bb global_colors_info=\u00a0\u00bb{}\u00a0\u00bb][et_pb_column type=\u00a0\u00bb1_2&Prime; _builder_version=\u00a0\u00bb4.27.4&Prime; _module_preset=\u00a0\u00bbdefault\u00a0\u00bb global_colors_info=\u00a0\u00bb{}\u00a0\u00bb][et_pb_text _builder_version=\u00a0\u00bb4.27.4&Prime; _module_preset=\u00a0\u00bbdefault\u00a0\u00bb global_colors_info=\u00a0\u00bb{}\u00a0\u00bb]<\/p>\n<p><b>Gaztelugatxe est un \u00eelot spectaculaire situ\u00e9 sur la c\u00f4te basque espagnole, dans la province de Biscaye, pr\u00e8s de Bermeo. Il est connu pour son paysage unique, son atmosph\u00e8re mystique et son histoire riche. Voici quelques caract\u00e9ristiques cl\u00e9s de cet endroit enchanteur :<\/p>\n<p><span><span style=\"color: #3366ff;\"><em>Description g\u00e9ographique<\/em><\/span> :<\/span><\/p>\n<p><\/b><\/p>\n<ul>\n<li><b><span>Situation\u00a0<\/span>: Gaztelugatxe est reli\u00e9 au continent par un \u00e9troit pont en pierre. L&rsquo;\u00eelot est entour\u00e9 par les eaux tumultueuses de la mer Cantabrique, ce qui ajoute \u00e0 son charme sauvage.<\/b><\/li>\n<li><b><span>Relief\u00a0<\/span>: Le site est marqu\u00e9 par des falaises abruptes et un chemin sinueux compos\u00e9 de 241 marches (bien que certains disent qu&rsquo;il y en ait plus !) menant \u00e0 son sommet.\u00a0<\/b><\/li>\n<\/ul>\n<p><b><span><span style=\"color: #3366ff;\"><em>Attractions principales<\/em><\/span> :<\/span><\/p>\n<p><\/b><\/p>\n<ol>\n<li><b><span>L&rsquo;Ermitage de San Juan\u00a0<\/span>:<\/b>\n<ul>\n<li><b>Au sommet de l&rsquo;\u00eelot se trouve une petite chapelle d\u00e9di\u00e9e \u00e0 San Juan Bautista (Saint Jean-Baptiste). Selon la l\u00e9gende, le saint aurait pos\u00e9 le pied sur cet endroit.<\/b><\/li>\n<li><b>L&rsquo;ermitage remonte au 9e ou 10e si\u00e8cle, bien qu&rsquo;il ait \u00e9t\u00e9 reconstruit plusieurs fois \u00e0 cause de guerres et d&rsquo;incendies.<\/b><\/li>\n<li><b>Les visiteurs suivent la tradition de sonner la cloche trois fois pour faire un v\u0153u.<\/b><\/li>\n<\/ul>\n<\/li>\n<li><b><span>Le Chemin des escaliers<\/span><span>\u00a0<\/span>:<\/b>\n<ul>\n<li><b>Le sentier qui relie le rivage \u00e0 l&rsquo;ermitage est une aventure en soi. Il serpente \u00e0 travers le pont, offrant des panoramas \u00e0 couper le souffle.<\/b><\/li>\n<li><b>Ce chemin symbolise souvent un p\u00e8lerinage spirituel ou une qu\u00eate personnelle.\u00a0<\/b><\/li>\n<\/ul>\n<\/li>\n<\/ol>\n<p><b><span><span style=\"color: #3366ff;\"><em>Flore et faune<\/em><\/span> :<\/span><\/p>\n<p><\/b><\/p>\n<ul>\n<li><b>Les falaises et les eaux environnantes sont riches en biodiversit\u00e9. Les visiteurs peuvent apercevoir des oiseaux marins, comme les mouettes et les cormorans, ainsi qu\u2019une flore typique des milieux c\u00f4tiers.\u00a0<\/b><\/li>\n<\/ul>\n<p><b><span><span style=\"color: #3366ff;\"><em>Culture et l\u00e9gendes<\/em><\/span> :<\/span><\/p>\n<p><\/b><\/p>\n<ul>\n<li><b><span>Origine du nom<\/span><span>\u00a0<\/span>: \u00ab\u00a0Gaztelugatxe\u00a0\u00bb signifie litt\u00e9ralement \u00ab\u00a0rocher du ch\u00e2teau\u00a0\u00bb en basque, ce qui renvoie \u00e0 son apparence et \u00e0 son histoire.<\/b><\/li>\n<li><b><span>L\u00e9gende locale<\/span><span>\u00a0<\/span>: On dit que le diable a \u00e9t\u00e9 vaincu \u00e0 Gaztelugatxe, et que l\u2019endroit est donc consid\u00e9r\u00e9 comme un lieu protecteur contre les mauvais esprits.<\/b><\/li>\n<li><b>Le site est aussi li\u00e9 \u00e0 des r\u00e9cits de p\u00eacheurs et de naufrag\u00e9s qui trouvaient refuge dans l&rsquo;ermitage.\u00a0<\/b><\/li>\n<\/ul>\n<p><b><span><span style=\"color: #3366ff;\"><em>Acc\u00e8s et tourisme<\/em><\/span> :<\/span><\/p>\n<p><\/b><\/p>\n<ul>\n<li><b><span>Localisation<\/span><span>\u00a0<\/span>: \u00c0 environ 35 km de Bilbao, Gaztelugatxe est facilement accessible en voiture ou par des circuits touristiques.<\/b><\/li>\n<li><b><span>Fait populaire\u00a0<\/span>: L\u2019\u00eelot a gagn\u00e9 une renomm\u00e9e internationale apr\u00e8s avoir \u00e9t\u00e9 utilis\u00e9 comme d\u00e9cor dans la s\u00e9rie Game of Thrones, o\u00f9 il repr\u00e9sentait Dragonstone.<\/b><\/li>\n<\/ul>\n<p><b>C&rsquo;est un lieu \u00e0 la fois spirituel, naturel et historique, qui offre une exp\u00e9rience inoubliable \u00e0 ses visiteurs.<\/b><\/p>\n<div><b><span>Attention<\/span><span>\u00a0<\/span>: En haute saison, l&rsquo;acc\u00e8s est limit\u00e9 en nombre de visiteurs, vous devez vous inscrire avec un horaire de passage.<\/b><\/div>\n<p>[\/et_pb_text][\/et_pb_column][et_pb_column type=\u00a0\u00bb1_2&Prime; _builder_version=\u00a0\u00bb4.27.4&Prime; _module_preset=\u00a0\u00bbdefault\u00a0\u00bb global_colors_info=\u00a0\u00bb{}\u00a0\u00bb][et_pb_code _builder_version=\u00a0\u00bb4.27.4&Prime; _module_preset=\u00a0\u00bbdefault\u00a0\u00bb global_colors_info=\u00a0\u00bb{}\u00a0\u00bb]<iframe src=\"https:\/\/www.google.com\/maps\/embed?pb=!1m18!1m12!1m3!1d23173.21061716558!2d-2.805599485512136!3d43.44699760119254!2m3!1f0!2f0!3f0!3m2!1i1024!2i768!4f13.1!3m3!1m2!1s0xd4e4003af0b451d%3A0xa03f81fdc5ea65be!2sGaztelugatxe!5e0!3m2!1sfr!2sfr!4v1756599154849!5m2!1sfr!2sfr\" width=\"600\" height=\"450\" style=\"border:0;\" allowfullscreen=\"\" loading=\"lazy\" referrerpolicy=\"no-referrer-when-downgrade\"><\/iframe>[\/et_pb_code][\/et_pb_column][\/et_pb_row][\/et_pb_section][et_pb_section fb_built=\u00a0\u00bb1&Prime; _builder_version=\u00a0\u00bb4.27.4&Prime; _module_preset=\u00a0\u00bbdefault\u00a0\u00bb custom_padding=\u00a0\u00bb15px||13px|||\u00a0\u00bb global_colors_info=\u00a0\u00bb{}\u00a0\u00bb][et_pb_row _builder_version=\u00a0\u00bb4.27.4&Prime; _module_preset=\u00a0\u00bbdefault\u00a0\u00bb custom_padding=\u00a0\u00bb||7px|||\u00a0\u00bb global_colors_info=\u00a0\u00bb{}\u00a0\u00bb][et_pb_column type=\u00a0\u00bb4_4&Prime; _builder_version=\u00a0\u00bb4.27.4&Prime; _module_preset=\u00a0\u00bbdefault\u00a0\u00bb global_colors_info=\u00a0\u00bb{}\u00a0\u00bb][et_pb_divider divider_weight=\u00a0\u00bb4px\u00a0\u00bb _builder_version=\u00a0\u00bb4.27.4&Prime; _module_preset=\u00a0\u00bbdefault\u00a0\u00bb global_colors_info=\u00a0\u00bb{}\u00a0\u00bb][\/et_pb_divider][\/et_pb_column][\/et_pb_row][et_pb_row _builder_version=\u00a0\u00bb4.27.4&Prime; _module_preset=\u00a0\u00bbdefault\u00a0\u00bb][et_pb_column _builder_version=\u00a0\u00bb4.27.4&Prime; _module_preset=\u00a0\u00bbdefault\u00a0\u00bb type=\u00a0\u00bb4_4&Prime;][et_pb_heading title=\u00a0\u00bbGaztelugatxe en vid\u00e9o\u00a0\u00bb _builder_version=\u00a0\u00bb4.27.4&Prime; _module_preset=\u00a0\u00bbdefault\u00a0\u00bb title_level=\u00a0\u00bbh3&Prime; title_font=\u00a0\u00bbPlayfair Display||||||||\u00a0\u00bb title_text_align=\u00a0\u00bbcenter\u00a0\u00bb hover_enabled=\u00a0\u00bb0&Prime; sticky_enabled=\u00a0\u00bb0&Prime;][\/et_pb_heading][\/et_pb_column][\/et_pb_row][\/et_pb_section][et_pb_section fb_built=\u00a0\u00bb1&Prime; _builder_version=\u00a0\u00bb4.27.4&Prime; _module_preset=\u00a0\u00bbdefault\u00a0\u00bb global_colors_info=\u00a0\u00bb{}\u00a0\u00bb][et_pb_row _builder_version=\u00a0\u00bb4.27.4&Prime; _module_preset=\u00a0\u00bbdefault\u00a0\u00bb global_colors_info=\u00a0\u00bb{}\u00a0\u00bb][et_pb_column type=\u00a0\u00bb4_4&Prime; _builder_version=\u00a0\u00bb4.27.4&Prime; _module_preset=\u00a0\u00bbdefault\u00a0\u00bb global_colors_info=\u00a0\u00bb{}\u00a0\u00bb][et_pb_video src=\u00a0\u00bbhttps:\/\/www.youtube.com\/watch?v=trmkn14B1JM\u00a0\u00bb _builder_version=\u00a0\u00bb4.27.4&Prime; _module_preset=\u00a0\u00bbdefault\u00a0\u00bb border_radii=\u00a0\u00bbon|10px|10px|10px|10px\u00a0\u00bb global_colors_info=\u00a0\u00bb{}\u00a0\u00bb][\/et_pb_video][\/et_pb_column][\/et_pb_row][\/et_pb_section]<\/p>\n","protected":false},"excerpt":{"rendered":"<p>Gaztelugatxe est un \u00eelot spectaculaire situ\u00e9 sur la c\u00f4te basque espagnole, dans la province de Biscaye, pr\u00e8s de Bermeo. Il est connu pour son paysage unique, son atmosph\u00e8re mystique et son histoire riche. Voici quelques caract\u00e9ristiques cl\u00e9s de cet endroit enchanteur : Description g\u00e9ographique : Situation\u00a0: Gaztelugatxe est reli\u00e9 au continent par un \u00e9troit pont [&hellip;]<\/p>\n","protected":false},"author":1,"featured_media":0,"parent":0,"menu_order":0,"comment_status":"closed","ping_status":"closed","template":"","meta":{"_seopress_robots_primary_cat":"","_seopress_titles_title":"Gaztelugatxe, Espagne : site spectaculaire r\u00e9v\u00e9l\u00e9 en vid\u00e9o","_seopress_titles_desc":"Gaztelugatxe, Espagne : r\u00e9cits et vid\u00e9o de ce lieu unique, entre patrimoine religieux et beaut\u00e9 naturelle du littoral basque.","_seopress_robots_index":"","_et_pb_use_builder":"on","_et_pb_old_content":"","_et_gb_content_width":"","footnotes":""},"class_list":["post-867","page","type-page","status-publish","hentry"],"_links":{"self":[{"href":"https:\/\/voyaphil.com\/en\/wp-json\/wp\/v2\/pages\/867","targetHints":{"allow":["GET"]}}],"collection":[{"href":"https:\/\/voyaphil.com\/en\/wp-json\/wp\/v2\/pages"}],"about":[{"href":"https:\/\/voyaphil.com\/en\/wp-json\/wp\/v2\/types\/page"}],"author":[{"embeddable":true,"href":"https:\/\/voyaphil.com\/en\/wp-json\/wp\/v2\/users\/1"}],"replies":[{"embeddable":true,"href":"https:\/\/voyaphil.com\/en\/wp-json\/wp\/v2\/comments?post=867"}],"version-history":[{"count":4,"href":"https:\/\/voyaphil.com\/en\/wp-json\/wp\/v2\/pages\/867\/revisions"}],"predecessor-version":[{"id":3067,"href":"https:\/\/voyaphil.com\/en\/wp-json\/wp\/v2\/pages\/867\/revisions\/3067"}],"wp:attachment":[{"href":"https:\/\/voyaphil.com\/en\/wp-json\/wp\/v2\/media?parent=867"}],"curies":[{"name":"wp","href":"https:\/\/api.w.org\/{rel}","templated":true}]}}